{"id":12469,"date":"2022-04-18T20:37:55","date_gmt":"2022-04-18T17:37:55","guid":{"rendered":"https:\/\/www.prografik.club\/demo\/pro-firma-v1\/?page_id=12469"},"modified":"2022-04-25T15:33:54","modified_gmt":"2022-04-25T12:33:54","slug":"kanal-tipi-fanlar","status":"publish","type":"page","link":"https:\/\/www.klimatopturkey.com\/en\/venbreeze\/urunler\/fanlar\/kanal-tipi-fanlar\/","title":{"rendered":"Kanal Tipi Fanlar"},"content":{"rendered":"<p>[vc_row equal_height=&#8221;yes&#8221; css=&#8221;.vc_custom_1650287729458{margin-top: 50px !important;margin-bottom: 80px !important;}&#8221;][vc_column responsive_align=&#8221;text-center&#8221;]<style>.ld_portfolio_listing_6a04f3ddc36a6 .lqd-pf-overlay-bg{background:rgba(255, 255, 255, 0.6);}.ld_portfolio_listing_6a04f3ddc36a6 .lqd-pf-details h2{font-size:14px;}.ld_portfolio_listing_6a04f3ddc36a6 .liquid-filter-items{margin-bottom:50px;}.ld_portfolio_listing_6a04f3ddc36a6 .lqd-pf-details p{color:rgb(255, 0, 0);}.ld_portfolio_listing_6a04f3ddc36a6 .lqd-pf-details a{color:rgb(255, 0, 0);}.ld_portfolio_listing_6a04f3ddc36a6 .grid-6a04f3ddcee74{margin-inline-start:-10px;margin-inline-end:-10px;}.ld_portfolio_listing_6a04f3ddc36a6 .grid-6a04f3ddcee74 .masonry-item{padding-inline-start:10px;padding-inline-end:10px;}.ld_portfolio_listing_6a04f3ddc36a6 .carousel-item{padding-inline-start:10px;padding-inline-end:10px;}.ld_portfolio_listing_6a04f3ddc36a6 .carousel-nav{padding-inline-start:calc(10px - 13px);padding-inline-end:calc(10px - 13px);}.ld_portfolio_listing_6a04f3ddc36a6 .grid-6a04f3ddcee74 .lqd-pf-item{margin-bottom:25px;}<\/style><div class=\"lqd-pf-grid ld_portfolio_listing_6a04f3ddc36a6\"><div id=\"grid-6a04f3ddcee74\" class=\"lqd-pf-row row d-flex flex-wrap grid-6a04f3ddcee74\" data-liquid-masonry=\"true\" data-masonry-options='{ \"layoutMode\": \"packery\" }' ><div class=\"lqd-pf-column col-md-4 col-sm-6 col-xs-12 col-sm-6 col-xs-12 masonry-item kanal-tipi-fanlar\">\n\n\t<article id=\"post-12568\" class=\"lqd-pf-item lqd-pf-item-style-6 border-radius-6 p-3 pt-4 lqd-pf-color-custom post-12568 liquid-portfolio type-liquid-portfolio status-publish format-standard has-post-thumbnail hentry liquid-portfolio-category-kanal-tipi-fanlar\">\n\t\t<div class=\"lqd-pf-item-inner\">\n\n\t\t\t<div class=\"lqd-pf-img mb-3 pos-rel border-radius-10 overflow-hidden\">\n\t\t\t\t<figure>\n\t\t\t\t\t<figure ><img loading=\"lazy\" decoding=\"async\" width=\"748\" height=\"512\" src=\"https:\/\/www.klimatopturkey.com\/en\/wp-content\/uploads\/2022\/04\/vdf-dikdortgen-kanal-tipi-cover-748x512.png\" class=\"w-100 wp-post-image\" alt=\"\" \/><\/figure>\t\t\t\t<\/figure>\n\t\t\t\t<span class=\"lqd-pf-overlay-bg lqd-overlay d-flex align-items-center justify-content-center\">\n\t\t\t\t<\/span>\n\t\t\t<\/div>\n\n\t\t\t<div class=\"lqd-pf-details\">\n\t\t\t\t<div class=\"d-flex justify-content-between\">\n\t\t\t\t\t\t\t\t\t\t<h2 class=\"lqd-pf-title mt-0 align-items-center \">Dikd\u00f6rtgen Kanal Tipi Fanlar<\/h2>\t\t\t\t\t\t\t\t\t<\/div>\n\t\t\t\t<ul class=\"reset-ul inline-nav lqd-pf-cat d-inline-flex pos-rel z-index-2 w-100\"><li><a href=\"https:\/\/www.klimatopturkey.com\/en\/urunler\/kanal-tipi-fanlar\/\">Kanal Tipi Fanlar<\/a><\/li><\/ul>\t\t\t<\/div>\n\n\t\t\t<a href=\"https:\/\/www.klimatopturkey.com\/en\/urunler\/vdf-dikdortgen-kanal-tipi-fanlar\/\"  class=\"lqd-overlay lqd-pf-overlay-link lqd-cc-label-trigger\"><\/a>\n\t\t<\/div>\n\t<\/article>\n\n<\/div><div class=\"lqd-pf-column col-md-4 col-sm-6 col-xs-12 col-sm-6 col-xs-12 masonry-item kanal-tipi-fanlar\">\n\n\t<article id=\"post-12569\" class=\"lqd-pf-item lqd-pf-item-style-6 border-radius-6 p-3 pt-4 lqd-pf-color-custom post-12569 liquid-portfolio type-liquid-portfolio status-publish format-standard has-post-thumbnail hentry liquid-portfolio-category-kanal-tipi-fanlar\">\n\t\t<div class=\"lqd-pf-item-inner\">\n\n\t\t\t<div class=\"lqd-pf-img mb-3 pos-rel border-radius-10 overflow-hidden\">\n\t\t\t\t<figure>\n\t\t\t\t\t<figure ><img loading=\"lazy\" decoding=\"async\" width=\"748\" height=\"512\" src=\"https:\/\/www.klimatopturkey.com\/en\/wp-content\/uploads\/2022\/04\/vdf-ec-dikdortgen-cover-748x512.png\" class=\"w-100 wp-post-image\" alt=\"\" \/><\/figure>\t\t\t\t<\/figure>\n\t\t\t\t<span class=\"lqd-pf-overlay-bg lqd-overlay d-flex align-items-center justify-content-center\">\n\t\t\t\t<\/span>\n\t\t\t<\/div>\n\n\t\t\t<div class=\"lqd-pf-details\">\n\t\t\t\t<div class=\"d-flex justify-content-between\">\n\t\t\t\t\t\t\t\t\t\t<h2 class=\"lqd-pf-title mt-0 align-items-center \">EC Fanl\u0131 Dikd\u00f6rtgen Kanal Tipi Fanlar<\/h2>\t\t\t\t\t\t\t\t\t<\/div>\n\t\t\t\t<ul class=\"reset-ul inline-nav lqd-pf-cat d-inline-flex pos-rel z-index-2 w-100\"><li><a href=\"https:\/\/www.klimatopturkey.com\/en\/urunler\/kanal-tipi-fanlar\/\">Kanal Tipi Fanlar<\/a><\/li><\/ul>\t\t\t<\/div>\n\n\t\t\t<a href=\"https:\/\/www.klimatopturkey.com\/en\/urunler\/vdf-ec-dikdortgen-kanal-tipi-fanlar\/\"  class=\"lqd-overlay lqd-pf-overlay-link lqd-cc-label-trigger\"><\/a>\n\t\t<\/div>\n\t<\/article>\n\n<\/div><div class=\"lqd-pf-column col-md-4 col-sm-6 col-xs-12 col-sm-6 col-xs-12 masonry-item kanal-tipi-fanlar\">\n\n\t<article id=\"post-12571\" class=\"lqd-pf-item lqd-pf-item-style-6 border-radius-6 p-3 pt-4 lqd-pf-color-custom post-12571 liquid-portfolio type-liquid-portfolio status-publish format-standard has-post-thumbnail hentry liquid-portfolio-category-kanal-tipi-fanlar\">\n\t\t<div class=\"lqd-pf-item-inner\">\n\n\t\t\t<div class=\"lqd-pf-img mb-3 pos-rel border-radius-10 overflow-hidden\">\n\t\t\t\t<figure>\n\t\t\t\t\t<figure ><img loading=\"lazy\" decoding=\"async\" width=\"748\" height=\"512\" src=\"https:\/\/www.klimatopturkey.com\/en\/wp-content\/uploads\/2022\/04\/ck-yuvarlak-kanal-tipi-cover-748x512.png\" class=\"w-100 wp-post-image\" alt=\"\" \/><\/figure>\t\t\t\t<\/figure>\n\t\t\t\t<span class=\"lqd-pf-overlay-bg lqd-overlay d-flex align-items-center justify-content-center\">\n\t\t\t\t<\/span>\n\t\t\t<\/div>\n\n\t\t\t<div class=\"lqd-pf-details\">\n\t\t\t\t<div class=\"d-flex justify-content-between\">\n\t\t\t\t\t\t\t\t\t\t<h2 class=\"lqd-pf-title mt-0 align-items-center \">Yuvarlak Kanal Tipi Fanlar<\/h2>\t\t\t\t\t\t\t\t\t<\/div>\n\t\t\t\t<ul class=\"reset-ul inline-nav lqd-pf-cat d-inline-flex pos-rel z-index-2 w-100\"><li><a href=\"https:\/\/www.klimatopturkey.com\/en\/urunler\/kanal-tipi-fanlar\/\">Kanal Tipi Fanlar<\/a><\/li><\/ul>\t\t\t<\/div>\n\n\t\t\t<a href=\"https:\/\/www.klimatopturkey.com\/en\/urunler\/ck-yuvarlak-kanal-tipi-fanlar\/\"  class=\"lqd-overlay lqd-pf-overlay-link lqd-cc-label-trigger\"><\/a>\n\t\t<\/div>\n\t<\/article>\n\n<\/div><div class=\"lqd-pf-column col-md-4 col-sm-6 col-xs-12 col-sm-6 col-xs-12 masonry-item hucreli-fanlar kanal-tipi-fanlar\">\n\n\t<article id=\"post-12563\" class=\"lqd-pf-item lqd-pf-item-style-6 border-radius-6 p-3 pt-4 lqd-pf-color-custom post-12563 liquid-portfolio type-liquid-portfolio status-publish format-standard has-post-thumbnail hentry liquid-portfolio-category-hucreli-fanlar liquid-portfolio-category-kanal-tipi-fanlar\">\n\t\t<div class=\"lqd-pf-item-inner\">\n\n\t\t\t<div class=\"lqd-pf-img mb-3 pos-rel border-radius-10 overflow-hidden\">\n\t\t\t\t<figure>\n\t\t\t\t\t<figure ><img loading=\"lazy\" decoding=\"async\" width=\"748\" height=\"512\" src=\"https:\/\/www.klimatopturkey.com\/en\/wp-content\/uploads\/2022\/04\/vkf-kabinli-fanlar-cover-748x512.png\" class=\"w-100 wp-post-image\" alt=\"\" \/><\/figure>\t\t\t\t<\/figure>\n\t\t\t\t<span class=\"lqd-pf-overlay-bg lqd-overlay d-flex align-items-center justify-content-center\">\n\t\t\t\t<\/span>\n\t\t\t<\/div>\n\n\t\t\t<div class=\"lqd-pf-details\">\n\t\t\t\t<div class=\"d-flex justify-content-between\">\n\t\t\t\t\t\t\t\t\t\t<h2 class=\"lqd-pf-title mt-0 align-items-center \">VKF Kabinli Fanlar<\/h2>\t\t\t\t\t\t\t\t\t<\/div>\n\t\t\t\t<ul class=\"reset-ul inline-nav lqd-pf-cat d-inline-flex pos-rel z-index-2 w-100\"><li><a href=\"https:\/\/www.klimatopturkey.com\/en\/urunler\/hucreli-fanlar\/\">H\u00fccreli Fanlar<\/a><\/li><\/ul>\t\t\t<\/div>\n\n\t\t\t<a href=\"https:\/\/www.klimatopturkey.com\/en\/urunler\/vkf-kabinli-fanlar\/\"  class=\"lqd-overlay lqd-pf-overlay-link lqd-cc-label-trigger\"><\/a>\n\t\t<\/div>\n\t<\/article>\n\n<\/div><div class=\"lqd-pf-column col-md-4 col-sm-6 col-xs-12 col-sm-6 col-xs-12 masonry-item kanal-tipi-fanlar\">\n\n\t<article id=\"post-12567\" class=\"lqd-pf-item lqd-pf-item-style-6 border-radius-6 p-3 pt-4 lqd-pf-color-custom post-12567 liquid-portfolio type-liquid-portfolio status-publish format-standard has-post-thumbnail hentry liquid-portfolio-category-kanal-tipi-fanlar\">\n\t\t<div class=\"lqd-pf-item-inner\">\n\n\t\t\t<div class=\"lqd-pf-img mb-3 pos-rel border-radius-10 overflow-hidden\">\n\t\t\t\t<figure>\n\t\t\t\t\t<figure ><img loading=\"lazy\" decoding=\"async\" width=\"748\" height=\"512\" src=\"https:\/\/www.klimatopturkey.com\/en\/wp-content\/uploads\/2022\/04\/vdsf-kanal-tipi-siginak-cover-748x512.png\" class=\"w-100 wp-post-image\" alt=\"\" \/><\/figure>\t\t\t\t<\/figure>\n\t\t\t\t<span class=\"lqd-pf-overlay-bg lqd-overlay d-flex align-items-center justify-content-center\">\n\t\t\t\t<\/span>\n\t\t\t<\/div>\n\n\t\t\t<div class=\"lqd-pf-details\">\n\t\t\t\t<div class=\"d-flex justify-content-between\">\n\t\t\t\t\t\t\t\t\t\t<h2 class=\"lqd-pf-title mt-0 align-items-center \">Kanal Tipi S\u0131\u011f\u0131nak Fan\u0131<\/h2>\t\t\t\t\t\t\t\t\t<\/div>\n\t\t\t\t<ul class=\"reset-ul inline-nav lqd-pf-cat d-inline-flex pos-rel z-index-2 w-100\"><li><a href=\"https:\/\/www.klimatopturkey.com\/en\/urunler\/kanal-tipi-fanlar\/\">Kanal Tipi Fanlar<\/a><\/li><\/ul>\t\t\t<\/div>\n\n\t\t\t<a href=\"https:\/\/www.klimatopturkey.com\/en\/urunler\/vdsf-kanal-tipi-siginak-fani\/\"  class=\"lqd-overlay lqd-pf-overlay-link lqd-cc-label-trigger\"><\/a>\n\t\t<\/div>\n\t<\/article>\n\n<\/div><div class=\"lqd-pf-column col-md-4 col-sm-6 col-xs-12 col-sm-6 col-xs-12 masonry-item kanal-tipi-fanlar\">\n\n\t<article id=\"post-12566\" class=\"lqd-pf-item lqd-pf-item-style-6 border-radius-6 p-3 pt-4 lqd-pf-color-custom post-12566 liquid-portfolio type-liquid-portfolio status-publish format-standard has-post-thumbnail hentry liquid-portfolio-category-kanal-tipi-fanlar\">\n\t\t<div class=\"lqd-pf-item-inner\">\n\n\t\t\t<div class=\"lqd-pf-img mb-3 pos-rel border-radius-10 overflow-hidden\">\n\t\t\t\t<figure>\n\t\t\t\t\t<figure ><img loading=\"lazy\" decoding=\"async\" width=\"748\" height=\"512\" src=\"https:\/\/www.klimatopturkey.com\/en\/wp-content\/uploads\/2022\/04\/vtf-kanal-tipi-twin-cover-748x512.png\" class=\"w-100 wp-post-image\" alt=\"\" \/><\/figure>\t\t\t\t<\/figure>\n\t\t\t\t<span class=\"lqd-pf-overlay-bg lqd-overlay d-flex align-items-center justify-content-center\">\n\t\t\t\t<\/span>\n\t\t\t<\/div>\n\n\t\t\t<div class=\"lqd-pf-details\">\n\t\t\t\t<div class=\"d-flex justify-content-between\">\n\t\t\t\t\t\t\t\t\t\t<h2 class=\"lqd-pf-title mt-0 align-items-center \">Kanal Tipi Twin Fanlar<\/h2>\t\t\t\t\t\t\t\t\t<\/div>\n\t\t\t\t<ul class=\"reset-ul inline-nav lqd-pf-cat d-inline-flex pos-rel z-index-2 w-100\"><li><a href=\"https:\/\/www.klimatopturkey.com\/en\/urunler\/kanal-tipi-fanlar\/\">Kanal Tipi Fanlar<\/a><\/li><\/ul>\t\t\t<\/div>\n\n\t\t\t<a href=\"https:\/\/www.klimatopturkey.com\/en\/urunler\/vtf-kanal-tipi-twin-fanlar\/\"  class=\"lqd-overlay lqd-pf-overlay-link lqd-cc-label-trigger\"><\/a>\n\t\t<\/div>\n\t<\/article>\n\n<\/div><div class=\"lqd-pf-column col-md-4 col-sm-6 col-xs-12 col-sm-6 col-xs-12 masonry-item kanal-tipi-fanlar\">\n\n\t<article id=\"post-12570\" class=\"lqd-pf-item lqd-pf-item-style-6 border-radius-6 p-3 pt-4 lqd-pf-color-custom post-12570 liquid-portfolio type-liquid-portfolio status-publish format-standard has-post-thumbnail hentry liquid-portfolio-category-kanal-tipi-fanlar\">\n\t\t<div class=\"lqd-pf-item-inner\">\n\n\t\t\t<div class=\"lqd-pf-img mb-3 pos-rel border-radius-10 overflow-hidden\">\n\t\t\t\t<figure>\n\t\t\t\t\t<figure ><img loading=\"lazy\" decoding=\"async\" width=\"748\" height=\"512\" src=\"https:\/\/www.klimatopturkey.com\/en\/wp-content\/uploads\/2022\/04\/vnf-dar-govdeli-kanal-cover-748x512.png\" class=\"w-100 wp-post-image\" alt=\"\" \/><\/figure>\t\t\t\t<\/figure>\n\t\t\t\t<span class=\"lqd-pf-overlay-bg lqd-overlay d-flex align-items-center justify-content-center\">\n\t\t\t\t<\/span>\n\t\t\t<\/div>\n\n\t\t\t<div class=\"lqd-pf-details\">\n\t\t\t\t<div class=\"d-flex justify-content-between\">\n\t\t\t\t\t\t\t\t\t\t<h2 class=\"lqd-pf-title mt-0 align-items-center \">Dar G\u00f6vdeli Kanal Tipi Fanlar<\/h2>\t\t\t\t\t\t\t\t\t<\/div>\n\t\t\t\t<ul class=\"reset-ul inline-nav lqd-pf-cat d-inline-flex pos-rel z-index-2 w-100\"><li><a href=\"https:\/\/www.klimatopturkey.com\/en\/urunler\/kanal-tipi-fanlar\/\">Kanal Tipi Fanlar<\/a><\/li><\/ul>\t\t\t<\/div>\n\n\t\t\t<a href=\"https:\/\/www.klimatopturkey.com\/en\/urunler\/vnf-dar-govdeli-kanal-tipi-fanlar\/\"  class=\"lqd-overlay lqd-pf-overlay-link lqd-cc-label-trigger\"><\/a>\n\t\t<\/div>\n\t<\/article>\n\n<\/div><div class=\"lqd-pf-column col-md-4 col-sm-6 col-xs-12 col-sm-6 col-xs-12 masonry-item kanal-tipi-fanlar\">\n\n\t<article id=\"post-12572\" class=\"lqd-pf-item lqd-pf-item-style-6 border-radius-6 p-3 pt-4 lqd-pf-color-custom post-12572 liquid-portfolio type-liquid-portfolio status-publish format-standard has-post-thumbnail hentry liquid-portfolio-category-kanal-tipi-fanlar\">\n\t\t<div class=\"lqd-pf-item-inner\">\n\n\t\t\t<div class=\"lqd-pf-img mb-3 pos-rel border-radius-10 overflow-hidden\">\n\t\t\t\t<figure>\n\t\t\t\t\t<figure ><img loading=\"lazy\" decoding=\"async\" width=\"748\" height=\"512\" src=\"https:\/\/www.klimatopturkey.com\/en\/wp-content\/uploads\/2022\/04\/ire-irb-akustik-izoleli-cover-748x512.png\" class=\"w-100 wp-post-image\" alt=\"\" \/><\/figure>\t\t\t\t<\/figure>\n\t\t\t\t<span class=\"lqd-pf-overlay-bg lqd-overlay d-flex align-items-center justify-content-center\">\n\t\t\t\t<\/span>\n\t\t\t<\/div>\n\n\t\t\t<div class=\"lqd-pf-details\">\n\t\t\t\t<div class=\"d-flex justify-content-between\">\n\t\t\t\t\t\t\t\t\t\t<h2 class=\"lqd-pf-title mt-0 align-items-center \">IRE &#038; IRB Akustik \u0130zoleli Kanal Tipi Fanlar<\/h2>\t\t\t\t\t\t\t\t\t<\/div>\n\t\t\t\t<ul class=\"reset-ul inline-nav lqd-pf-cat d-inline-flex pos-rel z-index-2 w-100\"><li><a href=\"https:\/\/www.klimatopturkey.com\/en\/urunler\/kanal-tipi-fanlar\/\">Kanal Tipi Fanlar<\/a><\/li><\/ul>\t\t\t<\/div>\n\n\t\t\t<a href=\"https:\/\/www.klimatopturkey.com\/en\/urunler\/ire-irb-akustik-izoleli-kanal-tipi-fanlar\/\"  class=\"lqd-overlay lqd-pf-overlay-link lqd-cc-label-trigger\"><\/a>\n\t\t<\/div>\n\t<\/article>\n\n<\/div><div class=\"lqd-pf-column col-md-4 col-sm-6 col-xs-12 col-sm-6 col-xs-12 masonry-item kanal-tipi-fanlar\">\n\n\t<article id=\"post-12573\" class=\"lqd-pf-item lqd-pf-item-style-6 border-radius-6 p-3 pt-4 lqd-pf-color-custom post-12573 liquid-portfolio type-liquid-portfolio status-publish format-standard has-post-thumbnail hentry liquid-portfolio-category-kanal-tipi-fanlar\">\n\t\t<div class=\"lqd-pf-item-inner\">\n\n\t\t\t<div class=\"lqd-pf-img mb-3 pos-rel border-radius-10 overflow-hidden\">\n\t\t\t\t<figure>\n\t\t\t\t\t<figure ><img loading=\"lazy\" decoding=\"async\" width=\"748\" height=\"512\" src=\"https:\/\/www.klimatopturkey.com\/en\/wp-content\/uploads\/2022\/04\/kv-kare-cerceveli-kanal-cover-748x512.png\" class=\"w-100 wp-post-image\" alt=\"\" \/><\/figure>\t\t\t\t<\/figure>\n\t\t\t\t<span class=\"lqd-pf-overlay-bg lqd-overlay d-flex align-items-center justify-content-center\">\n\t\t\t\t<\/span>\n\t\t\t<\/div>\n\n\t\t\t<div class=\"lqd-pf-details\">\n\t\t\t\t<div class=\"d-flex justify-content-between\">\n\t\t\t\t\t\t\t\t\t\t<h2 class=\"lqd-pf-title mt-0 align-items-center \">KV Kare \u00c7er\u00e7eveli Kanal Tipi Fanlar<\/h2>\t\t\t\t\t\t\t\t\t<\/div>\n\t\t\t\t<ul class=\"reset-ul inline-nav lqd-pf-cat d-inline-flex pos-rel z-index-2 w-100\"><li><a href=\"https:\/\/www.klimatopturkey.com\/en\/urunler\/kanal-tipi-fanlar\/\">Kanal Tipi Fanlar<\/a><\/li><\/ul>\t\t\t<\/div>\n\n\t\t\t<a href=\"https:\/\/www.klimatopturkey.com\/en\/urunler\/kv-kare-cerceveli-kanal-tipi-fanlar\/\"  class=\"lqd-overlay lqd-pf-overlay-link lqd-cc-label-trigger\"><\/a>\n\t\t<\/div>\n\t<\/article>\n\n<\/div><\/div><!-- \/.liquid-portfolio-list-row --><\/div><!-- \/.liquid-portfolio-list -->[\/vc_column][\/vc_row]<\/p>\n","protected":false},"excerpt":{"rendered":"<p>[vc_row equal_height=&#8221;yes&#8221; css=&#8221;.vc_custom_1650287729458{margin-top: 50px !important;margin-bottom: 80px !important;}&#8221;][vc_column responsive_align=&#8221;text-center&#8221;][\/vc_column][\/vc_row]<\/p>\n","protected":false},"author":1,"featured_media":0,"parent":10710,"menu_order":0,"comment_status":"closed","ping_status":"closed","template":"","meta":{"footnotes":""},"class_list":["post-12469","page","type-page","status-publish","hentry"],"aioseo_notices":[],"_links":{"self":[{"href":"https:\/\/www.klimatopturkey.com\/en\/wp-json\/wp\/v2\/pages\/12469","targetHints":{"allow":["GET"]}}],"collection":[{"href":"https:\/\/www.klimatopturkey.com\/en\/wp-json\/wp\/v2\/pages"}],"about":[{"href":"https:\/\/www.klimatopturkey.com\/en\/wp-json\/wp\/v2\/types\/page"}],"author":[{"embeddable":true,"href":"https:\/\/www.klimatopturkey.com\/en\/wp-json\/wp\/v2\/users\/1"}],"replies":[{"embeddable":true,"href":"https:\/\/www.klimatopturkey.com\/en\/wp-json\/wp\/v2\/comments?post=12469"}],"version-history":[{"count":0,"href":"https:\/\/www.klimatopturkey.com\/en\/wp-json\/wp\/v2\/pages\/12469\/revisions"}],"up":[{"embeddable":true,"href":"https:\/\/www.klimatopturkey.com\/en\/wp-json\/wp\/v2\/pages\/10710"}],"wp:attachment":[{"href":"https:\/\/www.klimatopturkey.com\/en\/wp-json\/wp\/v2\/media?parent=12469"}],"curies":[{"name":"wp","href":"https:\/\/api.w.org\/{rel}","templated":true}]}}