{"id":12465,"date":"2022-04-18T20:36:39","date_gmt":"2022-04-18T17:36:39","guid":{"rendered":"https:\/\/www.prografik.club\/demo\/pro-firma-v1\/?page_id=12465"},"modified":"2022-04-25T15:32:29","modified_gmt":"2022-04-25T12:32:29","slug":"aksiyal-fanlar","status":"publish","type":"page","link":"https:\/\/www.klimatopturkey.com\/en\/venbreeze\/urunler\/fanlar\/aksiyal-fanlar\/","title":{"rendered":"Aksiyal Fanlar"},"content":{"rendered":"<p>[vc_row equal_height=&#8221;yes&#8221; css=&#8221;.vc_custom_1650287729458{margin-top: 50px !important;margin-bottom: 80px !important;}&#8221;][vc_column responsive_align=&#8221;text-center&#8221;]<style>.ld_portfolio_listing_6a04f3fa013ad .lqd-pf-overlay-bg{background:rgba(255, 255, 255, 0.6);}.ld_portfolio_listing_6a04f3fa013ad .lqd-pf-details h2{font-size:14px;}.ld_portfolio_listing_6a04f3fa013ad .liquid-filter-items{margin-bottom:50px;}.ld_portfolio_listing_6a04f3fa013ad .lqd-pf-details p{color:rgb(255, 0, 0);}.ld_portfolio_listing_6a04f3fa013ad .lqd-pf-details a{color:rgb(255, 0, 0);}.ld_portfolio_listing_6a04f3fa013ad .grid-6a04f3fa079f6{margin-inline-start:-10px;margin-inline-end:-10px;}.ld_portfolio_listing_6a04f3fa013ad .grid-6a04f3fa079f6 .masonry-item{padding-inline-start:10px;padding-inline-end:10px;}.ld_portfolio_listing_6a04f3fa013ad .carousel-item{padding-inline-start:10px;padding-inline-end:10px;}.ld_portfolio_listing_6a04f3fa013ad .carousel-nav{padding-inline-start:calc(10px - 13px);padding-inline-end:calc(10px - 13px);}.ld_portfolio_listing_6a04f3fa013ad .grid-6a04f3fa079f6 .lqd-pf-item{margin-bottom:25px;}<\/style><div class=\"lqd-pf-grid ld_portfolio_listing_6a04f3fa013ad\"><div id=\"grid-6a04f3fa079f6\" class=\"lqd-pf-row row d-flex flex-wrap grid-6a04f3fa079f6\" data-liquid-masonry=\"true\" data-masonry-options='{ \"layoutMode\": \"packery\" }' ><div class=\"lqd-pf-column col-md-4 col-sm-6 col-xs-12 col-sm-6 col-xs-12 masonry-item aksiyal-fanlar jet-fan-sistemleri\">\n\n\t<article id=\"post-12542\" class=\"lqd-pf-item lqd-pf-item-style-6 border-radius-6 p-3 pt-4 lqd-pf-color-custom post-12542 liquid-portfolio type-liquid-portfolio status-publish format-standard has-post-thumbnail hentry liquid-portfolio-category-aksiyal-fanlar liquid-portfolio-category-jet-fan-sistemleri\">\n\t\t<div class=\"lqd-pf-item-inner\">\n\n\t\t\t<div class=\"lqd-pf-img mb-3 pos-rel border-radius-10 overflow-hidden\">\n\t\t\t\t<figure>\n\t\t\t\t\t<figure ><img loading=\"lazy\" decoding=\"async\" width=\"748\" height=\"512\" src=\"https:\/\/www.klimatopturkey.com\/en\/wp-content\/uploads\/2022\/04\/vax-kanal-tipi-aksiyal-cover-748x512.png\" class=\"w-100 wp-post-image\" alt=\"\" \/><\/figure>\t\t\t\t<\/figure>\n\t\t\t\t<span class=\"lqd-pf-overlay-bg lqd-overlay d-flex align-items-center justify-content-center\">\n\t\t\t\t<\/span>\n\t\t\t<\/div>\n\n\t\t\t<div class=\"lqd-pf-details\">\n\t\t\t\t<div class=\"d-flex justify-content-between\">\n\t\t\t\t\t\t\t\t\t\t<h2 class=\"lqd-pf-title mt-0 align-items-center \">Kanal Tipi Aksiyal Fanlar<\/h2>\t\t\t\t\t\t\t\t\t<\/div>\n\t\t\t\t<ul class=\"reset-ul inline-nav lqd-pf-cat d-inline-flex pos-rel z-index-2 w-100\"><li><a href=\"https:\/\/www.klimatopturkey.com\/en\/urunler\/aksiyal-fanlar\/\">Aksiyal Fanlar<\/a><\/li><\/ul>\t\t\t<\/div>\n\n\t\t\t<a href=\"https:\/\/www.klimatopturkey.com\/en\/urunler\/vax-kanal-tipi-aksiyal-fanlar\/\"  class=\"lqd-overlay lqd-pf-overlay-link lqd-cc-label-trigger\"><\/a>\n\t\t<\/div>\n\t<\/article>\n\n<\/div><div class=\"lqd-pf-column col-md-4 col-sm-6 col-xs-12 col-sm-6 col-xs-12 masonry-item aksiyal-fanlar basinclandirma-fanlari jet-fan-sistemleri\">\n\n\t<article id=\"post-12543\" class=\"lqd-pf-item lqd-pf-item-style-6 border-radius-6 p-3 pt-4 lqd-pf-color-custom post-12543 liquid-portfolio type-liquid-portfolio status-publish format-standard has-post-thumbnail hentry liquid-portfolio-category-aksiyal-fanlar liquid-portfolio-category-basinclandirma-fanlari liquid-portfolio-category-jet-fan-sistemleri\">\n\t\t<div class=\"lqd-pf-item-inner\">\n\n\t\t\t<div class=\"lqd-pf-img mb-3 pos-rel border-radius-10 overflow-hidden\">\n\t\t\t\t<figure>\n\t\t\t\t\t<figure ><img loading=\"lazy\" decoding=\"async\" width=\"748\" height=\"512\" src=\"https:\/\/www.klimatopturkey.com\/en\/wp-content\/uploads\/2022\/04\/vax-aksiyal-basinclandirma-cover-748x512.png\" class=\"w-100 wp-post-image\" alt=\"\" \/><\/figure>\t\t\t\t<\/figure>\n\t\t\t\t<span class=\"lqd-pf-overlay-bg lqd-overlay d-flex align-items-center justify-content-center\">\n\t\t\t\t<\/span>\n\t\t\t<\/div>\n\n\t\t\t<div class=\"lqd-pf-details\">\n\t\t\t\t<div class=\"d-flex justify-content-between\">\n\t\t\t\t\t\t\t\t\t\t<h2 class=\"lqd-pf-title mt-0 align-items-center \">Aksiyal Bas\u0131n\u00e7land\u0131rma Fanlar\u0131<\/h2>\t\t\t\t\t\t\t\t\t<\/div>\n\t\t\t\t<ul class=\"reset-ul inline-nav lqd-pf-cat d-inline-flex pos-rel z-index-2 w-100\"><li><a href=\"https:\/\/www.klimatopturkey.com\/en\/urunler\/aksiyal-fanlar\/\">Aksiyal Fanlar<\/a><\/li><\/ul>\t\t\t<\/div>\n\n\t\t\t<a href=\"https:\/\/www.klimatopturkey.com\/en\/urunler\/vax-aksiyal-basinclandirma-fanlari\/\"  class=\"lqd-overlay lqd-pf-overlay-link lqd-cc-label-trigger\"><\/a>\n\t\t<\/div>\n\t<\/article>\n\n<\/div><div class=\"lqd-pf-column col-md-4 col-sm-6 col-xs-12 col-sm-6 col-xs-12 masonry-item aksiyal-fanlar mutfak-egzoz-fanlari\">\n\n\t<article id=\"post-12557\" class=\"lqd-pf-item lqd-pf-item-style-6 border-radius-6 p-3 pt-4 lqd-pf-color-custom post-12557 liquid-portfolio type-liquid-portfolio status-publish format-standard has-post-thumbnail hentry liquid-portfolio-category-aksiyal-fanlar liquid-portfolio-category-mutfak-egzoz-fanlari\">\n\t\t<div class=\"lqd-pf-item-inner\">\n\n\t\t\t<div class=\"lqd-pf-img mb-3 pos-rel border-radius-10 overflow-hidden\">\n\t\t\t\t<figure>\n\t\t\t\t\t<figure ><img loading=\"lazy\" decoding=\"async\" width=\"748\" height=\"512\" src=\"https:\/\/www.klimatopturkey.com\/en\/wp-content\/uploads\/2022\/04\/vab-bifurcated-cover-748x512.png\" class=\"w-100 wp-post-image\" alt=\"\" \/><\/figure>\t\t\t\t<\/figure>\n\t\t\t\t<span class=\"lqd-pf-overlay-bg lqd-overlay d-flex align-items-center justify-content-center\">\n\t\t\t\t<\/span>\n\t\t\t<\/div>\n\n\t\t\t<div class=\"lqd-pf-details\">\n\t\t\t\t<div class=\"d-flex justify-content-between\">\n\t\t\t\t\t\t\t\t\t\t<h2 class=\"lqd-pf-title mt-0 align-items-center \">Bifurcated Aksiyal Fanlar<\/h2>\t\t\t\t\t\t\t\t\t<\/div>\n\t\t\t\t<ul class=\"reset-ul inline-nav lqd-pf-cat d-inline-flex pos-rel z-index-2 w-100\"><li><a href=\"https:\/\/www.klimatopturkey.com\/en\/urunler\/aksiyal-fanlar\/\">Aksiyal Fanlar<\/a><\/li><\/ul>\t\t\t<\/div>\n\n\t\t\t<a href=\"https:\/\/www.klimatopturkey.com\/en\/urunler\/vab-bifurcated-aksiyal-fanlar\/\"  class=\"lqd-overlay lqd-pf-overlay-link lqd-cc-label-trigger\"><\/a>\n\t\t<\/div>\n\t<\/article>\n\n<\/div><div class=\"lqd-pf-column col-md-4 col-sm-6 col-xs-12 col-sm-6 col-xs-12 masonry-item aksiyal-fanlar\">\n\n\t<article id=\"post-12556\" class=\"lqd-pf-item lqd-pf-item-style-6 border-radius-6 p-3 pt-4 lqd-pf-color-custom post-12556 liquid-portfolio type-liquid-portfolio status-publish format-standard has-post-thumbnail hentry liquid-portfolio-category-aksiyal-fanlar\">\n\t\t<div class=\"lqd-pf-item-inner\">\n\n\t\t\t<div class=\"lqd-pf-img mb-3 pos-rel border-radius-10 overflow-hidden\">\n\t\t\t\t<figure>\n\t\t\t\t\t<figure ><img loading=\"lazy\" decoding=\"async\" width=\"748\" height=\"512\" src=\"https:\/\/www.klimatopturkey.com\/en\/wp-content\/uploads\/2022\/04\/vd-duvar-tipi-cover-748x512.png\" class=\"w-100 wp-post-image\" alt=\"\" \/><\/figure>\t\t\t\t<\/figure>\n\t\t\t\t<span class=\"lqd-pf-overlay-bg lqd-overlay d-flex align-items-center justify-content-center\">\n\t\t\t\t<\/span>\n\t\t\t<\/div>\n\n\t\t\t<div class=\"lqd-pf-details\">\n\t\t\t\t<div class=\"d-flex justify-content-between\">\n\t\t\t\t\t\t\t\t\t\t<h2 class=\"lqd-pf-title mt-0 align-items-center \">Duvar Tipi Aksiyal Fanlar<\/h2>\t\t\t\t\t\t\t\t\t<\/div>\n\t\t\t\t<ul class=\"reset-ul inline-nav lqd-pf-cat d-inline-flex pos-rel z-index-2 w-100\"><li><a href=\"https:\/\/www.klimatopturkey.com\/en\/urunler\/aksiyal-fanlar\/\">Aksiyal Fanlar<\/a><\/li><\/ul>\t\t\t<\/div>\n\n\t\t\t<a href=\"https:\/\/www.klimatopturkey.com\/en\/urunler\/vd-duvar-tipi-aksiyal-fanlar\/\"  class=\"lqd-overlay lqd-pf-overlay-link lqd-cc-label-trigger\"><\/a>\n\t\t<\/div>\n\t<\/article>\n\n<\/div><div class=\"lqd-pf-column col-md-4 col-sm-6 col-xs-12 col-sm-6 col-xs-12 masonry-item aksiyal-fanlar cati-tipi-fanlar\">\n\n\t<article id=\"post-12555\" class=\"lqd-pf-item lqd-pf-item-style-6 border-radius-6 p-3 pt-4 lqd-pf-color-custom post-12555 liquid-portfolio type-liquid-portfolio status-publish format-standard has-post-thumbnail hentry liquid-portfolio-category-aksiyal-fanlar liquid-portfolio-category-cati-tipi-fanlar\">\n\t\t<div class=\"lqd-pf-item-inner\">\n\n\t\t\t<div class=\"lqd-pf-img mb-3 pos-rel border-radius-10 overflow-hidden\">\n\t\t\t\t<figure>\n\t\t\t\t\t<figure ><img loading=\"lazy\" decoding=\"async\" width=\"748\" height=\"512\" src=\"https:\/\/www.klimatopturkey.com\/en\/wp-content\/uploads\/2022\/04\/ctp-vax-cas-cover-748x512.png\" class=\"w-100 wp-post-image\" alt=\"\" \/><\/figure>\t\t\t\t<\/figure>\n\t\t\t\t<span class=\"lqd-pf-overlay-bg lqd-overlay d-flex align-items-center justify-content-center\">\n\t\t\t\t<\/span>\n\t\t\t<\/div>\n\n\t\t\t<div class=\"lqd-pf-details\">\n\t\t\t\t<div class=\"d-flex justify-content-between\">\n\t\t\t\t\t\t\t\t\t\t<h2 class=\"lqd-pf-title mt-0 align-items-center \">Dikey At\u0131\u015fl\u0131 Aksiyal \u00c7at\u0131 Fanlar\u0131<\/h2>\t\t\t\t\t\t\t\t\t<\/div>\n\t\t\t\t<ul class=\"reset-ul inline-nav lqd-pf-cat d-inline-flex pos-rel z-index-2 w-100\"><li><a href=\"https:\/\/www.klimatopturkey.com\/en\/urunler\/aksiyal-fanlar\/\">Aksiyal Fanlar<\/a><\/li><\/ul>\t\t\t<\/div>\n\n\t\t\t<a href=\"https:\/\/www.klimatopturkey.com\/en\/urunler\/vax-cas-dikey-atisli-cati-fanlari\/\"  class=\"lqd-overlay lqd-pf-overlay-link lqd-cc-label-trigger\"><\/a>\n\t\t<\/div>\n\t<\/article>\n\n<\/div><div class=\"lqd-pf-column col-md-4 col-sm-6 col-xs-12 col-sm-6 col-xs-12 masonry-item aksiyal-fanlar hucreli-fanlar\">\n\n\t<article id=\"post-12554\" class=\"lqd-pf-item lqd-pf-item-style-6 border-radius-6 p-3 pt-4 lqd-pf-color-custom post-12554 liquid-portfolio type-liquid-portfolio status-publish format-standard has-post-thumbnail hentry liquid-portfolio-category-aksiyal-fanlar liquid-portfolio-category-hucreli-fanlar\">\n\t\t<div class=\"lqd-pf-item-inner\">\n\n\t\t\t<div class=\"lqd-pf-img mb-3 pos-rel border-radius-10 overflow-hidden\">\n\t\t\t\t<figure>\n\t\t\t\t\t<figure ><img loading=\"lazy\" decoding=\"async\" width=\"748\" height=\"512\" src=\"https:\/\/www.klimatopturkey.com\/en\/wp-content\/uploads\/2022\/04\/vax-ch-kapakli-cover-748x512.png\" class=\"w-100 wp-post-image\" alt=\"\" \/><\/figure>\t\t\t\t<\/figure>\n\t\t\t\t<span class=\"lqd-pf-overlay-bg lqd-overlay d-flex align-items-center justify-content-center\">\n\t\t\t\t<\/span>\n\t\t\t<\/div>\n\n\t\t\t<div class=\"lqd-pf-details\">\n\t\t\t\t<div class=\"d-flex justify-content-between\">\n\t\t\t\t\t\t\t\t\t\t<h2 class=\"lqd-pf-title mt-0 align-items-center \">Kapakl\u0131 Tip Aksiyal Egzoz Fanlar\u0131<\/h2>\t\t\t\t\t\t\t\t\t<\/div>\n\t\t\t\t<ul class=\"reset-ul inline-nav lqd-pf-cat d-inline-flex pos-rel z-index-2 w-100\"><li><a href=\"https:\/\/www.klimatopturkey.com\/en\/urunler\/aksiyal-fanlar\/\">Aksiyal Fanlar<\/a><\/li><\/ul>\t\t\t<\/div>\n\n\t\t\t<a href=\"https:\/\/www.klimatopturkey.com\/en\/urunler\/vax-ch-kapakli-tip-aksiyal-egzoz-fanlari\/\"  class=\"lqd-overlay lqd-pf-overlay-link lqd-cc-label-trigger\"><\/a>\n\t\t<\/div>\n\t<\/article>\n\n<\/div><div class=\"lqd-pf-column col-md-4 col-sm-6 col-xs-12 col-sm-6 col-xs-12 masonry-item aksiyal-fanlar hucreli-fanlar\">\n\n\t<article id=\"post-12553\" class=\"lqd-pf-item lqd-pf-item-style-6 border-radius-6 p-3 pt-4 lqd-pf-color-custom post-12553 liquid-portfolio type-liquid-portfolio status-publish format-standard has-post-thumbnail hentry liquid-portfolio-category-aksiyal-fanlar liquid-portfolio-category-hucreli-fanlar\">\n\t\t<div class=\"lqd-pf-item-inner\">\n\n\t\t\t<div class=\"lqd-pf-img mb-3 pos-rel border-radius-10 overflow-hidden\">\n\t\t\t\t<figure>\n\t\t\t\t\t<figure ><img loading=\"lazy\" decoding=\"async\" width=\"748\" height=\"512\" src=\"https:\/\/www.klimatopturkey.com\/en\/wp-content\/uploads\/2022\/04\/vax-h-hucreli-cover-748x512.png\" class=\"w-100 wp-post-image\" alt=\"\" \/><\/figure>\t\t\t\t<\/figure>\n\t\t\t\t<span class=\"lqd-pf-overlay-bg lqd-overlay d-flex align-items-center justify-content-center\">\n\t\t\t\t<\/span>\n\t\t\t<\/div>\n\n\t\t\t<div class=\"lqd-pf-details\">\n\t\t\t\t<div class=\"d-flex justify-content-between\">\n\t\t\t\t\t\t\t\t\t\t<h2 class=\"lqd-pf-title mt-0 align-items-center \">H\u00fccreli Aksiyal Fanlar<\/h2>\t\t\t\t\t\t\t\t\t<\/div>\n\t\t\t\t<ul class=\"reset-ul inline-nav lqd-pf-cat d-inline-flex pos-rel z-index-2 w-100\"><li><a href=\"https:\/\/www.klimatopturkey.com\/en\/urunler\/aksiyal-fanlar\/\">Aksiyal Fanlar<\/a><\/li><\/ul>\t\t\t<\/div>\n\n\t\t\t<a href=\"https:\/\/www.klimatopturkey.com\/en\/urunler\/vax-h-hucreli-aksiyal-fanlar\/\"  class=\"lqd-overlay lqd-pf-overlay-link lqd-cc-label-trigger\"><\/a>\n\t\t<\/div>\n\t<\/article>\n\n<\/div><\/div><!-- \/.liquid-portfolio-list-row --><\/div><!-- \/.liquid-portfolio-list -->[\/vc_column][\/vc_row]<\/p>\n","protected":false},"excerpt":{"rendered":"<p>[vc_row equal_height=&#8221;yes&#8221; css=&#8221;.vc_custom_1650287729458{margin-top: 50px !important;margin-bottom: 80px !important;}&#8221;][vc_column responsive_align=&#8221;text-center&#8221;][\/vc_column][\/vc_row]<\/p>\n","protected":false},"author":1,"featured_media":0,"parent":10710,"menu_order":0,"comment_status":"closed","ping_status":"closed","template":"","meta":{"footnotes":""},"class_list":["post-12465","page","type-page","status-publish","hentry"],"aioseo_notices":[],"_links":{"self":[{"href":"https:\/\/www.klimatopturkey.com\/en\/wp-json\/wp\/v2\/pages\/12465","targetHints":{"allow":["GET"]}}],"collection":[{"href":"https:\/\/www.klimatopturkey.com\/en\/wp-json\/wp\/v2\/pages"}],"about":[{"href":"https:\/\/www.klimatopturkey.com\/en\/wp-json\/wp\/v2\/types\/page"}],"author":[{"embeddable":true,"href":"https:\/\/www.klimatopturkey.com\/en\/wp-json\/wp\/v2\/users\/1"}],"replies":[{"embeddable":true,"href":"https:\/\/www.klimatopturkey.com\/en\/wp-json\/wp\/v2\/comments?post=12465"}],"version-history":[{"count":0,"href":"https:\/\/www.klimatopturkey.com\/en\/wp-json\/wp\/v2\/pages\/12465\/revisions"}],"up":[{"embeddable":true,"href":"https:\/\/www.klimatopturkey.com\/en\/wp-json\/wp\/v2\/pages\/10710"}],"wp:attachment":[{"href":"https:\/\/www.klimatopturkey.com\/en\/wp-json\/wp\/v2\/media?parent=12465"}],"curies":[{"name":"wp","href":"https:\/\/api.w.org\/{rel}","templated":true}]}}