{"id":12052,"date":"2022-04-12T01:42:02","date_gmt":"2022-04-11T22:42:02","guid":{"rendered":"https:\/\/www.prografik.club\/demo\/pro-firma-v1\/?page_id=12052"},"modified":"2022-04-12T01:42:02","modified_gmt":"2022-04-11T22:42:02","slug":"yeni-yapida-istihdam","status":"publish","type":"page","link":"https:\/\/www.klimatopturkey.com\/en\/yeni-yapida-istihdam\/","title":{"rendered":"Yeni Yap\u0131da \u0130stihdam"},"content":{"rendered":"<p>[vc_row content_placement=&#8221;middle&#8221; responsive_css=&#8221;margin_top_large:50px|margin_bottom_large:50px&#8221; css=&#8221;.vc_custom_1649874525724{margin-top: 30px !important;}&#8221;][vc_column width=&#8221;1\/2&#8243; responsive_css=&#8221;margin_top_large:-30px&#8221;]<style>@media (min-width: 1200px) { .ld_simple_heading_6a04de3cba0d6 h2 {font-size:28px; }  } .ld_simple_heading_6a04de3cba0d6 h2 {line-height:1.32em; } .ld_simple_heading_6a04de3cba0d6 h2 {--element-line-height:1.32em; } <\/style><div  class=\"lqd-simple-heading-wrap ld_simple_heading_6a04de3cba0d6\">\n<h2 class=\"lqd-simple-heading\">\n\tMesken ve sanayi yap\u0131lar\u0131<\/h2>\n<\/div>[vc_column_text]KlimaTop Turkey profilleri tu\u0308m ana c\u0327izgi ve tu\u0308m yas\u0327am alan\u0131 kullan\u0131m\u0131 ic\u0327in uygundur. Ahs\u0327ap veya beton olmas\u0131na bak\u0131lmaks\u0131z\u0131n, istenilen her c\u0327es\u0327it tavana monte edilebilir. Ve uygun do\u0308s\u0327eme sayesinde, F30 ve F60 yang\u0131n emniyeti talepleri tek bas\u0327\u0131na etkili alt davana do\u0308nu\u0308s\u0327tu\u0308ru\u0308lebiliyor. Bunun d\u0131s\u0327\u0131nda, halka emiciler ile ic\u0327 mekanlar\u0131n akustig\u0306i iyiles\u0327tirilir ve kullan\u0131m\u0131 artt\u0131rmaktad\u0131r. Bo\u0308ylece, oturma odalar\u0131, bu\u0308ro odalar\u0131 ve du\u0308kkanlar daha iyi iletis\u0327im s\u0327artlar\u0131na kavus\u0327maktad\u0131r. Gerekli olan yang\u0131m emniyeti ise, bu durumdan dolay\u0131 k\u0131s\u0131tlanmamaktad\u0131r. Tavan \u0131s\u0131tma sisteminin bas\u0327tan beri planlanmas\u0131 halinde, gerekirse, fazla maliyete sebep vermemek ic\u0327in, zemin do\u0308s\u0327emesinden vazgec\u0327ilebilir.[\/vc_column_text][\/vc_column][vc_column enable_hover_move=&#8221;lqd-column-move-onhover&#8221; hover_move_value=&#8221;-5px&#8221; width=&#8221;1\/2&#8243; column_top_onmobile=&#8221;yes&#8221;][vc_single_image image=&#8221;12076&#8243; css=&#8221;.vc_custom_1649718617351{border-top-width: 2px !important;border-right-width: 2px !important;border-bottom-width: 2px !important;border-left-width: 2px !important;border-left-color: #ffffff !important;border-left-style: solid !important;border-right-color: #ffffff !important;border-right-style: solid !important;border-top-color: #ffffff !important;border-top-style: solid !important;border-bottom-color: #ffffff !important;border-bottom-style: solid !important;border-radius: 10px !important;}&#8221;][\/vc_column][\/vc_row][vc_row content_placement=&#8221;middle&#8221; responsive_css=&#8221;margin_bottom_large:50px&#8221;][vc_column enable_hover_move=&#8221;lqd-column-move-onhover&#8221; hover_move_value=&#8221;-5px&#8221; width=&#8221;1\/2&#8243;][vc_single_image image=&#8221;12078&#8243; css=&#8221;.vc_custom_1649718742423{border-top-width: 2px !important;border-right-width: 2px !important;border-bottom-width: 2px !important;border-left-width: 2px !important;border-left-color: #ffffff !important;border-left-style: solid !important;border-right-color: #ffffff !important;border-right-style: solid !important;border-top-color: #ffffff !important;border-top-style: solid !important;border-bottom-color: #ffffff !important;border-bottom-style: solid !important;border-radius: 10px !important;}&#8221;][\/vc_column][vc_column width=&#8221;1\/2&#8243; responsive_css=&#8221;margin_top_large:-30px&#8221;]<style>@media (min-width: 1200px) { .ld_simple_heading_6a04de3cba4e3 h2 {font-size:28px; }  } .ld_simple_heading_6a04de3cba4e3 h2 {line-height:1.32em; } .ld_simple_heading_6a04de3cba4e3 h2 {--element-line-height:1.32em; } <\/style><div  class=\"lqd-simple-heading-wrap ld_simple_heading_6a04de3cba4e3\">\n<h2 class=\"lqd-simple-heading\">\n\tAsma yap\u0131lar<\/h2>\n<\/div>[vc_column_text]Bu\u0308yu\u0308k sanayi yu\u0308zeyleri ve koridorlar ic\u0327in, asma yap\u0131 o\u0308nerilmektedir. Ev teknolojisi ic\u0327in mekan yaratmakta ve ic\u0327 mekan dag\u0306\u0131l\u0131m\u0131 ile ilgili gelecekteki deg\u0306is\u0327iklikleri kolaylas\u0327t\u0131rmaktad\u0131r. Yayl\u0131 asma tavan mevcut ise, ses yal\u0131t\u0131m\u0131 etkisi yaratarak, do\u0308s\u0327eme s\u0327ekline go\u0308re, zemindeki ayak ses yal\u0131t\u0131m o\u0308zellig\u0306ini sag\u0306layabilir.[\/vc_column_text][\/vc_column][\/vc_row][vc_row content_placement=&#8221;middle&#8221; responsive_css=&#8221;margin_bottom_large:50px&#8221;][vc_column width=&#8221;1\/2&#8243; responsive_css=&#8221;margin_top_large:-30px&#8221;]<style>@media (min-width: 1200px) { .ld_simple_heading_6a04de3cba79d h2 {font-size:28px; }  } .ld_simple_heading_6a04de3cba79d h2 {line-height:1.32em; } .ld_simple_heading_6a04de3cba79d h2 {--element-line-height:1.32em; } <\/style><div  class=\"lqd-simple-heading-wrap ld_simple_heading_6a04de3cba79d\">\n<h2 class=\"lqd-simple-heading\">\n\tYeni Yap\u0131da Avantajlar<\/h2>\n<\/div><style>.ld_icon_box_6a04de3cbabd9 .iconbox-icon-container{font-size:18px;margin-inline-end:7px !important;border-radius:px;}.ld_icon_box_6a04de3cbabd9 .lqd-iconbox-title{margin-bottom:1px;font-size:15px;}<\/style>\n<div class=\"iconbox iconbox-inline text-align-default ld_icon_box_6a04de3cbabd9 vc_custom_1649717720721\" id=\"ld_icon_box_6a04de3cbabd9\"  data-animate-icon=\"true\"  >\n\t\n\t\t\t\t\t\n\t\n\t<div class=\"iconbox-icon-wrap\"><span class=\"iconbox-icon-container\"><i class=\"lqd-icn-ess icon-ion-ios-checkmark\"><\/i><\/span><\/div>\t\n\t<h3 class=\"lqd-iconbox-title font-weight-normal\">Ahs\u0327ap ve beton tavan u\u0308zerine montaj<\/h3>\t\n\t\t\n\t\t\n\t\t\t\t\n\t\t\n\t\n<\/div>\n<style>.ld_icon_box_6a04de3cbc322 .iconbox-icon-container{font-size:18px;margin-inline-end:7px !important;border-radius:px;}.ld_icon_box_6a04de3cbc322 .lqd-iconbox-title{margin-bottom:1px;font-size:15px;}<\/style>\n<div class=\"iconbox iconbox-inline text-align-default ld_icon_box_6a04de3cbc322 vc_custom_1649717729266\" id=\"ld_icon_box_6a04de3cbc322\"  data-animate-icon=\"true\"  >\n\t\n\t\t\t\t\t\n\t\n\t<div class=\"iconbox-icon-wrap\"><span class=\"iconbox-icon-container\"><i class=\"lqd-icn-ess icon-ion-ios-checkmark\"><\/i><\/span><\/div>\t\n\t<h3 class=\"lqd-iconbox-title font-weight-normal\">F30\/F90 yang\u0131n emniyeti mu\u0308mku\u0308n<\/h3>\t\n\t\t\n\t\t\n\t\t\t\t\n\t\t\n\t\n<\/div>\n<style>.ld_icon_box_6a04de3cbceb2 .iconbox-icon-container{font-size:18px;margin-inline-end:7px !important;border-radius:px;}.ld_icon_box_6a04de3cbceb2 .lqd-iconbox-title{margin-bottom:1px;font-size:15px;}<\/style>\n<div class=\"iconbox iconbox-inline text-align-default ld_icon_box_6a04de3cbceb2 vc_custom_1649717741279\" id=\"ld_icon_box_6a04de3cbceb2\"  data-animate-icon=\"true\"  >\n\t\n\t\t\t\t\t\n\t\n\t<div class=\"iconbox-icon-wrap\"><span class=\"iconbox-icon-container\"><i class=\"lqd-icn-ess icon-ion-ios-checkmark\"><\/i><\/span><\/div>\t\n\t<h3 class=\"lqd-iconbox-title font-weight-normal\">Yang\u0131n emniyeti ile akustik ayarlama kombine edilebilir<\/h3>\t\n\t\t\n\t\t\n\t\t\t\t\n\t\t\n\t\n<\/div>\n<style>.ld_icon_box_6a04de3cbd4f5 .iconbox-icon-container{font-size:18px;margin-inline-end:7px !important;border-radius:px;}.ld_icon_box_6a04de3cbd4f5 .lqd-iconbox-title{margin-bottom:1px;font-size:15px;}<\/style>\n<div class=\"iconbox iconbox-inline text-align-default ld_icon_box_6a04de3cbd4f5 vc_custom_1649717753252\" id=\"ld_icon_box_6a04de3cbd4f5\"  data-animate-icon=\"true\"  >\n\t\n\t\t\t\t\t\n\t\n\t<div class=\"iconbox-icon-wrap\"><span class=\"iconbox-icon-container\"><i class=\"lqd-icn-ess icon-ion-ios-checkmark\"><\/i><\/span><\/div>\t\n\t<h3 class=\"lqd-iconbox-title font-weight-normal\">Zemin do\u0308s\u0327emesinden vazgec\u0327ilebilir<\/h3>\t\n\t\t\n\t\t\n\t\t\t\t\n\t\t\n\t\n<\/div>\n<style>.ld_icon_box_6a04de3cbd92c .iconbox-icon-container{font-size:18px;margin-inline-end:7px !important;border-radius:px;}.ld_icon_box_6a04de3cbd92c .lqd-iconbox-title{margin-bottom:1px;font-size:15px;}<\/style>\n<div class=\"iconbox iconbox-inline text-align-default ld_icon_box_6a04de3cbd92c vc_custom_1649717766932\" id=\"ld_icon_box_6a04de3cbd92c\"  data-animate-icon=\"true\"  >\n\t\n\t\t\t\t\t\n\t\n\t<div class=\"iconbox-icon-wrap\"><span class=\"iconbox-icon-container\"><i class=\"lqd-icn-ess icon-ion-ios-checkmark\"><\/i><\/span><\/div>\t\n\t<h3 class=\"lqd-iconbox-title font-weight-normal\">Asma iklim tavan\u0131, ev teknolojisi ic\u0327in mekan sag\u0306lar<\/h3>\t\n\t\t\n\t\t\n\t\t\t\t\n\t\t\n\t\n<\/div>\n<style>.ld_icon_box_6a04de3cbddaa .iconbox-icon-container{font-size:18px;margin-inline-end:7px !important;border-radius:px;}.ld_icon_box_6a04de3cbddaa .lqd-iconbox-title{margin-bottom:1px;font-size:15px;}<\/style>\n<div class=\"iconbox iconbox-inline text-align-default ld_icon_box_6a04de3cbddaa vc_custom_1649717780426\" id=\"ld_icon_box_6a04de3cbddaa\"  data-animate-icon=\"true\"  >\n\t\n\t\t\t\t\t\n\t\n\t<div class=\"iconbox-icon-wrap\"><span class=\"iconbox-icon-container\"><i class=\"lqd-icn-ess icon-ion-ios-checkmark\"><\/i><\/span><\/div>\t\n\t<h3 class=\"lqd-iconbox-title font-weight-normal\">Yayl\u0131 asma tavan mevcut ise, ses yal\u0131t\u0131m\u0131 etkisi yaratarak, do\u0308s\u0327eme s\u0327ekline go\u0308re, zemindeki ayak ses yal\u0131t\u0131m o\u0308zellig\u0306ini sag\u0306layabilir.<\/h3>\t\n\t\t\n\t\t\n\t\t\t\t\n\t\t\n\t\n<\/div>\n[\/vc_column][vc_column enable_hover_move=&#8221;lqd-column-move-onhover&#8221; hover_move_value=&#8221;-5px&#8221; width=&#8221;1\/2&#8243; column_top_onmobile=&#8221;yes&#8221;][vc_single_image image=&#8221;12080&#8243; css=&#8221;.vc_custom_1649718848089{border-top-width: 2px !important;border-right-width: 2px !important;border-bottom-width: 2px !important;border-left-width: 2px !important;border-left-color: #ffffff !important;border-left-style: solid !important;border-right-color: #ffffff !important;border-right-style: solid !important;border-top-color: #ffffff !important;border-top-style: solid !important;border-bottom-color: #ffffff !important;border-bottom-style: solid !important;border-radius: 10px !important;}&#8221;][\/vc_column][\/vc_row]<\/p>\n","protected":false},"excerpt":{"rendered":"<p>[vc_row content_placement=&#8221;middle&#8221; responsive_css=&#8221;margin_top_large:50px|margin_bottom_large:50px&#8221; css=&#8221;.vc_custom_1649874525724{margin-top: 30px !important;}&#8221;][vc_column width=&#8221;1\/2&#8243; responsive_css=&#8221;margin_top_large:-30px&#8221;][vc_column_text]KlimaTop Turkey profilleri tu\u0308m ana c\u0327izgi ve tu\u0308m yas\u0327am alan\u0131 kullan\u0131m\u0131 ic\u0327in uygundur. Ahs\u0327ap veya beton olmas\u0131na bak\u0131lmaks\u0131z\u0131n, istenilen her c\u0327es\u0327it tavana monte edilebilir. Ve uygun do\u0308s\u0327eme sayesinde, F30 ve F60 yang\u0131n emniyeti talepleri tek bas\u0327\u0131na etkili alt davana do\u0308nu\u0308s\u0327tu\u0308ru\u0308lebiliyor. Bunun d\u0131s\u0327\u0131nda, halka emiciler ile ic\u0327 mekanlar\u0131n akustig\u0306i [&hellip;]<\/p>\n","protected":false},"author":1,"featured_media":0,"parent":0,"menu_order":0,"comment_status":"closed","ping_status":"closed","template":"","meta":{"footnotes":""},"class_list":["post-12052","page","type-page","status-publish","hentry"],"aioseo_notices":[],"_links":{"self":[{"href":"https:\/\/www.klimatopturkey.com\/en\/wp-json\/wp\/v2\/pages\/12052","targetHints":{"allow":["GET"]}}],"collection":[{"href":"https:\/\/www.klimatopturkey.com\/en\/wp-json\/wp\/v2\/pages"}],"about":[{"href":"https:\/\/www.klimatopturkey.com\/en\/wp-json\/wp\/v2\/types\/page"}],"author":[{"embeddable":true,"href":"https:\/\/www.klimatopturkey.com\/en\/wp-json\/wp\/v2\/users\/1"}],"replies":[{"embeddable":true,"href":"https:\/\/www.klimatopturkey.com\/en\/wp-json\/wp\/v2\/comments?post=12052"}],"version-history":[{"count":0,"href":"https:\/\/www.klimatopturkey.com\/en\/wp-json\/wp\/v2\/pages\/12052\/revisions"}],"wp:attachment":[{"href":"https:\/\/www.klimatopturkey.com\/en\/wp-json\/wp\/v2\/media?parent=12052"}],"curies":[{"name":"wp","href":"https:\/\/api.w.org\/{rel}","templated":true}]}}