{"id":11919,"date":"2022-04-11T13:40:39","date_gmt":"2022-04-11T10:40:39","guid":{"rendered":"https:\/\/www.prografik.club\/demo\/pro-firma-v1\/?page_id=11919"},"modified":"2022-04-11T13:40:39","modified_gmt":"2022-04-11T10:40:39","slug":"indirmeler","status":"publish","type":"page","link":"https:\/\/www.klimatopturkey.com\/en\/indirmeler\/","title":{"rendered":"\u0130ndirme Merkezi"},"content":{"rendered":"<p>[vc_row responsive_css=&#8221;margin_top_large:50px|margin_bottom_large:50px&#8221; css=&#8221;.vc_custom_1649802553218{margin-top: 30px !important;margin-bottom: 30px !important;}&#8221;][vc_column enable_hover_move=&#8221;lqd-column-move-onhover&#8221; hover_move_value=&#8221;-5px&#8221; width=&#8221;1\/3&#8243; enable_column_shadowbox=&#8221;yes&#8221; css=&#8221;.vc_custom_1649796828196{margin-bottom: 20px !important;padding-top: 35px !important;padding-right: 24px !important;padding-bottom: 35px !important;padding-left: 24px !important;background-color: #ffffff !important;border-radius: 10px !important;}&#8221; column_box_shadow=&#8221;%5B%7B%22x_offset%22%3A%220px%22%2C%22y_offset%22%3A%220px%22%2C%22blur_radius%22%3A%2220px%22%2C%22shadow_color%22%3A%22rgba(0%2C%200%2C%200%2C%200.06)%22%7D%5D&#8221; responsive_align=&#8221;text-center&#8221;]<style>.ld_icon_box_6a04de6e13083 .iconbox-icon-container{color:rgb(241, 153, 33);margin-bottom:10px !important;border-radius:px;}.ld_icon_box_6a04de6e13083:hover .iconbox-icon-container{color:rgb(5, 5, 5);}.ld_icon_box_6a04de6e13083 .lqd-iconbox-title{margin-bottom:1px;font-size:16px;}.ld_icon_box_6a04de6e13083{background:rgb(255, 255, 255);}.ld_icon_box_6a04de6e13083 .iconbox-icon-container img,.ld_icon_box_6a04de6e13083 .iconbox-icon-container > svg{width:72px !important;}<\/style>\n<div class=\"iconbox text-align-default iconbox-round iconbox-md iconbox-filled iconbox-contents-show-onhover ld_icon_box_6a04de6e13083 vc_custom_1649803144036\" id=\"ld_icon_box_6a04de6e13083\"  data-animated-svg=\"true\" data-animate-icon=\"true\" data-plugin-options='{\"file\":\"https:\\\/\\\/www.klimatopturkey.com\\\/en\\\/wp-content\\\/plugins\\\/hub-core\\\/assets\\\/vendors\\\/animated-icons\\\/svg\\\/basic_elaboration_folder_picture.svg\",\"color\":\"rgb(241, 153, 33)\",\"hoverColor\":\"rgb(5, 5, 5)\"}'  data-slideelement-onhover=\"true\" data-slideelement-options='{ \"visibleElement\": \".iconbox-icon-wrap, p, h3\", \"hiddenElement\": \".btn\", \"alignMid\": true }'>\n\t\n\t\t\t\t\t\n\t\n\t<div class=\"iconbox-icon-wrap\"><span class=\"iconbox-icon-container\"><\/span><\/div>\t\n\t<h3 class=\"lqd-iconbox-title font-weight-normal\">KlimaTop Turkey<\/h3>\t\n\t<div class=\"contents\">\t\n\t\t\n\t\t<p><span style=\"font-size: 21px\"><strong>\u00dcr\u00fcn Katalo\u011fu<\/strong><\/span><\/p>\n\t\t\n\t<\/div>\t\n\t\n<\/div>\n<style>.ld_fancy_heading_6a04de6e3913b p {margin-bottom:1em !important;  } .ld_fancy_heading_6a04de6e3913b .lqd-highlight-inner{height:0.275em!important;bottom:0px!important;}.ld_fancy_heading_6a04de6e3913b p {margin-bottom:1em !important;  } <\/style><div class=\"ld-fancy-heading ld_fancy_heading_6a04de6e3913b\">\n\t<p class=\"ld-fh-element lqd-highlight-underline lqd-highlight-grow-left text-decoration-default\"   >  \u00dcr\u00fcn hakk\u0131ndaki tan\u0131t\u0131m ve detaylar\u0131n bulundu\u011fu pdf d\u00f6k\u00fcman\u0131 indirebilirsiniz.<\/p><\/div><style>.ld_button_6a04de6e3a207.btn-icon-solid .btn-icon{background:rgb(7, 17, 16);}.ld_button_6a04de6e3a207.btn-icon-circle.btn-icon-ripple .btn-icon:before{border-color:rgb(7, 17, 16);}.ld_button_6a04de6e3a207.btn-icon-solid:hover .btn-icon{background:rgb(244, 156, 0);}.ld_button_6a04de6e3a207 .btn-icon{font-size:24px;}.ld_button_6a04de6e3a207{background-color:rgb(7, 17, 16);border-color:rgb(7, 17, 16);color:rgb(255, 255, 255);}.ld_button_6a04de6e3a207:hover{background-color:rgb(244, 156, 0);border-color:rgb(244, 156, 0);color:rgb(255, 255, 255);}.ld_button_6a04de6e3a207 .btn-gradient-bg-hover{background:-webkit-linear-gradient(to right, rgb(244, 156, 0) 0%, rgb(244, 156, 0) 100%);background:linear-gradient(to right, rgb(244, 156, 0) 0%, rgb(244, 156, 0) 100%);}.ld_button_6a04de6e3a207 .btn-gradient-border defs stop:first-child{stop-color:rgb(7, 17, 16);}.ld_button_6a04de6e3a207 .btn-gradient-border defs stop:last-child{stop-color:rgb(7, 17, 16);}.ld_button_6a04de6e3a207:hover .btn-gradient-border defs stop:first-child{stop-color:rgb(244, 156, 0);}.ld_button_6a04de6e3a207:hover .btn-gradient-border defs stop:last-child{stop-color:rgb(244, 156, 0);}.ld_button_6a04de6e3a207 {font-size:16px; } .ld_button_6a04de6e3a207 {font-weight:600; } .ld_button_6a04de6e3a207 {letter-spacing:0px; } .ld_button_6a04de6e3a207 {font-size:16px; } .ld_button_6a04de6e3a207 {font-weight:600; } .ld_button_6a04de6e3a207 {letter-spacing:0px; } <\/style><a href=\"https:\/\/www.prografik.club\/demo\/pro-firma-v1\/wp-content\/uploads\/2022\/04\/KlimaTop-Turkey-Urun-Katalogu.pdf\" title=\"KlimaTop Turkey \u00dcr\u00fcn Katalo\u011fu\" target=\"_blank\" class=\"btn btn-solid btn-sm round border-thin btn-icon-left btn-hover-swp btn-has-label ld_button_6a04de6e3a207 vc_custom_1649800894682\" >\n\t<span>\n\t\t\n\t\t\t\t\t<span class=\"btn-txt\" data-text=\"Katalo\u011fu \u0130ndir\" >Katalo\u011fu \u0130ndir<\/span>\n\t\t\t\n\t<span class=\"btn-icon\"><i class=\"fas fa-file-pdf\"><\/i><\/span>\t<span class=\"btn-icon\"><i class=\"fas fa-file-pdf\"><\/i><\/span>\t\t\t<\/span>\n<\/a>\n[\/vc_column][vc_column enable_hover_move=&#8221;lqd-column-move-onhover&#8221; hover_move_value=&#8221;-5px&#8221; width=&#8221;1\/3&#8243; enable_column_shadowbox=&#8221;yes&#8221; css=&#8221;.vc_custom_1649796820628{margin-bottom: 20px !important;padding-top: 35px !important;padding-right: 24px !important;padding-bottom: 35px !important;padding-left: 24px !important;background-color: #ffffff !important;border-radius: 10px !important;}&#8221; column_box_shadow=&#8221;%5B%7B%22x_offset%22%3A%220px%22%2C%22y_offset%22%3A%220px%22%2C%22blur_radius%22%3A%2220px%22%2C%22shadow_color%22%3A%22rgba(0%2C%200%2C%200%2C%200.06)%22%7D%5D&#8221; responsive_align=&#8221;text-center&#8221;]<style>.ld_icon_box_6a04de6e3b4f2 .iconbox-icon-container{color:rgb(241, 153, 33);margin-bottom:10px !important;border-radius:px;}.ld_icon_box_6a04de6e3b4f2:hover .iconbox-icon-container{color:rgb(5, 5, 5);}.ld_icon_box_6a04de6e3b4f2 .lqd-iconbox-title{margin-bottom:1px;font-size:16px;}.ld_icon_box_6a04de6e3b4f2{background:rgb(255, 255, 255);}.ld_icon_box_6a04de6e3b4f2 .iconbox-icon-container img,.ld_icon_box_6a04de6e3b4f2 .iconbox-icon-container > svg{width:72px !important;}<\/style>\n<div class=\"iconbox text-align-default iconbox-round iconbox-md iconbox-filled iconbox-contents-show-onhover ld_icon_box_6a04de6e3b4f2 vc_custom_1649803173076\" id=\"ld_icon_box_6a04de6e3b4f2\"  data-animated-svg=\"true\" data-animate-icon=\"true\" data-plugin-options='{\"file\":\"https:\\\/\\\/www.klimatopturkey.com\\\/en\\\/wp-content\\\/plugins\\\/hub-core\\\/assets\\\/vendors\\\/animated-icons\\\/svg\\\/basic_elaboration_folder_check.svg\",\"color\":\"rgb(241, 153, 33)\",\"hoverColor\":\"rgb(5, 5, 5)\"}'  data-slideelement-onhover=\"true\" data-slideelement-options='{ \"visibleElement\": \".iconbox-icon-wrap, p, h3\", \"hiddenElement\": \".btn\", \"alignMid\": true }'>\n\t\n\t\t\t\t\t\n\t\n\t<div class=\"iconbox-icon-wrap\"><span class=\"iconbox-icon-container\"><\/span><\/div>\t\n\t<h3 class=\"lqd-iconbox-title font-weight-normal\">KlimaTop Turkey<\/h3>\t\n\t<div class=\"contents\">\t\n\t\t\n\t\t<p><span style=\"font-size: 21px\"><strong>Kurulum K\u0131lavuzu<\/strong><\/span><\/p>\n\t\t\n\t<\/div>\t\n\t\n<\/div>\n<style>.ld_fancy_heading_6a04de6e4897a p {margin-bottom:1em !important;  } .ld_fancy_heading_6a04de6e4897a .lqd-highlight-inner{height:0.275em!important;bottom:0px!important;}.ld_fancy_heading_6a04de6e4897a p {margin-bottom:1em !important;  } <\/style><div class=\"ld-fancy-heading ld_fancy_heading_6a04de6e4897a\">\n\t<p class=\"ld-fh-element lqd-highlight-underline lqd-highlight-grow-left text-decoration-default\"   >  \u00dcr\u00fcn kurulumu ve teknik detaylar\u0131n\u0131n bulundu\u011fu pdf d\u00f6k\u00fcman\u0131 indirebilirsiniz.<\/p><\/div><style>.ld_button_6a04de6e4a490.btn-icon-solid .btn-icon{background:rgb(7, 17, 16);}.ld_button_6a04de6e4a490.btn-icon-circle.btn-icon-ripple .btn-icon:before{border-color:rgb(7, 17, 16);}.ld_button_6a04de6e4a490.btn-icon-solid:hover .btn-icon{background:rgb(244, 156, 0);}.ld_button_6a04de6e4a490 .btn-icon{font-size:24px;}.ld_button_6a04de6e4a490{background-color:rgb(7, 17, 16);border-color:rgb(7, 17, 16);color:rgb(255, 255, 255);}.ld_button_6a04de6e4a490:hover{background-color:rgb(244, 156, 0);border-color:rgb(244, 156, 0);color:rgb(255, 255, 255);}.ld_button_6a04de6e4a490 .btn-gradient-bg-hover{background:-webkit-linear-gradient(to right, rgb(244, 156, 0) 0%, rgb(244, 156, 0) 100%);background:linear-gradient(to right, rgb(244, 156, 0) 0%, rgb(244, 156, 0) 100%);}.ld_button_6a04de6e4a490 .btn-gradient-border defs stop:first-child{stop-color:rgb(7, 17, 16);}.ld_button_6a04de6e4a490 .btn-gradient-border defs stop:last-child{stop-color:rgb(7, 17, 16);}.ld_button_6a04de6e4a490:hover .btn-gradient-border defs stop:first-child{stop-color:rgb(244, 156, 0);}.ld_button_6a04de6e4a490:hover .btn-gradient-border defs stop:last-child{stop-color:rgb(244, 156, 0);}.ld_button_6a04de6e4a490 {font-size:16px; } .ld_button_6a04de6e4a490 {font-weight:600; } .ld_button_6a04de6e4a490 {letter-spacing:0px; } .ld_button_6a04de6e4a490 {font-size:16px; } .ld_button_6a04de6e4a490 {font-weight:600; } .ld_button_6a04de6e4a490 {letter-spacing:0px; } <\/style><a href=\"https:\/\/www.prografik.club\/demo\/pro-firma-v1\/wp-content\/uploads\/2022\/04\/KlimaTop-Turkey-Kurulum-Kilavuzu.pdf\" title=\"KlimaTop Turkey Kurulum K\u0131lavuzu\" target=\"_blank\" class=\"btn btn-solid btn-sm round border-thin btn-icon-left btn-hover-swp btn-has-label ld_button_6a04de6e4a490 vc_custom_1649801098876\" >\n\t<span>\n\t\t\n\t\t\t\t\t<span class=\"btn-txt\" data-text=\"K\u0131lavuzu \u0130ndir\" >K\u0131lavuzu \u0130ndir<\/span>\n\t\t\t\n\t<span class=\"btn-icon\"><i class=\"fas fa-file-pdf\"><\/i><\/span>\t<span class=\"btn-icon\"><i class=\"fas fa-file-pdf\"><\/i><\/span>\t\t\t<\/span>\n<\/a>\n[\/vc_column][vc_column enable_hover_move=&#8221;lqd-column-move-onhover&#8221; hover_move_value=&#8221;-5px&#8221; width=&#8221;1\/3&#8243; enable_column_shadowbox=&#8221;yes&#8221; css=&#8221;.vc_custom_1649796838352{margin-bottom: 20px !important;padding-top: 35px !important;padding-right: 24px !important;padding-bottom: 35px !important;padding-left: 24px !important;background-color: #ffffff !important;border-radius: 10px !important;}&#8221; column_box_shadow=&#8221;%5B%7B%22x_offset%22%3A%220px%22%2C%22y_offset%22%3A%220px%22%2C%22blur_radius%22%3A%2220px%22%2C%22shadow_color%22%3A%22rgba(0%2C%200%2C%200%2C%200.06)%22%7D%5D&#8221; responsive_align=&#8221;text-center&#8221;]<style>.ld_icon_box_6a04de6e4b9a3 .iconbox-icon-container{color:rgb(241, 153, 33);margin-bottom:10px !important;border-radius:px;}.ld_icon_box_6a04de6e4b9a3:hover .iconbox-icon-container{color:rgb(5, 5, 5);}.ld_icon_box_6a04de6e4b9a3 .lqd-iconbox-title{margin-bottom:1px;font-size:16px;}.ld_icon_box_6a04de6e4b9a3{background:rgb(255, 255, 255);}.ld_icon_box_6a04de6e4b9a3 .iconbox-icon-container img,.ld_icon_box_6a04de6e4b9a3 .iconbox-icon-container > svg{width:72px !important;}<\/style>\n<div class=\"iconbox text-align-default iconbox-round iconbox-md iconbox-filled iconbox-contents-show-onhover ld_icon_box_6a04de6e4b9a3 vc_custom_1649803183204\" id=\"ld_icon_box_6a04de6e4b9a3\"  data-animated-svg=\"true\" data-animate-icon=\"true\" data-plugin-options='{\"file\":\"https:\\\/\\\/www.klimatopturkey.com\\\/en\\\/wp-content\\\/plugins\\\/hub-core\\\/assets\\\/vendors\\\/animated-icons\\\/svg\\\/basic_elaboration_folder_document.svg\",\"color\":\"rgb(241, 153, 33)\",\"hoverColor\":\"rgb(5, 5, 5)\"}'  data-slideelement-onhover=\"true\" data-slideelement-options='{ \"visibleElement\": \".iconbox-icon-wrap, p, h3\", \"hiddenElement\": \".btn\", \"alignMid\": true }'>\n\t\n\t\t\t\t\t\n\t\n\t<div class=\"iconbox-icon-wrap\"><span class=\"iconbox-icon-container\"><\/span><\/div>\t\n\t<h3 class=\"lqd-iconbox-title font-weight-normal\">KlimaTop Turkey<\/h3>\t\n\t<div class=\"contents\">\t\n\t\t\n\t\t<p><span style=\"font-size: 21px\"><strong>Kalite Belgeleri<\/strong><\/span><\/p>\n\t\t\n\t<\/div>\t\n\t\n<\/div>\n<style>.ld_fancy_heading_6a04de6e64b2e p {margin-bottom:1em !important;  } .ld_fancy_heading_6a04de6e64b2e .lqd-highlight-inner{height:0.275em!important;bottom:0px!important;}.ld_fancy_heading_6a04de6e64b2e p {margin-bottom:1em !important;  } <\/style><div class=\"ld-fancy-heading ld_fancy_heading_6a04de6e64b2e\">\n\t<p class=\"ld-fh-element lqd-highlight-underline lqd-highlight-grow-left text-decoration-default\"   >  \u00dcr\u00fcn\u00fcm\u00fcze ait kalite belgelerinin bulundu\u011fu pdf d\u00f6k\u00fcman\u0131 indirebilirsiniz.<\/p><\/div><style>.ld_button_6a04de6e65f11.btn-icon-solid .btn-icon{background:rgb(7, 17, 16);}.ld_button_6a04de6e65f11.btn-icon-circle.btn-icon-ripple .btn-icon:before{border-color:rgb(7, 17, 16);}.ld_button_6a04de6e65f11.btn-icon-solid:hover .btn-icon{background:rgb(244, 156, 0);}.ld_button_6a04de6e65f11 .btn-icon{font-size:24px;}.ld_button_6a04de6e65f11{background-color:rgb(7, 17, 16);border-color:rgb(7, 17, 16);color:rgb(255, 255, 255);}.ld_button_6a04de6e65f11:hover{background-color:rgb(244, 156, 0);border-color:rgb(244, 156, 0);color:rgb(255, 255, 255);}.ld_button_6a04de6e65f11 .btn-gradient-bg-hover{background:-webkit-linear-gradient(to right, rgb(244, 156, 0) 0%, rgb(244, 156, 0) 100%);background:linear-gradient(to right, rgb(244, 156, 0) 0%, rgb(244, 156, 0) 100%);}.ld_button_6a04de6e65f11 .btn-gradient-border defs stop:first-child{stop-color:rgb(7, 17, 16);}.ld_button_6a04de6e65f11 .btn-gradient-border defs stop:last-child{stop-color:rgb(7, 17, 16);}.ld_button_6a04de6e65f11:hover .btn-gradient-border defs stop:first-child{stop-color:rgb(244, 156, 0);}.ld_button_6a04de6e65f11:hover .btn-gradient-border defs stop:last-child{stop-color:rgb(244, 156, 0);}.ld_button_6a04de6e65f11 {font-size:16px; } .ld_button_6a04de6e65f11 {font-weight:600; } .ld_button_6a04de6e65f11 {letter-spacing:0px; } .ld_button_6a04de6e65f11 {font-size:16px; } .ld_button_6a04de6e65f11 {font-weight:600; } .ld_button_6a04de6e65f11 {letter-spacing:0px; } <\/style><a href=\"https:\/\/www.prografik.club\/demo\/pro-firma-v1\/wp-content\/uploads\/2022\/04\/KlimaTop-Turkey-Kalite-Sertifikalari.pdf\" title=\"KlimaTop Turkey Kalite Sertifikalar\u0131\" target=\"_blank\" class=\"btn btn-solid btn-sm round border-thin btn-icon-left btn-hover-swp btn-has-label ld_button_6a04de6e65f11 vc_custom_1649802114534\" >\n\t<span>\n\t\t\n\t\t\t\t\t<span class=\"btn-txt\" data-text=\"Belgeleri \u0130ndir\" >Belgeleri \u0130ndir<\/span>\n\t\t\t\n\t<span class=\"btn-icon\"><i class=\"fas fa-file-pdf\"><\/i><\/span>\t<span class=\"btn-icon\"><i class=\"fas fa-file-pdf\"><\/i><\/span>\t\t\t<\/span>\n<\/a>\n[\/vc_column][\/vc_row]<\/p>\n","protected":false},"excerpt":{"rendered":"<p>[vc_row responsive_css=&#8221;margin_top_large:50px|margin_bottom_large:50px&#8221; css=&#8221;.vc_custom_1649802553218{margin-top: 30px !important;margin-bottom: 30px !important;}&#8221;][vc_column enable_hover_move=&#8221;lqd-column-move-onhover&#8221; hover_move_value=&#8221;-5px&#8221; width=&#8221;1\/3&#8243; enable_column_shadowbox=&#8221;yes&#8221; css=&#8221;.vc_custom_1649796828196{margin-bottom: 20px !important;padding-top: 35px !important;padding-right: 24px !important;padding-bottom: 35px !important;padding-left: 24px !important;background-color: #ffffff !important;border-radius: 10px !important;}&#8221; column_box_shadow=&#8221;%5B%7B%22x_offset%22%3A%220px%22%2C%22y_offset%22%3A%220px%22%2C%22blur_radius%22%3A%2220px%22%2C%22shadow_color%22%3A%22rgba(0%2C%200%2C%200%2C%200.06)%22%7D%5D&#8221; responsive_align=&#8221;text-center&#8221;][\/vc_column][vc_column enable_hover_move=&#8221;lqd-column-move-onhover&#8221; hover_move_value=&#8221;-5px&#8221; width=&#8221;1\/3&#8243; enable_column_shadowbox=&#8221;yes&#8221; css=&#8221;.vc_custom_1649796820628{margin-bottom: 20px !important;padding-top: 35px !important;padding-right: 24px !important;padding-bottom: 35px !important;padding-left: 24px !important;background-color: #ffffff !important;border-radius: 10px !important;}&#8221; column_box_shadow=&#8221;%5B%7B%22x_offset%22%3A%220px%22%2C%22y_offset%22%3A%220px%22%2C%22blur_radius%22%3A%2220px%22%2C%22shadow_color%22%3A%22rgba(0%2C%200%2C%200%2C%200.06)%22%7D%5D&#8221; responsive_align=&#8221;text-center&#8221;][\/vc_column][vc_column enable_hover_move=&#8221;lqd-column-move-onhover&#8221; hover_move_value=&#8221;-5px&#8221; width=&#8221;1\/3&#8243; enable_column_shadowbox=&#8221;yes&#8221; css=&#8221;.vc_custom_1649796838352{margin-bottom: 20px [&hellip;]<\/p>\n","protected":false},"author":1,"featured_media":0,"parent":0,"menu_order":0,"comment_status":"closed","ping_status":"closed","template":"","meta":{"footnotes":""},"class_list":["post-11919","page","type-page","status-publish","hentry"],"aioseo_notices":[],"_links":{"self":[{"href":"https:\/\/www.klimatopturkey.com\/en\/wp-json\/wp\/v2\/pages\/11919","targetHints":{"allow":["GET"]}}],"collection":[{"href":"https:\/\/www.klimatopturkey.com\/en\/wp-json\/wp\/v2\/pages"}],"about":[{"href":"https:\/\/www.klimatopturkey.com\/en\/wp-json\/wp\/v2\/types\/page"}],"author":[{"embeddable":true,"href":"https:\/\/www.klimatopturkey.com\/en\/wp-json\/wp\/v2\/users\/1"}],"replies":[{"embeddable":true,"href":"https:\/\/www.klimatopturkey.com\/en\/wp-json\/wp\/v2\/comments?post=11919"}],"version-history":[{"count":0,"href":"https:\/\/www.klimatopturkey.com\/en\/wp-json\/wp\/v2\/pages\/11919\/revisions"}],"wp:attachment":[{"href":"https:\/\/www.klimatopturkey.com\/en\/wp-json\/wp\/v2\/media?parent=11919"}],"curies":[{"name":"wp","href":"https:\/\/api.w.org\/{rel}","templated":true}]}}