{"id":10712,"date":"2022-03-26T18:32:37","date_gmt":"2022-03-26T15:32:37","guid":{"rendered":"https:\/\/www.prografik.club\/demo\/pro-firma-v1\/?page_id=10712"},"modified":"2022-04-25T15:33:36","modified_gmt":"2022-04-25T12:33:36","slug":"hucreli-fanlar","status":"publish","type":"page","link":"https:\/\/www.klimatopturkey.com\/en\/venbreeze\/urunler\/fanlar\/hucreli-fanlar\/","title":{"rendered":"H\u00fccreli Fanlar"},"content":{"rendered":"<p>[vc_row equal_height=&#8221;yes&#8221; css=&#8221;.vc_custom_1650287729458{margin-top: 50px !important;margin-bottom: 80px !important;}&#8221;][vc_column responsive_align=&#8221;text-center&#8221;]<style>.ld_portfolio_listing_6a04f473e0a65 .lqd-pf-overlay-bg{background:rgba(255, 255, 255, 0.6);}.ld_portfolio_listing_6a04f473e0a65 .lqd-pf-details h2{font-size:14px;}.ld_portfolio_listing_6a04f473e0a65 .liquid-filter-items{margin-bottom:50px;}.ld_portfolio_listing_6a04f473e0a65 .lqd-pf-details p{color:rgb(255, 0, 0);}.ld_portfolio_listing_6a04f473e0a65 .lqd-pf-details a{color:rgb(255, 0, 0);}.ld_portfolio_listing_6a04f473e0a65 .grid-6a04f473e77f0{margin-inline-start:-10px;margin-inline-end:-10px;}.ld_portfolio_listing_6a04f473e0a65 .grid-6a04f473e77f0 .masonry-item{padding-inline-start:10px;padding-inline-end:10px;}.ld_portfolio_listing_6a04f473e0a65 .carousel-item{padding-inline-start:10px;padding-inline-end:10px;}.ld_portfolio_listing_6a04f473e0a65 .carousel-nav{padding-inline-start:calc(10px - 13px);padding-inline-end:calc(10px - 13px);}.ld_portfolio_listing_6a04f473e0a65 .grid-6a04f473e77f0 .lqd-pf-item{margin-bottom:25px;}<\/style><div class=\"lqd-pf-grid ld_portfolio_listing_6a04f473e0a65\"><div id=\"grid-6a04f473e77f0\" class=\"lqd-pf-row row d-flex flex-wrap grid-6a04f473e77f0\" data-liquid-masonry=\"true\" data-masonry-options='{ \"layoutMode\": \"packery\" }' ><div class=\"lqd-pf-column col-md-4 col-sm-6 col-xs-12 col-sm-6 col-xs-12 masonry-item hucreli-fanlar kanal-tipi-fanlar\">\n\n\t<article id=\"post-12563\" class=\"lqd-pf-item lqd-pf-item-style-6 border-radius-6 p-3 pt-4 lqd-pf-color-custom post-12563 liquid-portfolio type-liquid-portfolio status-publish format-standard has-post-thumbnail hentry liquid-portfolio-category-hucreli-fanlar liquid-portfolio-category-kanal-tipi-fanlar\">\n\t\t<div class=\"lqd-pf-item-inner\">\n\n\t\t\t<div class=\"lqd-pf-img mb-3 pos-rel border-radius-10 overflow-hidden\">\n\t\t\t\t<figure>\n\t\t\t\t\t<figure ><img loading=\"lazy\" decoding=\"async\" width=\"748\" height=\"512\" src=\"https:\/\/www.klimatopturkey.com\/en\/wp-content\/uploads\/2022\/04\/vkf-kabinli-fanlar-cover-748x512.png\" class=\"w-100 wp-post-image\" alt=\"\" \/><\/figure>\t\t\t\t<\/figure>\n\t\t\t\t<span class=\"lqd-pf-overlay-bg lqd-overlay d-flex align-items-center justify-content-center\">\n\t\t\t\t<\/span>\n\t\t\t<\/div>\n\n\t\t\t<div class=\"lqd-pf-details\">\n\t\t\t\t<div class=\"d-flex justify-content-between\">\n\t\t\t\t\t\t\t\t\t\t<h2 class=\"lqd-pf-title mt-0 align-items-center \">VKF Kabinli Fanlar<\/h2>\t\t\t\t\t\t\t\t\t<\/div>\n\t\t\t\t<ul class=\"reset-ul inline-nav lqd-pf-cat d-inline-flex pos-rel z-index-2 w-100\"><li><a href=\"https:\/\/www.klimatopturkey.com\/en\/urunler\/hucreli-fanlar\/\">H\u00fccreli Fanlar<\/a><\/li><\/ul>\t\t\t<\/div>\n\n\t\t\t<a href=\"https:\/\/www.klimatopturkey.com\/en\/urunler\/vkf-kabinli-fanlar\/\"  class=\"lqd-overlay lqd-pf-overlay-link lqd-cc-label-trigger\"><\/a>\n\t\t<\/div>\n\t<\/article>\n\n<\/div><div class=\"lqd-pf-column col-md-4 col-sm-6 col-xs-12 col-sm-6 col-xs-12 masonry-item duman-egzoz-fanlari hucreli-fanlar jet-fan-sistemleri\">\n\n\t<article id=\"post-12547\" class=\"lqd-pf-item lqd-pf-item-style-6 border-radius-6 p-3 pt-4 lqd-pf-color-custom post-12547 liquid-portfolio type-liquid-portfolio status-publish format-standard has-post-thumbnail hentry liquid-portfolio-category-duman-egzoz-fanlari liquid-portfolio-category-hucreli-fanlar liquid-portfolio-category-jet-fan-sistemleri\">\n\t\t<div class=\"lqd-pf-item-inner\">\n\n\t\t\t<div class=\"lqd-pf-img mb-3 pos-rel border-radius-10 overflow-hidden\">\n\t\t\t\t<figure>\n\t\t\t\t\t<figure ><img loading=\"lazy\" decoding=\"async\" width=\"748\" height=\"512\" src=\"https:\/\/www.klimatopturkey.com\/en\/wp-content\/uploads\/2022\/04\/vax-s-h-hucreli-covere-748x512.png\" class=\"w-100 wp-post-image\" alt=\"\" \/><\/figure>\t\t\t\t<\/figure>\n\t\t\t\t<span class=\"lqd-pf-overlay-bg lqd-overlay d-flex align-items-center justify-content-center\">\n\t\t\t\t<\/span>\n\t\t\t<\/div>\n\n\t\t\t<div class=\"lqd-pf-details\">\n\t\t\t\t<div class=\"d-flex justify-content-between\">\n\t\t\t\t\t\t\t\t\t\t<h2 class=\"lqd-pf-title mt-0 align-items-center \">H\u00fccreli Aksiyal Duman Egzoz Fanlar\u0131 (300\u00b0C &#8211; 2 Saat)<\/h2>\t\t\t\t\t\t\t\t\t<\/div>\n\t\t\t\t<ul class=\"reset-ul inline-nav lqd-pf-cat d-inline-flex pos-rel z-index-2 w-100\"><li><a href=\"https:\/\/www.klimatopturkey.com\/en\/urunler\/duman-egzoz-fanlari\/\">Duman Egzoz Fanlar\u0131<\/a><\/li><\/ul>\t\t\t<\/div>\n\n\t\t\t<a href=\"https:\/\/www.klimatopturkey.com\/en\/urunler\/vax-s-h-hucreli-aksiyal-duman-egzoz-fanlari\/\"  class=\"lqd-overlay lqd-pf-overlay-link lqd-cc-label-trigger\"><\/a>\n\t\t<\/div>\n\t<\/article>\n\n<\/div><div class=\"lqd-pf-column col-md-4 col-sm-6 col-xs-12 col-sm-6 col-xs-12 masonry-item duman-egzoz-fanlari hucreli-fanlar jet-fan-sistemleri\">\n\n\t<article id=\"post-12546\" class=\"lqd-pf-item lqd-pf-item-style-6 border-radius-6 p-3 pt-4 lqd-pf-color-custom post-12546 liquid-portfolio type-liquid-portfolio status-publish format-standard has-post-thumbnail hentry liquid-portfolio-category-duman-egzoz-fanlari liquid-portfolio-category-hucreli-fanlar liquid-portfolio-category-jet-fan-sistemleri\">\n\t\t<div class=\"lqd-pf-item-inner\">\n\n\t\t\t<div class=\"lqd-pf-img mb-3 pos-rel border-radius-10 overflow-hidden\">\n\t\t\t\t<figure>\n\t\t\t\t\t<figure ><img loading=\"lazy\" decoding=\"async\" width=\"748\" height=\"512\" src=\"https:\/\/www.klimatopturkey.com\/en\/wp-content\/uploads\/2022\/04\/van-s-h-cover-748x512.png\" class=\"w-100 wp-post-image\" alt=\"\" \/><\/figure>\t\t\t\t<\/figure>\n\t\t\t\t<span class=\"lqd-pf-overlay-bg lqd-overlay d-flex align-items-center justify-content-center\">\n\t\t\t\t<\/span>\n\t\t\t<\/div>\n\n\t\t\t<div class=\"lqd-pf-details\">\n\t\t\t\t<div class=\"d-flex justify-content-between\">\n\t\t\t\t\t\t\t\t\t\t<h2 class=\"lqd-pf-title mt-0 align-items-center \">H\u00fccreli Aksiyal Duman Egzoz Fanlar\u0131 (400\u00b0C &#8211; 2 Saat)<\/h2>\t\t\t\t\t\t\t\t\t<\/div>\n\t\t\t\t<ul class=\"reset-ul inline-nav lqd-pf-cat d-inline-flex pos-rel z-index-2 w-100\"><li><a href=\"https:\/\/www.klimatopturkey.com\/en\/urunler\/duman-egzoz-fanlari\/\">Duman Egzoz Fanlar\u0131<\/a><\/li><\/ul>\t\t\t<\/div>\n\n\t\t\t<a href=\"https:\/\/www.klimatopturkey.com\/en\/urunler\/van-s-h-hucreli-aksiyal-duman-egzoz-fanlari\/\"  class=\"lqd-overlay lqd-pf-overlay-link lqd-cc-label-trigger\"><\/a>\n\t\t<\/div>\n\t<\/article>\n\n<\/div><div class=\"lqd-pf-column col-md-4 col-sm-6 col-xs-12 col-sm-6 col-xs-12 masonry-item duman-egzoz-fanlari hucreli-fanlar jet-fan-sistemleri\">\n\n\t<article id=\"post-12549\" class=\"lqd-pf-item lqd-pf-item-style-6 border-radius-6 p-3 pt-4 lqd-pf-color-custom post-12549 liquid-portfolio type-liquid-portfolio status-publish format-standard has-post-thumbnail hentry liquid-portfolio-category-duman-egzoz-fanlari liquid-portfolio-category-hucreli-fanlar liquid-portfolio-category-jet-fan-sistemleri\">\n\t\t<div class=\"lqd-pf-item-inner\">\n\n\t\t\t<div class=\"lqd-pf-img mb-3 pos-rel border-radius-10 overflow-hidden\">\n\t\t\t\t<figure>\n\t\t\t\t\t<figure ><img loading=\"lazy\" decoding=\"async\" width=\"748\" height=\"512\" src=\"https:\/\/www.klimatopturkey.com\/en\/wp-content\/uploads\/2022\/04\/vax-s-ch-egzoz-cover-748x512.png\" class=\"w-100 wp-post-image\" alt=\"\" \/><\/figure>\t\t\t\t<\/figure>\n\t\t\t\t<span class=\"lqd-pf-overlay-bg lqd-overlay d-flex align-items-center justify-content-center\">\n\t\t\t\t<\/span>\n\t\t\t<\/div>\n\n\t\t\t<div class=\"lqd-pf-details\">\n\t\t\t\t<div class=\"d-flex justify-content-between\">\n\t\t\t\t\t\t\t\t\t\t<h2 class=\"lqd-pf-title mt-0 align-items-center \">Kapakl\u0131 Tip Aksiyal Duman Egzoz Fanlar\u0131 (300\u00b0C &#8211; 2 Saat)<\/h2>\t\t\t\t\t\t\t\t\t<\/div>\n\t\t\t\t<ul class=\"reset-ul inline-nav lqd-pf-cat d-inline-flex pos-rel z-index-2 w-100\"><li><a href=\"https:\/\/www.klimatopturkey.com\/en\/urunler\/duman-egzoz-fanlari\/\">Duman Egzoz Fanlar\u0131<\/a><\/li><\/ul>\t\t\t<\/div>\n\n\t\t\t<a href=\"https:\/\/www.klimatopturkey.com\/en\/urunler\/vax-s-ch-kapakli-tip-aksiyal-duman-egzoz-fanlari\/\"  class=\"lqd-overlay lqd-pf-overlay-link lqd-cc-label-trigger\"><\/a>\n\t\t<\/div>\n\t<\/article>\n\n<\/div><div class=\"lqd-pf-column col-md-4 col-sm-6 col-xs-12 col-sm-6 col-xs-12 masonry-item duman-egzoz-fanlari hucreli-fanlar jet-fan-sistemleri\">\n\n\t<article id=\"post-12548\" class=\"lqd-pf-item lqd-pf-item-style-6 border-radius-6 p-3 pt-4 lqd-pf-color-custom post-12548 liquid-portfolio type-liquid-portfolio status-publish format-standard has-post-thumbnail hentry liquid-portfolio-category-duman-egzoz-fanlari liquid-portfolio-category-hucreli-fanlar liquid-portfolio-category-jet-fan-sistemleri\">\n\t\t<div class=\"lqd-pf-item-inner\">\n\n\t\t\t<div class=\"lqd-pf-img mb-3 pos-rel border-radius-10 overflow-hidden\">\n\t\t\t\t<figure>\n\t\t\t\t\t<figure ><img loading=\"lazy\" decoding=\"async\" width=\"748\" height=\"512\" src=\"https:\/\/www.klimatopturkey.com\/en\/wp-content\/uploads\/2022\/04\/van-s-ch-cover-748x512.png\" class=\"w-100 wp-post-image\" alt=\"\" \/><\/figure>\t\t\t\t<\/figure>\n\t\t\t\t<span class=\"lqd-pf-overlay-bg lqd-overlay d-flex align-items-center justify-content-center\">\n\t\t\t\t<\/span>\n\t\t\t<\/div>\n\n\t\t\t<div class=\"lqd-pf-details\">\n\t\t\t\t<div class=\"d-flex justify-content-between\">\n\t\t\t\t\t\t\t\t\t\t<h2 class=\"lqd-pf-title mt-0 align-items-center \">Kapakl\u0131 Tip Aksiyal Duman Egzoz Fanlar\u0131 (400\u00b0C &#8211; 2 Saat)<\/h2>\t\t\t\t\t\t\t\t\t<\/div>\n\t\t\t\t<ul class=\"reset-ul inline-nav lqd-pf-cat d-inline-flex pos-rel z-index-2 w-100\"><li><a href=\"https:\/\/www.klimatopturkey.com\/en\/urunler\/duman-egzoz-fanlari\/\">Duman Egzoz Fanlar\u0131<\/a><\/li><\/ul>\t\t\t<\/div>\n\n\t\t\t<a href=\"https:\/\/www.klimatopturkey.com\/en\/urunler\/van-s-ch-kapakli-tip-aksiyal-duman-egzoz-fanlari\/\"  class=\"lqd-overlay lqd-pf-overlay-link lqd-cc-label-trigger\"><\/a>\n\t\t<\/div>\n\t<\/article>\n\n<\/div><div class=\"lqd-pf-column col-md-4 col-sm-6 col-xs-12 col-sm-6 col-xs-12 masonry-item hucreli-fanlar mutfak-egzoz-fanlari\">\n\n\t<article id=\"post-12565\" class=\"lqd-pf-item lqd-pf-item-style-6 border-radius-6 p-3 pt-4 lqd-pf-color-custom post-12565 liquid-portfolio type-liquid-portfolio status-publish format-standard has-post-thumbnail hentry liquid-portfolio-category-hucreli-fanlar liquid-portfolio-category-mutfak-egzoz-fanlari\">\n\t\t<div class=\"lqd-pf-item-inner\">\n\n\t\t\t<div class=\"lqd-pf-img mb-3 pos-rel border-radius-10 overflow-hidden\">\n\t\t\t\t<figure>\n\t\t\t\t\t<figure ><img loading=\"lazy\" decoding=\"async\" width=\"748\" height=\"512\" src=\"https:\/\/www.klimatopturkey.com\/en\/wp-content\/uploads\/2022\/04\/vmh-ec-hucreli-mutfak-cover-748x512.png\" class=\"w-100 wp-post-image\" alt=\"\" \/><\/figure>\t\t\t\t<\/figure>\n\t\t\t\t<span class=\"lqd-pf-overlay-bg lqd-overlay d-flex align-items-center justify-content-center\">\n\t\t\t\t<\/span>\n\t\t\t<\/div>\n\n\t\t\t<div class=\"lqd-pf-details\">\n\t\t\t\t<div class=\"d-flex justify-content-between\">\n\t\t\t\t\t\t\t\t\t\t<h2 class=\"lqd-pf-title mt-0 align-items-center \">EC Fanl\u0131 H\u00fccreli Mutfak Egzoz Fanlar\u0131<\/h2>\t\t\t\t\t\t\t\t\t<\/div>\n\t\t\t\t<ul class=\"reset-ul inline-nav lqd-pf-cat d-inline-flex pos-rel z-index-2 w-100\"><li><a href=\"https:\/\/www.klimatopturkey.com\/en\/urunler\/hucreli-fanlar\/\">H\u00fccreli Fanlar<\/a><\/li><\/ul>\t\t\t<\/div>\n\n\t\t\t<a href=\"https:\/\/www.klimatopturkey.com\/en\/urunler\/vmh-ec-hucreli-mutfak-egzoz-fanlari\/\"  class=\"lqd-overlay lqd-pf-overlay-link lqd-cc-label-trigger\"><\/a>\n\t\t<\/div>\n\t<\/article>\n\n<\/div><div class=\"lqd-pf-column col-md-4 col-sm-6 col-xs-12 col-sm-6 col-xs-12 masonry-item hucreli-fanlar mutfak-egzoz-fanlari\">\n\n\t<article id=\"post-12564\" class=\"lqd-pf-item lqd-pf-item-style-6 border-radius-6 p-3 pt-4 lqd-pf-color-custom post-12564 liquid-portfolio type-liquid-portfolio status-publish format-standard has-post-thumbnail hentry liquid-portfolio-category-hucreli-fanlar liquid-portfolio-category-mutfak-egzoz-fanlari\">\n\t\t<div class=\"lqd-pf-item-inner\">\n\n\t\t\t<div class=\"lqd-pf-img mb-3 pos-rel border-radius-10 overflow-hidden\">\n\t\t\t\t<figure>\n\t\t\t\t\t<figure ><img loading=\"lazy\" decoding=\"async\" width=\"748\" height=\"512\" src=\"https:\/\/www.klimatopturkey.com\/en\/wp-content\/uploads\/2022\/04\/vmh-hucreli-mutfak-cover-748x512.png\" class=\"w-100 wp-post-image\" alt=\"\" \/><\/figure>\t\t\t\t<\/figure>\n\t\t\t\t<span class=\"lqd-pf-overlay-bg lqd-overlay d-flex align-items-center justify-content-center\">\n\t\t\t\t<\/span>\n\t\t\t<\/div>\n\n\t\t\t<div class=\"lqd-pf-details\">\n\t\t\t\t<div class=\"d-flex justify-content-between\">\n\t\t\t\t\t\t\t\t\t\t<h2 class=\"lqd-pf-title mt-0 align-items-center \">H\u00fccreli Mutfak Egzoz Fanlar\u0131<\/h2>\t\t\t\t\t\t\t\t\t<\/div>\n\t\t\t\t<ul class=\"reset-ul inline-nav lqd-pf-cat d-inline-flex pos-rel z-index-2 w-100\"><li><a href=\"https:\/\/www.klimatopturkey.com\/en\/urunler\/hucreli-fanlar\/\">H\u00fccreli Fanlar<\/a><\/li><\/ul>\t\t\t<\/div>\n\n\t\t\t<a href=\"https:\/\/www.klimatopturkey.com\/en\/urunler\/vmh-hucreli-mutfak-egzoz-fanlari\/\"  class=\"lqd-overlay lqd-pf-overlay-link lqd-cc-label-trigger\"><\/a>\n\t\t<\/div>\n\t<\/article>\n\n<\/div><div class=\"lqd-pf-column col-md-4 col-sm-6 col-xs-12 col-sm-6 col-xs-12 masonry-item hucreli-fanlar\">\n\n\t<article id=\"post-12562\" class=\"lqd-pf-item lqd-pf-item-style-6 border-radius-6 p-3 pt-4 lqd-pf-color-custom post-12562 liquid-portfolio type-liquid-portfolio status-publish format-standard has-post-thumbnail hentry liquid-portfolio-category-hucreli-fanlar\">\n\t\t<div class=\"lqd-pf-item-inner\">\n\n\t\t\t<div class=\"lqd-pf-img mb-3 pos-rel border-radius-10 overflow-hidden\">\n\t\t\t\t<figure>\n\t\t\t\t\t<figure ><img loading=\"lazy\" decoding=\"async\" width=\"748\" height=\"512\" src=\"https:\/\/www.klimatopturkey.com\/en\/wp-content\/uploads\/2022\/04\/vb-hucreli-aspirator-cover-748x512.png\" class=\"w-100 wp-post-image\" alt=\"\" \/><\/figure>\t\t\t\t<\/figure>\n\t\t\t\t<span class=\"lqd-pf-overlay-bg lqd-overlay d-flex align-items-center justify-content-center\">\n\t\t\t\t<\/span>\n\t\t\t<\/div>\n\n\t\t\t<div class=\"lqd-pf-details\">\n\t\t\t\t<div class=\"d-flex justify-content-between\">\n\t\t\t\t\t\t\t\t\t\t<h2 class=\"lqd-pf-title mt-0 align-items-center \">H\u00fccreli Aspirat\u00f6rler \/ Vantilat\u00f6rler<\/h2>\t\t\t\t\t\t\t\t\t<\/div>\n\t\t\t\t<ul class=\"reset-ul inline-nav lqd-pf-cat d-inline-flex pos-rel z-index-2 w-100\"><li><a href=\"https:\/\/www.klimatopturkey.com\/en\/urunler\/hucreli-fanlar\/\">H\u00fccreli Fanlar<\/a><\/li><\/ul>\t\t\t<\/div>\n\n\t\t\t<a href=\"https:\/\/www.klimatopturkey.com\/en\/urunler\/vb-hucreli-aspiratorler-vantilatorler\/\"  class=\"lqd-overlay lqd-pf-overlay-link lqd-cc-label-trigger\"><\/a>\n\t\t<\/div>\n\t<\/article>\n\n<\/div><div class=\"lqd-pf-column col-md-4 col-sm-6 col-xs-12 col-sm-6 col-xs-12 masonry-item aksiyal-fanlar hucreli-fanlar\">\n\n\t<article id=\"post-12554\" class=\"lqd-pf-item lqd-pf-item-style-6 border-radius-6 p-3 pt-4 lqd-pf-color-custom post-12554 liquid-portfolio type-liquid-portfolio status-publish format-standard has-post-thumbnail hentry liquid-portfolio-category-aksiyal-fanlar liquid-portfolio-category-hucreli-fanlar\">\n\t\t<div class=\"lqd-pf-item-inner\">\n\n\t\t\t<div class=\"lqd-pf-img mb-3 pos-rel border-radius-10 overflow-hidden\">\n\t\t\t\t<figure>\n\t\t\t\t\t<figure ><img loading=\"lazy\" decoding=\"async\" width=\"748\" height=\"512\" src=\"https:\/\/www.klimatopturkey.com\/en\/wp-content\/uploads\/2022\/04\/vax-ch-kapakli-cover-748x512.png\" class=\"w-100 wp-post-image\" alt=\"\" \/><\/figure>\t\t\t\t<\/figure>\n\t\t\t\t<span class=\"lqd-pf-overlay-bg lqd-overlay d-flex align-items-center justify-content-center\">\n\t\t\t\t<\/span>\n\t\t\t<\/div>\n\n\t\t\t<div class=\"lqd-pf-details\">\n\t\t\t\t<div class=\"d-flex justify-content-between\">\n\t\t\t\t\t\t\t\t\t\t<h2 class=\"lqd-pf-title mt-0 align-items-center \">Kapakl\u0131 Tip Aksiyal Egzoz Fanlar\u0131<\/h2>\t\t\t\t\t\t\t\t\t<\/div>\n\t\t\t\t<ul class=\"reset-ul inline-nav lqd-pf-cat d-inline-flex pos-rel z-index-2 w-100\"><li><a href=\"https:\/\/www.klimatopturkey.com\/en\/urunler\/aksiyal-fanlar\/\">Aksiyal Fanlar<\/a><\/li><\/ul>\t\t\t<\/div>\n\n\t\t\t<a href=\"https:\/\/www.klimatopturkey.com\/en\/urunler\/vax-ch-kapakli-tip-aksiyal-egzoz-fanlari\/\"  class=\"lqd-overlay lqd-pf-overlay-link lqd-cc-label-trigger\"><\/a>\n\t\t<\/div>\n\t<\/article>\n\n<\/div><div class=\"lqd-pf-column col-md-4 col-sm-6 col-xs-12 col-sm-6 col-xs-12 masonry-item aksiyal-fanlar hucreli-fanlar\">\n\n\t<article id=\"post-12553\" class=\"lqd-pf-item lqd-pf-item-style-6 border-radius-6 p-3 pt-4 lqd-pf-color-custom post-12553 liquid-portfolio type-liquid-portfolio status-publish format-standard has-post-thumbnail hentry liquid-portfolio-category-aksiyal-fanlar liquid-portfolio-category-hucreli-fanlar\">\n\t\t<div class=\"lqd-pf-item-inner\">\n\n\t\t\t<div class=\"lqd-pf-img mb-3 pos-rel border-radius-10 overflow-hidden\">\n\t\t\t\t<figure>\n\t\t\t\t\t<figure ><img loading=\"lazy\" decoding=\"async\" width=\"748\" height=\"512\" src=\"https:\/\/www.klimatopturkey.com\/en\/wp-content\/uploads\/2022\/04\/vax-h-hucreli-cover-748x512.png\" class=\"w-100 wp-post-image\" alt=\"\" \/><\/figure>\t\t\t\t<\/figure>\n\t\t\t\t<span class=\"lqd-pf-overlay-bg lqd-overlay d-flex align-items-center justify-content-center\">\n\t\t\t\t<\/span>\n\t\t\t<\/div>\n\n\t\t\t<div class=\"lqd-pf-details\">\n\t\t\t\t<div class=\"d-flex justify-content-between\">\n\t\t\t\t\t\t\t\t\t\t<h2 class=\"lqd-pf-title mt-0 align-items-center \">H\u00fccreli Aksiyal Fanlar<\/h2>\t\t\t\t\t\t\t\t\t<\/div>\n\t\t\t\t<ul class=\"reset-ul inline-nav lqd-pf-cat d-inline-flex pos-rel z-index-2 w-100\"><li><a href=\"https:\/\/www.klimatopturkey.com\/en\/urunler\/aksiyal-fanlar\/\">Aksiyal Fanlar<\/a><\/li><\/ul>\t\t\t<\/div>\n\n\t\t\t<a href=\"https:\/\/www.klimatopturkey.com\/en\/urunler\/vax-h-hucreli-aksiyal-fanlar\/\"  class=\"lqd-overlay lqd-pf-overlay-link lqd-cc-label-trigger\"><\/a>\n\t\t<\/div>\n\t<\/article>\n\n<\/div><\/div><!-- \/.liquid-portfolio-list-row --><\/div><!-- \/.liquid-portfolio-list -->[\/vc_column][\/vc_row]<\/p>\n","protected":false},"excerpt":{"rendered":"<p>[vc_row equal_height=&#8221;yes&#8221; css=&#8221;.vc_custom_1650287729458{margin-top: 50px !important;margin-bottom: 80px !important;}&#8221;][vc_column responsive_align=&#8221;text-center&#8221;][\/vc_column][\/vc_row]<\/p>\n","protected":false},"author":1,"featured_media":0,"parent":10710,"menu_order":0,"comment_status":"closed","ping_status":"closed","template":"","meta":{"footnotes":""},"class_list":["post-10712","page","type-page","status-publish","hentry"],"aioseo_notices":[],"_links":{"self":[{"href":"https:\/\/www.klimatopturkey.com\/en\/wp-json\/wp\/v2\/pages\/10712","targetHints":{"allow":["GET"]}}],"collection":[{"href":"https:\/\/www.klimatopturkey.com\/en\/wp-json\/wp\/v2\/pages"}],"about":[{"href":"https:\/\/www.klimatopturkey.com\/en\/wp-json\/wp\/v2\/types\/page"}],"author":[{"embeddable":true,"href":"https:\/\/www.klimatopturkey.com\/en\/wp-json\/wp\/v2\/users\/1"}],"replies":[{"embeddable":true,"href":"https:\/\/www.klimatopturkey.com\/en\/wp-json\/wp\/v2\/comments?post=10712"}],"version-history":[{"count":0,"href":"https:\/\/www.klimatopturkey.com\/en\/wp-json\/wp\/v2\/pages\/10712\/revisions"}],"up":[{"embeddable":true,"href":"https:\/\/www.klimatopturkey.com\/en\/wp-json\/wp\/v2\/pages\/10710"}],"wp:attachment":[{"href":"https:\/\/www.klimatopturkey.com\/en\/wp-json\/wp\/v2\/media?parent=10712"}],"curies":[{"name":"wp","href":"https:\/\/api.w.org\/{rel}","templated":true}]}}