{"id":10702,"date":"2022-03-26T18:28:48","date_gmt":"2022-03-26T15:28:48","guid":{"rendered":"https:\/\/www.prografik.club\/demo\/pro-firma-v1\/?page_id=10702"},"modified":"2022-04-25T15:27:53","modified_gmt":"2022-04-25T12:27:53","slug":"isi-geri-kazanim-cihazlari","status":"publish","type":"page","link":"https:\/\/www.klimatopturkey.com\/en\/venbreeze\/urunler\/isi-geri-kazanim-cihazlari\/","title":{"rendered":"Is\u0131 Geri Kazan\u0131m Cihazlar\u0131"},"content":{"rendered":"<p>[vc_row equal_height=&#8221;yes&#8221; css=&#8221;.vc_custom_1650287729458{margin-top: 50px !important;margin-bottom: 80px !important;}&#8221;][vc_column responsive_align=&#8221;text-center&#8221;]<style>.ld_portfolio_listing_6a09690e3c7d7 .lqd-pf-overlay-bg{background:rgba(255, 255, 255, 0.6);}.ld_portfolio_listing_6a09690e3c7d7 .lqd-pf-details h2{font-size:14px;}.ld_portfolio_listing_6a09690e3c7d7 .liquid-filter-items{margin-bottom:50px;}.ld_portfolio_listing_6a09690e3c7d7 .lqd-pf-details p{color:rgb(255, 0, 0);}.ld_portfolio_listing_6a09690e3c7d7 .lqd-pf-details a{color:rgb(255, 0, 0);}.ld_portfolio_listing_6a09690e3c7d7 .grid-6a09690e41760{margin-inline-start:-10px;margin-inline-end:-10px;}.ld_portfolio_listing_6a09690e3c7d7 .grid-6a09690e41760 .masonry-item{padding-inline-start:10px;padding-inline-end:10px;}.ld_portfolio_listing_6a09690e3c7d7 .carousel-item{padding-inline-start:10px;padding-inline-end:10px;}.ld_portfolio_listing_6a09690e3c7d7 .carousel-nav{padding-inline-start:calc(10px - 13px);padding-inline-end:calc(10px - 13px);}.ld_portfolio_listing_6a09690e3c7d7 .grid-6a09690e41760 .lqd-pf-item{margin-bottom:25px;}<\/style><div class=\"lqd-pf-grid ld_portfolio_listing_6a09690e3c7d7\"><div id=\"grid-6a09690e41760\" class=\"lqd-pf-row row d-flex flex-wrap grid-6a09690e41760\" data-liquid-masonry=\"true\" data-masonry-options='{ \"layoutMode\": \"packery\" }' ><div class=\"lqd-pf-column col-md-4 col-sm-6 col-xs-12 col-sm-6 col-xs-12 masonry-item isi-geri-kazanim-cihazlari\">\n\n\t<article id=\"post-3481\" class=\"lqd-pf-item lqd-pf-item-style-6 border-radius-6 p-3 pt-4 lqd-pf-color-custom post-3481 liquid-portfolio type-liquid-portfolio status-publish format-standard has-post-thumbnail hentry liquid-portfolio-category-isi-geri-kazanim-cihazlari\">\n\t\t<div class=\"lqd-pf-item-inner\">\n\n\t\t\t<div class=\"lqd-pf-img mb-3 pos-rel border-radius-10 overflow-hidden\">\n\t\t\t\t<figure>\n\t\t\t\t\t<figure ><img loading=\"lazy\" decoding=\"async\" width=\"760\" height=\"520\" src=\"https:\/\/www.klimatopturkey.com\/en\/wp-content\/uploads\/2022\/03\/vhr-cf-isi-kazanim-cihazi-img-760x520.png\" class=\"w-100 wp-post-image\" alt=\"\" \/><\/figure>\t\t\t\t<\/figure>\n\t\t\t\t<span class=\"lqd-pf-overlay-bg lqd-overlay d-flex align-items-center justify-content-center\">\n\t\t\t\t<\/span>\n\t\t\t<\/div>\n\n\t\t\t<div class=\"lqd-pf-details\">\n\t\t\t\t<div class=\"d-flex justify-content-between\">\n\t\t\t\t\t\t\t\t\t\t<h2 class=\"lqd-pf-title mt-0 align-items-center \">Standart Is\u0131 Geri Kazan\u0131m Cihaz\u0131<\/h2>\t\t\t\t\t\t\t\t\t<\/div>\n\t\t\t\t<ul class=\"reset-ul inline-nav lqd-pf-cat d-inline-flex pos-rel z-index-2 w-100\"><li><a href=\"https:\/\/www.klimatopturkey.com\/en\/urunler\/isi-geri-kazanim-cihazlari\/\">Is\u0131 Geri Kazan\u0131m Cihazlar\u0131<\/a><\/li><\/ul>\t\t\t<\/div>\n\n\t\t\t<a href=\"https:\/\/www.klimatopturkey.com\/en\/urunler\/vhr-isi-geri-kazanim-cihazi\/\"  class=\"lqd-overlay lqd-pf-overlay-link lqd-cc-label-trigger\"><\/a>\n\t\t<\/div>\n\t<\/article>\n\n<\/div><div class=\"lqd-pf-column col-md-4 col-sm-6 col-xs-12 col-sm-6 col-xs-12 masonry-item isi-geri-kazanim-cihazlari\">\n\n\t<article id=\"post-12352\" class=\"lqd-pf-item lqd-pf-item-style-6 border-radius-6 p-3 pt-4 lqd-pf-color-custom post-12352 liquid-portfolio type-liquid-portfolio status-publish format-standard has-post-thumbnail hentry liquid-portfolio-category-isi-geri-kazanim-cihazlari\">\n\t\t<div class=\"lqd-pf-item-inner\">\n\n\t\t\t<div class=\"lqd-pf-img mb-3 pos-rel border-radius-10 overflow-hidden\">\n\t\t\t\t<figure>\n\t\t\t\t\t<figure ><img loading=\"lazy\" decoding=\"async\" width=\"748\" height=\"512\" src=\"https:\/\/www.klimatopturkey.com\/en\/wp-content\/uploads\/2022\/04\/vhr-dx-isi-pompa-img-748x512.png\" class=\"w-100 wp-post-image\" alt=\"\" \/><\/figure>\t\t\t\t<\/figure>\n\t\t\t\t<span class=\"lqd-pf-overlay-bg lqd-overlay d-flex align-items-center justify-content-center\">\n\t\t\t\t<\/span>\n\t\t\t<\/div>\n\n\t\t\t<div class=\"lqd-pf-details\">\n\t\t\t\t<div class=\"d-flex justify-content-between\">\n\t\t\t\t\t\t\t\t\t\t<h2 class=\"lqd-pf-title mt-0 align-items-center \">Is\u0131 Pompal\u0131 Is\u0131 Geri Kazan\u0131m Cihaz\u0131<\/h2>\t\t\t\t\t\t\t\t\t<\/div>\n\t\t\t\t<ul class=\"reset-ul inline-nav lqd-pf-cat d-inline-flex pos-rel z-index-2 w-100\"><li><a href=\"https:\/\/www.klimatopturkey.com\/en\/urunler\/isi-geri-kazanim-cihazlari\/\">Is\u0131 Geri Kazan\u0131m Cihazlar\u0131<\/a><\/li><\/ul>\t\t\t<\/div>\n\n\t\t\t<a href=\"https:\/\/www.klimatopturkey.com\/en\/urunler\/vhr-dx-isi-pompali-isi-geri-kazanim-cihazi\/\"  class=\"lqd-overlay lqd-pf-overlay-link lqd-cc-label-trigger\"><\/a>\n\t\t<\/div>\n\t<\/article>\n\n<\/div><div class=\"lqd-pf-column col-md-4 col-sm-6 col-xs-12 col-sm-6 col-xs-12 masonry-item isi-geri-kazanim-cihazlari\">\n\n\t<article id=\"post-12349\" class=\"lqd-pf-item lqd-pf-item-style-6 border-radius-6 p-3 pt-4 lqd-pf-color-custom post-12349 liquid-portfolio type-liquid-portfolio status-publish format-standard has-post-thumbnail hentry liquid-portfolio-category-isi-geri-kazanim-cihazlari\">\n\t\t<div class=\"lqd-pf-item-inner\">\n\n\t\t\t<div class=\"lqd-pf-img mb-3 pos-rel border-radius-10 overflow-hidden\">\n\t\t\t\t<figure>\n\t\t\t\t\t<figure ><img loading=\"lazy\" decoding=\"async\" width=\"748\" height=\"512\" src=\"https:\/\/www.klimatopturkey.com\/en\/wp-content\/uploads\/2022\/04\/vhr-cf-yuksek-verimli-isi-geri-kazanim-img-cover-748x512.png\" class=\"w-100 wp-post-image\" alt=\"\" \/><\/figure>\t\t\t\t<\/figure>\n\t\t\t\t<span class=\"lqd-pf-overlay-bg lqd-overlay d-flex align-items-center justify-content-center\">\n\t\t\t\t<\/span>\n\t\t\t<\/div>\n\n\t\t\t<div class=\"lqd-pf-details\">\n\t\t\t\t<div class=\"d-flex justify-content-between\">\n\t\t\t\t\t\t\t\t\t\t<h2 class=\"lqd-pf-title mt-0 align-items-center \">Y\u00fcksek Verimli Is\u0131 Geri Kazan\u0131m Cihaz\u0131<\/h2>\t\t\t\t\t\t\t\t\t<\/div>\n\t\t\t\t<ul class=\"reset-ul inline-nav lqd-pf-cat d-inline-flex pos-rel z-index-2 w-100\"><li><a href=\"https:\/\/www.klimatopturkey.com\/en\/urunler\/isi-geri-kazanim-cihazlari\/\">Is\u0131 Geri Kazan\u0131m Cihazlar\u0131<\/a><\/li><\/ul>\t\t\t<\/div>\n\n\t\t\t<a href=\"https:\/\/www.klimatopturkey.com\/en\/urunler\/vhr-cf-yuksek-verimli-isi-geri-kazanim-cihazi\/\"  class=\"lqd-overlay lqd-pf-overlay-link lqd-cc-label-trigger\"><\/a>\n\t\t<\/div>\n\t<\/article>\n\n<\/div><div class=\"lqd-pf-column col-md-4 col-sm-6 col-xs-12 col-sm-6 col-xs-12 masonry-item isi-geri-kazanim-cihazlari\">\n\n\t<article id=\"post-12350\" class=\"lqd-pf-item lqd-pf-item-style-6 border-radius-6 p-3 pt-4 lqd-pf-color-custom post-12350 liquid-portfolio type-liquid-portfolio status-publish format-standard has-post-thumbnail hentry liquid-portfolio-category-isi-geri-kazanim-cihazlari\">\n\t\t<div class=\"lqd-pf-item-inner\">\n\n\t\t\t<div class=\"lqd-pf-img mb-3 pos-rel border-radius-10 overflow-hidden\">\n\t\t\t\t<figure>\n\t\t\t\t\t<figure ><img loading=\"lazy\" decoding=\"async\" width=\"748\" height=\"512\" src=\"https:\/\/www.klimatopturkey.com\/en\/wp-content\/uploads\/2022\/04\/vhr-sx-sel-img-748x512.png\" class=\"w-100 wp-post-image\" alt=\"\" \/><\/figure>\t\t\t\t<\/figure>\n\t\t\t\t<span class=\"lqd-pf-overlay-bg lqd-overlay d-flex align-items-center justify-content-center\">\n\t\t\t\t<\/span>\n\t\t\t<\/div>\n\n\t\t\t<div class=\"lqd-pf-details\">\n\t\t\t\t<div class=\"d-flex justify-content-between\">\n\t\t\t\t\t\t\t\t\t\t<h2 class=\"lqd-pf-title mt-0 align-items-center \">Sel\u00fclozik E\u015fanj\u00f6rl\u00fc Is\u0131 Geri Kazan\u0131m Cihaz\u0131<\/h2>\t\t\t\t\t\t\t\t\t<\/div>\n\t\t\t\t<ul class=\"reset-ul inline-nav lqd-pf-cat d-inline-flex pos-rel z-index-2 w-100\"><li><a href=\"https:\/\/www.klimatopturkey.com\/en\/urunler\/isi-geri-kazanim-cihazlari\/\">Is\u0131 Geri Kazan\u0131m Cihazlar\u0131<\/a><\/li><\/ul>\t\t\t<\/div>\n\n\t\t\t<a href=\"https:\/\/www.klimatopturkey.com\/en\/urunler\/vhr-sx-selulozik-esanjorlu-isi-geri-kazanim-cihazi\/\"  class=\"lqd-overlay lqd-pf-overlay-link lqd-cc-label-trigger\"><\/a>\n\t\t<\/div>\n\t<\/article>\n\n<\/div><div class=\"lqd-pf-column col-md-4 col-sm-6 col-xs-12 col-sm-6 col-xs-12 masonry-item isi-geri-kazanim-cihazlari\">\n\n\t<article id=\"post-12351\" class=\"lqd-pf-item lqd-pf-item-style-6 border-radius-6 p-3 pt-4 lqd-pf-color-custom post-12351 liquid-portfolio type-liquid-portfolio status-publish format-standard has-post-thumbnail hentry liquid-portfolio-category-isi-geri-kazanim-cihazlari\">\n\t\t<div class=\"lqd-pf-item-inner\">\n\n\t\t\t<div class=\"lqd-pf-img mb-3 pos-rel border-radius-10 overflow-hidden\">\n\t\t\t\t<figure>\n\t\t\t\t\t<figure ><img loading=\"lazy\" decoding=\"async\" width=\"748\" height=\"512\" src=\"https:\/\/www.klimatopturkey.com\/en\/wp-content\/uploads\/2022\/04\/vhr-pe-evrensel-tip-img-748x512.png\" class=\"w-100 wp-post-image\" alt=\"\" \/><\/figure>\t\t\t\t<\/figure>\n\t\t\t\t<span class=\"lqd-pf-overlay-bg lqd-overlay d-flex align-items-center justify-content-center\">\n\t\t\t\t<\/span>\n\t\t\t<\/div>\n\n\t\t\t<div class=\"lqd-pf-details\">\n\t\t\t\t<div class=\"d-flex justify-content-between\">\n\t\t\t\t\t\t\t\t\t\t<h2 class=\"lqd-pf-title mt-0 align-items-center \">Evsel Tip Is\u0131 Geri Kazan\u0131m Cihaz\u0131<\/h2>\t\t\t\t\t\t\t\t\t<\/div>\n\t\t\t\t<ul class=\"reset-ul inline-nav lqd-pf-cat d-inline-flex pos-rel z-index-2 w-100\"><li><a href=\"https:\/\/www.klimatopturkey.com\/en\/urunler\/isi-geri-kazanim-cihazlari\/\">Is\u0131 Geri Kazan\u0131m Cihazlar\u0131<\/a><\/li><\/ul>\t\t\t<\/div>\n\n\t\t\t<a href=\"https:\/\/www.klimatopturkey.com\/en\/urunler\/vhr-pe-evsel-tip-isi-geri-kazanim-cihazi\/\"  class=\"lqd-overlay lqd-pf-overlay-link lqd-cc-label-trigger\"><\/a>\n\t\t<\/div>\n\t<\/article>\n\n<\/div><div class=\"lqd-pf-column col-md-4 col-sm-6 col-xs-12 col-sm-6 col-xs-12 masonry-item isi-geri-kazanim-cihazlari\">\n\n\t<article id=\"post-12353\" class=\"lqd-pf-item lqd-pf-item-style-6 border-radius-6 p-3 pt-4 lqd-pf-color-custom post-12353 liquid-portfolio type-liquid-portfolio status-publish format-standard has-post-thumbnail hentry liquid-portfolio-category-isi-geri-kazanim-cihazlari\">\n\t\t<div class=\"lqd-pf-item-inner\">\n\n\t\t\t<div class=\"lqd-pf-img mb-3 pos-rel border-radius-10 overflow-hidden\">\n\t\t\t\t<figure>\n\t\t\t\t\t<figure ><img loading=\"lazy\" decoding=\"async\" width=\"748\" height=\"512\" src=\"https:\/\/www.klimatopturkey.com\/en\/wp-content\/uploads\/2022\/04\/vhr-er-enerji-geri-kazanim-img-748x512.png\" class=\"w-100 wp-post-image\" alt=\"\" \/><\/figure>\t\t\t\t<\/figure>\n\t\t\t\t<span class=\"lqd-pf-overlay-bg lqd-overlay d-flex align-items-center justify-content-center\">\n\t\t\t\t<\/span>\n\t\t\t<\/div>\n\n\t\t\t<div class=\"lqd-pf-details\">\n\t\t\t\t<div class=\"d-flex justify-content-between\">\n\t\t\t\t\t\t\t\t\t\t<h2 class=\"lqd-pf-title mt-0 align-items-center \">Enerji Geri Kazan\u0131m Cihaz\u0131<\/h2>\t\t\t\t\t\t\t\t\t<\/div>\n\t\t\t\t<ul class=\"reset-ul inline-nav lqd-pf-cat d-inline-flex pos-rel z-index-2 w-100\"><li><a href=\"https:\/\/www.klimatopturkey.com\/en\/urunler\/isi-geri-kazanim-cihazlari\/\">Is\u0131 Geri Kazan\u0131m Cihazlar\u0131<\/a><\/li><\/ul>\t\t\t<\/div>\n\n\t\t\t<a href=\"https:\/\/www.klimatopturkey.com\/en\/urunler\/vhr-er-enerji-geri-kazanim-cihazi\/\"  class=\"lqd-overlay lqd-pf-overlay-link lqd-cc-label-trigger\"><\/a>\n\t\t<\/div>\n\t<\/article>\n\n<\/div><div class=\"lqd-pf-column col-md-4 col-sm-6 col-xs-12 col-sm-6 col-xs-12 masonry-item isi-geri-kazanim-cihazlari\">\n\n\t<article id=\"post-12354\" class=\"lqd-pf-item lqd-pf-item-style-6 border-radius-6 p-3 pt-4 lqd-pf-color-custom post-12354 liquid-portfolio type-liquid-portfolio status-publish format-standard has-post-thumbnail hentry liquid-portfolio-category-isi-geri-kazanim-cihazlari\">\n\t\t<div class=\"lqd-pf-item-inner\">\n\n\t\t\t<div class=\"lqd-pf-img mb-3 pos-rel border-radius-10 overflow-hidden\">\n\t\t\t\t<figure>\n\t\t\t\t\t<figure ><img loading=\"lazy\" decoding=\"async\" width=\"748\" height=\"512\" src=\"https:\/\/www.klimatopturkey.com\/en\/wp-content\/uploads\/2022\/04\/vhr-ec-isi-gri-kazanim-img-748x512.png\" class=\"w-100 wp-post-image\" alt=\"\" \/><\/figure>\t\t\t\t<\/figure>\n\t\t\t\t<span class=\"lqd-pf-overlay-bg lqd-overlay d-flex align-items-center justify-content-center\">\n\t\t\t\t<\/span>\n\t\t\t<\/div>\n\n\t\t\t<div class=\"lqd-pf-details\">\n\t\t\t\t<div class=\"d-flex justify-content-between\">\n\t\t\t\t\t\t\t\t\t\t<h2 class=\"lqd-pf-title mt-0 align-items-center \">EC Fanl\u0131 Is\u0131 Geri Kazan\u0131m Cihaz\u0131<\/h2>\t\t\t\t\t\t\t\t\t<\/div>\n\t\t\t\t<ul class=\"reset-ul inline-nav lqd-pf-cat d-inline-flex pos-rel z-index-2 w-100\"><li><a href=\"https:\/\/www.klimatopturkey.com\/en\/urunler\/isi-geri-kazanim-cihazlari\/\">Is\u0131 Geri Kazan\u0131m Cihazlar\u0131<\/a><\/li><\/ul>\t\t\t<\/div>\n\n\t\t\t<a href=\"https:\/\/www.klimatopturkey.com\/en\/urunler\/vhr-ec-isi-geri-kazanim-cihazi\/\"  class=\"lqd-overlay lqd-pf-overlay-link lqd-cc-label-trigger\"><\/a>\n\t\t<\/div>\n\t<\/article>\n\n<\/div><div class=\"lqd-pf-column col-md-4 col-sm-6 col-xs-12 col-sm-6 col-xs-12 masonry-item isi-geri-kazanim-cihazlari\">\n\n\t<article id=\"post-12355\" class=\"lqd-pf-item lqd-pf-item-style-6 border-radius-6 p-3 pt-4 lqd-pf-color-custom post-12355 liquid-portfolio type-liquid-portfolio status-publish format-standard has-post-thumbnail hentry liquid-portfolio-category-isi-geri-kazanim-cihazlari\">\n\t\t<div class=\"lqd-pf-item-inner\">\n\n\t\t\t<div class=\"lqd-pf-img mb-3 pos-rel border-radius-10 overflow-hidden\">\n\t\t\t\t<figure>\n\t\t\t\t\t<figure ><img loading=\"lazy\" decoding=\"async\" width=\"748\" height=\"512\" src=\"https:\/\/www.klimatopturkey.com\/en\/wp-content\/uploads\/2022\/04\/vhr-cf-yuksek-verimli-isi-geri-kazanim-img-748x512.png\" class=\"w-100 wp-post-image\" alt=\"\" \/><\/figure>\t\t\t\t<\/figure>\n\t\t\t\t<span class=\"lqd-pf-overlay-bg lqd-overlay d-flex align-items-center justify-content-center\">\n\t\t\t\t<\/span>\n\t\t\t<\/div>\n\n\t\t\t<div class=\"lqd-pf-details\">\n\t\t\t\t<div class=\"d-flex justify-content-between\">\n\t\t\t\t\t\t\t\t\t\t<h2 class=\"lqd-pf-title mt-0 align-items-center \">EC Fanl\u0131 Y\u00fcksek Verimli Is\u0131 Geri Kazan\u0131m Cihaz\u0131<\/h2>\t\t\t\t\t\t\t\t\t<\/div>\n\t\t\t\t<ul class=\"reset-ul inline-nav lqd-pf-cat d-inline-flex pos-rel z-index-2 w-100\"><li><a href=\"https:\/\/www.klimatopturkey.com\/en\/urunler\/isi-geri-kazanim-cihazlari\/\">Is\u0131 Geri Kazan\u0131m Cihazlar\u0131<\/a><\/li><\/ul>\t\t\t<\/div>\n\n\t\t\t<a href=\"https:\/\/www.klimatopturkey.com\/en\/urunler\/vhr-cf-ec-yuksek-verimli-isi-geri-kazanim-cihazi\/\"  class=\"lqd-overlay lqd-pf-overlay-link lqd-cc-label-trigger\"><\/a>\n\t\t<\/div>\n\t<\/article>\n\n<\/div><div class=\"lqd-pf-column col-md-4 col-sm-6 col-xs-12 col-sm-6 col-xs-12 masonry-item isi-geri-kazanim-cihazlari\">\n\n\t<article id=\"post-12356\" class=\"lqd-pf-item lqd-pf-item-style-6 border-radius-6 p-3 pt-4 lqd-pf-color-custom post-12356 liquid-portfolio type-liquid-portfolio status-publish format-standard has-post-thumbnail hentry liquid-portfolio-category-isi-geri-kazanim-cihazlari\">\n\t\t<div class=\"lqd-pf-item-inner\">\n\n\t\t\t<div class=\"lqd-pf-img mb-3 pos-rel border-radius-10 overflow-hidden\">\n\t\t\t\t<figure>\n\t\t\t\t\t<figure ><img loading=\"lazy\" decoding=\"async\" width=\"748\" height=\"512\" src=\"https:\/\/www.klimatopturkey.com\/en\/wp-content\/uploads\/2022\/04\/ec-selulozik-isi-geri-kazanim-img-cover-748x512.png\" class=\"w-100 wp-post-image\" alt=\"\" \/><\/figure>\t\t\t\t<\/figure>\n\t\t\t\t<span class=\"lqd-pf-overlay-bg lqd-overlay d-flex align-items-center justify-content-center\">\n\t\t\t\t<\/span>\n\t\t\t<\/div>\n\n\t\t\t<div class=\"lqd-pf-details\">\n\t\t\t\t<div class=\"d-flex justify-content-between\">\n\t\t\t\t\t\t\t\t\t\t<h2 class=\"lqd-pf-title mt-0 align-items-center \">EC Fanl\u0131 Sel\u00fclozik E\u015fanj\u00f6rl\u00fc Is\u0131 Geri Kazan\u0131m Cihaz\u0131<\/h2>\t\t\t\t\t\t\t\t\t<\/div>\n\t\t\t\t<ul class=\"reset-ul inline-nav lqd-pf-cat d-inline-flex pos-rel z-index-2 w-100\"><li><a href=\"https:\/\/www.klimatopturkey.com\/en\/urunler\/isi-geri-kazanim-cihazlari\/\">Is\u0131 Geri Kazan\u0131m Cihazlar\u0131<\/a><\/li><\/ul>\t\t\t<\/div>\n\n\t\t\t<a href=\"https:\/\/www.klimatopturkey.com\/en\/urunler\/vhr-sx-ec-selulozik-esanjorlu-isi-geri-kazanim-cihazi\/\"  class=\"lqd-overlay lqd-pf-overlay-link lqd-cc-label-trigger\"><\/a>\n\t\t<\/div>\n\t<\/article>\n\n<\/div><div class=\"lqd-pf-column col-md-4 col-sm-6 col-xs-12 col-sm-6 col-xs-12 masonry-item isi-geri-kazanim-cihazlari\">\n\n\t<article id=\"post-12357\" class=\"lqd-pf-item lqd-pf-item-style-6 border-radius-6 p-3 pt-4 lqd-pf-color-custom post-12357 liquid-portfolio type-liquid-portfolio status-publish format-standard has-post-thumbnail hentry liquid-portfolio-category-isi-geri-kazanim-cihazlari\">\n\t\t<div class=\"lqd-pf-item-inner\">\n\n\t\t\t<div class=\"lqd-pf-img mb-3 pos-rel border-radius-10 overflow-hidden\">\n\t\t\t\t<figure>\n\t\t\t\t\t<figure ><img loading=\"lazy\" decoding=\"async\" width=\"748\" height=\"512\" src=\"https:\/\/www.klimatopturkey.com\/en\/wp-content\/uploads\/2022\/04\/vhr-pe-ec-evsel-tipi-isi-geri-kazanim-748x512.png\" class=\"w-100 wp-post-image\" alt=\"\" \/><\/figure>\t\t\t\t<\/figure>\n\t\t\t\t<span class=\"lqd-pf-overlay-bg lqd-overlay d-flex align-items-center justify-content-center\">\n\t\t\t\t<\/span>\n\t\t\t<\/div>\n\n\t\t\t<div class=\"lqd-pf-details\">\n\t\t\t\t<div class=\"d-flex justify-content-between\">\n\t\t\t\t\t\t\t\t\t\t<h2 class=\"lqd-pf-title mt-0 align-items-center \">EC Fanl\u0131 Evsel Tip Is\u0131 Geri Kazan\u0131m Cihaz\u0131<\/h2>\t\t\t\t\t\t\t\t\t<\/div>\n\t\t\t\t<ul class=\"reset-ul inline-nav lqd-pf-cat d-inline-flex pos-rel z-index-2 w-100\"><li><a href=\"https:\/\/www.klimatopturkey.com\/en\/urunler\/isi-geri-kazanim-cihazlari\/\">Is\u0131 Geri Kazan\u0131m Cihazlar\u0131<\/a><\/li><\/ul>\t\t\t<\/div>\n\n\t\t\t<a href=\"https:\/\/www.klimatopturkey.com\/en\/urunler\/vhr-pe-ec-evsel-tip-isi-geri-kazanim-cihazi\/\"  class=\"lqd-overlay lqd-pf-overlay-link lqd-cc-label-trigger\"><\/a>\n\t\t<\/div>\n\t<\/article>\n\n<\/div><div class=\"lqd-pf-column col-md-4 col-sm-6 col-xs-12 col-sm-6 col-xs-12 masonry-item isi-geri-kazanim-cihazlari\">\n\n\t<article id=\"post-12358\" class=\"lqd-pf-item lqd-pf-item-style-6 border-radius-6 p-3 pt-4 lqd-pf-color-custom post-12358 liquid-portfolio type-liquid-portfolio status-publish format-standard has-post-thumbnail hentry liquid-portfolio-category-isi-geri-kazanim-cihazlari\">\n\t\t<div class=\"lqd-pf-item-inner\">\n\n\t\t\t<div class=\"lqd-pf-img mb-3 pos-rel border-radius-10 overflow-hidden\">\n\t\t\t\t<figure>\n\t\t\t\t\t<figure ><img loading=\"lazy\" decoding=\"async\" width=\"748\" height=\"512\" src=\"https:\/\/www.klimatopturkey.com\/en\/wp-content\/uploads\/2022\/04\/isi-geri-kazanim-aksasuarlari-img-748x512.png\" class=\"w-100 wp-post-image\" alt=\"\" \/><\/figure>\t\t\t\t<\/figure>\n\t\t\t\t<span class=\"lqd-pf-overlay-bg lqd-overlay d-flex align-items-center justify-content-center\">\n\t\t\t\t<\/span>\n\t\t\t<\/div>\n\n\t\t\t<div class=\"lqd-pf-details\">\n\t\t\t\t<div class=\"d-flex justify-content-between\">\n\t\t\t\t\t\t\t\t\t\t<h2 class=\"lqd-pf-title mt-0 align-items-center \">Is\u0131 Geri Kazan\u0131m Cihaz\u0131 Aksesuarlar\u0131<\/h2>\t\t\t\t\t\t\t\t\t<\/div>\n\t\t\t\t<ul class=\"reset-ul inline-nav lqd-pf-cat d-inline-flex pos-rel z-index-2 w-100\"><li><a href=\"https:\/\/www.klimatopturkey.com\/en\/urunler\/isi-geri-kazanim-cihazlari\/\">Is\u0131 Geri Kazan\u0131m Cihazlar\u0131<\/a><\/li><\/ul>\t\t\t<\/div>\n\n\t\t\t<a href=\"https:\/\/www.klimatopturkey.com\/en\/urunler\/isi-geri-kazanim-cihazi-aksesuarlari\/\"  class=\"lqd-overlay lqd-pf-overlay-link lqd-cc-label-trigger\"><\/a>\n\t\t<\/div>\n\t<\/article>\n\n<\/div><\/div><!-- \/.liquid-portfolio-list-row --><\/div><!-- \/.liquid-portfolio-list -->[\/vc_column][\/vc_row]<\/p>\n","protected":false},"excerpt":{"rendered":"<p>[vc_row equal_height=&#8221;yes&#8221; css=&#8221;.vc_custom_1650287729458{margin-top: 50px !important;margin-bottom: 80px !important;}&#8221;][vc_column responsive_align=&#8221;text-center&#8221;][\/vc_column][\/vc_row]<\/p>\n","protected":false},"author":1,"featured_media":0,"parent":10517,"menu_order":0,"comment_status":"closed","ping_status":"closed","template":"","meta":{"footnotes":""},"class_list":["post-10702","page","type-page","status-publish","hentry"],"aioseo_notices":[],"_links":{"self":[{"href":"https:\/\/www.klimatopturkey.com\/en\/wp-json\/wp\/v2\/pages\/10702","targetHints":{"allow":["GET"]}}],"collection":[{"href":"https:\/\/www.klimatopturkey.com\/en\/wp-json\/wp\/v2\/pages"}],"about":[{"href":"https:\/\/www.klimatopturkey.com\/en\/wp-json\/wp\/v2\/types\/page"}],"author":[{"embeddable":true,"href":"https:\/\/www.klimatopturkey.com\/en\/wp-json\/wp\/v2\/users\/1"}],"replies":[{"embeddable":true,"href":"https:\/\/www.klimatopturkey.com\/en\/wp-json\/wp\/v2\/comments?post=10702"}],"version-history":[{"count":0,"href":"https:\/\/www.klimatopturkey.com\/en\/wp-json\/wp\/v2\/pages\/10702\/revisions"}],"up":[{"embeddable":true,"href":"https:\/\/www.klimatopturkey.com\/en\/wp-json\/wp\/v2\/pages\/10517"}],"wp:attachment":[{"href":"https:\/\/www.klimatopturkey.com\/en\/wp-json\/wp\/v2\/media?parent=10702"}],"curies":[{"name":"wp","href":"https:\/\/api.w.org\/{rel}","templated":true}]}}