{"id":10561,"date":"2022-03-25T21:10:25","date_gmt":"2022-03-25T18:10:25","guid":{"rendered":"https:\/\/www.prografik.club\/demo\/pro-firma-v1\/?page_id=10561"},"modified":"2022-03-25T21:10:25","modified_gmt":"2022-03-25T18:10:25","slug":"entegre-bina","status":"publish","type":"page","link":"https:\/\/www.klimatopturkey.com\/en\/entegre-bina\/","title":{"rendered":"Entegre Bina"},"content":{"rendered":"<p>[vc_row content_placement=&#8221;middle&#8221; responsive_css=&#8221;margin_top_large:50px&#8221; css=&#8221;.vc_custom_1649874296368{margin-top: 30px !important;}&#8221;][vc_column width=&#8221;1\/2&#8243;]<style>@media (min-width: 1200px) { .ld_simple_heading_6a04f435b12a6 h2 {font-size:28px; }  } .ld_simple_heading_6a04f435b12a6 h2 {line-height:1.32em; } .ld_simple_heading_6a04f435b12a6 h2 {--element-line-height:1.32em; } <\/style><div  class=\"lqd-simple-heading-wrap ld_simple_heading_6a04f435b12a6\">\n<h2 class=\"lqd-simple-heading\">\n\tHavadaki nemin aktif yo\u0308netilmesi ile daha iyi bir sog\u0306utman\u0131n sag\u0306lanmas\u0131<\/h2>\n<\/div>[vc_column_text]Yaz mevsiminde, oda \u0131s\u0131 ayar\u0131n\u0131n rahats\u0131z etmeyecek s\u0327ekilde ayarlan\u0131p ayarlanmad\u0131g\u0306\u0131<br \/>\nu\u0308c\u0327 fakto\u0308re bag\u0306l\u0131d\u0131r:[\/vc_column_text]<style>.ld_icon_box_6a04f435b1d65 .iconbox-icon-container{font-size:18px;margin-inline-end:7px !important;border-radius:px;}.ld_icon_box_6a04f435b1d65 .lqd-iconbox-title{margin-bottom:1px;font-size:15px;}<\/style>\n<div class=\"iconbox iconbox-inline text-align-default ld_icon_box_6a04f435b1d65 vc_custom_1649150584695\" id=\"ld_icon_box_6a04f435b1d65\"  data-animate-icon=\"true\"  >\n\t\n\t\t\t\t\t\n\t\n\t<div class=\"iconbox-icon-wrap\"><span class=\"iconbox-icon-container\"><i class=\"lqd-icn-ess icon-ion-ios-checkmark\"><\/i><\/span><\/div>\t\n\t<h3 class=\"lqd-iconbox-title font-weight-normal\">Hava S\u0131cakl\u0131k Derecesine<\/h3>\t\n\t\t\n\t\t\n\t\t\t\t\n\t\t\n\t\n<\/div>\n<style>.ld_icon_box_6a04f435b3324 .iconbox-icon-container{font-size:18px;margin-inline-end:7px !important;border-radius:px;}.ld_icon_box_6a04f435b3324 .lqd-iconbox-title{margin-bottom:1px;font-size:15px;}<\/style>\n<div class=\"iconbox iconbox-inline text-align-default ld_icon_box_6a04f435b3324 vc_custom_1649150451726\" id=\"ld_icon_box_6a04f435b3324\"  data-animate-icon=\"true\"  >\n\t\n\t\t\t\t\t\n\t\n\t<div class=\"iconbox-icon-wrap\"><span class=\"iconbox-icon-container\"><i class=\"lqd-icn-ess icon-ion-ios-checkmark\"><\/i><\/span><\/div>\t\n\t<h3 class=\"lqd-iconbox-title font-weight-normal\">Havadaki Neme<\/h3>\t\n\t\t\n\t\t\n\t\t\t\t\n\t\t\n\t\n<\/div>\n<style>.ld_icon_box_6a04f435b44b9 .iconbox-icon-container{font-size:18px;margin-inline-end:7px !important;border-radius:px;}.ld_icon_box_6a04f435b44b9 .lqd-iconbox-title{margin-bottom:1px;font-size:15px;}<\/style>\n<div class=\"iconbox iconbox-inline text-align-default ld_icon_box_6a04f435b44b9 vc_custom_1649150594521\" id=\"ld_icon_box_6a04f435b44b9\"  data-animate-icon=\"true\"  >\n\t\n\t\t\t\t\t\n\t\n\t<div class=\"iconbox-icon-wrap\"><span class=\"iconbox-icon-container\"><i class=\"lqd-icn-ess icon-ion-ios-checkmark\"><\/i><\/span><\/div>\t\n\t<h3 class=\"lqd-iconbox-title font-weight-normal\">Is\u0131 \u0130leten \u00c7evre Yu\u0308zeylerinden ve Mobilyalardan Bas\u0327layan, Is\u0131 Radyasyonu.<\/h3>\t\n\t\t\n\t\t\n\t\t\t\t\n\t\t\n\t\n<\/div>\n[\/vc_column][vc_column enable_hover_move=&#8221;lqd-column-move-onhover&#8221; hover_move_value=&#8221;-5px&#8221; width=&#8221;1\/2&#8243;][vc_single_image image=&#8221;12105&#8243;][\/vc_column][\/vc_row][vc_row responsive_css=&#8221;margin_bottom_large:50px&#8221;][vc_column width=&#8221;1\/2&#8243;][vc_column_text]Ferah bir oda havas\u0131 yaratmak isteyen kis\u0327iler, bu u\u0308c\u0327 fakto\u0308ru\u0308 dikkatte almal\u0131d\u0131r. Fermacell alc\u0327\u0131 elyaf plakalar\u0131ndan olus\u0327an kaplama ile tavan kaplamas\u0131 ve CentraLine \u201cMerlin\u201c oda ayar\u0131 ile hepsi kontrol alt\u0131nda. Sog\u0306utma tavan\u0131, oda s\u0131cakl\u0131g\u0306\u0131n\u0131 azalt\u0131r, \u0131s\u0131 ileten c\u0327evre yu\u0308zeylerinden ve mobilyalardan kaynaklanan vu\u0308cut \u0131s\u0131s\u0131n\u0131 du\u0308s\u0327u\u0308ru\u0308r ve bo\u0308ylece \u0131s\u0131 radyasyonu azalt\u0131r. Bu s\u0327ekilde hava da sog\u0306umaktad\u0131r. Art\u0131k mecburi olarak artan hava nemi, alc\u0327\u0131 levhalar\u0131 ile du\u0308s\u0327u\u0308ru\u0308lmektedir. 20m2 tavan bile, bir litre suya kadar tampon edebilir.[\/vc_column_text][\/vc_column][vc_column width=&#8221;1\/2&#8243;][vc_column_text]Havadaki nem du\u0308s\u0327tu\u0308g\u0306u\u0308nde o\u0308rneg\u0306in geceleri havaland\u0131rma ile bu su yeniden teslim edilir. Mekan iklimi u\u0308zerinde ise, bunun bir hayli olumlu etkisi vard\u0131r: Oda havas\u0131, s\u0131cak daha konforlu hissedilmesine rag\u0306men, daha az ag\u0306\u0131rlas\u0327maktad\u0131r.<br \/>\nVe havadaki nemin du\u0308s\u0327mesi ile sog\u0306utma tavandaki \u0131s\u0131 du\u0308s\u0327u\u0308ru\u0308lmeye devam ederek, sog\u0306uk gu\u0308cu\u0308 artt\u0131r\u0131labilir\u00a0 sog\u0306uk hava cereyan\u0131 ve ses yapan vantilato\u0308rler olmadan, c\u0327ok verimli bir sistem.[\/vc_column_text][\/vc_column][\/vc_row][vc_row content_placement=&#8221;middle&#8221; responsive_css=&#8221;margin_bottom_large:50px&#8221;][vc_column enable_hover_move=&#8221;lqd-column-move-onhover&#8221; hover_move_value=&#8221;-5px&#8221; width=&#8221;1\/2&#8243;][vc_single_image image=&#8221;12110&#8243;][\/vc_column][vc_column width=&#8221;1\/2&#8243; responsive_css=&#8221;margin_top_large:-30px&#8221;]<style>@media (min-width: 1200px) { .ld_simple_heading_6a04f435b4de0 h2 {font-size:28px; }  } .ld_simple_heading_6a04f435b4de0 h2 {line-height:1.32em; } .ld_simple_heading_6a04f435b4de0 h2 {--element-line-height:1.32em; } <\/style><div  class=\"lqd-simple-heading-wrap ld_simple_heading_6a04f435b4de0\">\n<h2 class=\"lqd-simple-heading\">\n\tCentraLine ile Daha Verimli Is\u0131tma ve Sog\u0306utma<\/h2>\n<\/div>[vc_column_text]Aral\u0131ks\u0131z devam eden ayarlama, odalar\u0131n hava nemini denetler. Bu bilgiler ile ak\u0131s\u0327 \u0131s\u0131s\u0131n\u0131 ve hacim ak\u0131s\u0327\u0131n\u0131, duruma uygun hale getirmektedir. Oda ic\u0327erisindeki hava nemi, sog\u0306utma esnas\u0131nda yog\u0306unlas\u0327ma riski olus\u0327turacak s\u0327ekilde gerc\u0327ekten c\u0327ok yu\u0308ksek ise, ak\u0131s\u0327 \u0131s\u0131s\u0131 hemen kapat\u0131l\u0131r. Tam tersini ise, sistem, gerektig\u0306inde du\u0308s\u0327u\u0308k ak\u0131s\u0327 \u0131s\u0131s\u0131 ile daha fazla verimin, du\u0308s\u0327u\u0308k hava neminde mu\u0308mku\u0308n oldug\u0306unu bilir.<br \/>\nCentraLine \u201cMerlin\u201d modeli, tecru\u0308be edilen deg\u0306erleri ve hava tahminlerini de dikkatte alabilir. O\u0308rneg\u0306in \u0131s\u0131tma: Bilindik ayarlamalar, oda s\u0131cakl\u0131g\u0306\u0131 du\u0308s\u0327tu\u0308kten sonra, \u0131s\u0131tmaya bas\u0327lar. Merlin ise, oda sog\u0306umadan o\u0308nce, daha o\u0308nceden verilen bilgilere go\u0308re tepki verir. Bo\u0308ylece \u0131s\u0131 daha sabit halde kalmaktad\u0131r. Ve ideal deg\u0306er etraf\u0131nda ne kadar az dolas\u0327\u0131rsa, enerji kullan\u0131m\u0131 da o kadar az olur.<br \/>\nUzun su\u0308reli deg\u0306erlendirmelerde, tasarruf potansiyeli belirgin hale gelmektedir: Sabahtan, s\u0131cak bir gu\u0308n olacag\u0306\u0131 biliniyor ise, suyun da daha o\u0308nceden \u0131s\u0131t\u0131lmas\u0131na gerek kalmamaktad\u0131r. Ve sistem tecru\u0308belere dayanarak, bu\u0308ro meka\u0302n\u0131n\u0131n, Pazar gu\u0308nleri kullan\u0131lmad\u0131g\u0306\u0131n\u0131 bildig\u0306i takdirde, enerji harcamaz.[\/vc_column_text][\/vc_column][\/vc_row][vc_row content_placement=&#8221;middle&#8221; responsive_css=&#8221;margin_bottom_large:50px&#8221;][vc_column width=&#8221;1\/2&#8243; responsive_css=&#8221;margin_top_large:-30px&#8221;]<style>@media (min-width: 1200px) { .ld_simple_heading_6a04f435b52ef h2 {font-size:28px; }  } .ld_simple_heading_6a04f435b52ef h2 {line-height:1.32em; } .ld_simple_heading_6a04f435b52ef h2 {--element-line-height:1.32em; } <\/style><div  class=\"lqd-simple-heading-wrap ld_simple_heading_6a04f435b52ef\">\n<h2 class=\"lqd-simple-heading\">\n\tMerlin Oda Ayar\u0131<\/h2>\n<\/div><style>.ld_icon_box_6a04f435b598a .iconbox-icon-container{font-size:18px;margin-inline-end:7px !important;border-radius:px;}.ld_icon_box_6a04f435b598a .lqd-iconbox-title{margin-bottom:1px;font-size:15px;}<\/style>\n<div class=\"iconbox iconbox-inline text-align-default ld_icon_box_6a04f435b598a vc_custom_1649150631507\" id=\"ld_icon_box_6a04f435b598a\"  data-animate-icon=\"true\"  >\n\t\n\t\t\t\t\t\n\t\n\t<div class=\"iconbox-icon-wrap\"><span class=\"iconbox-icon-container\"><i class=\"lqd-icn-ess icon-ion-ios-checkmark\"><\/i><\/span><\/div>\t\n\t<h3 class=\"lqd-iconbox-title font-weight-normal\">Is\u0131tma, sog\u0306utma ve havaland\u0131rmay\u0131 eksiksiz ayarlar (CO kumandal\u0131)<\/h3>\t\n\t\t\n\t\t\n\t\t\t\t\n\t\t\n\t\n<\/div>\n<style>.ld_icon_box_6a04f435b6132 .iconbox-icon-container{font-size:18px;margin-inline-end:7px !important;border-radius:px;}.ld_icon_box_6a04f435b6132 .lqd-iconbox-title{margin-bottom:1px;font-size:15px;}<\/style>\n<div class=\"iconbox iconbox-inline text-align-default ld_icon_box_6a04f435b6132 vc_custom_1649150642570\" id=\"ld_icon_box_6a04f435b6132\"  data-animate-icon=\"true\"  >\n\t\n\t\t\t\t\t\n\t\n\t<div class=\"iconbox-icon-wrap\"><span class=\"iconbox-icon-container\"><i class=\"lqd-icn-ess icon-ion-ios-checkmark\"><\/i><\/span><\/div>\t\n\t<h3 class=\"lqd-iconbox-title font-weight-normal\">App sayesinde kolay kurulum<\/h3>\t\n\t\t\n\t\t\n\t\t\t\t\n\t\t\n\t\n<\/div>\n<style>.ld_icon_box_6a04f435b68f8 .iconbox-icon-container{font-size:18px;margin-inline-end:7px !important;border-radius:px;}.ld_icon_box_6a04f435b68f8 .lqd-iconbox-title{margin-bottom:1px;font-size:15px;}<\/style>\n<div class=\"iconbox iconbox-inline text-align-default ld_icon_box_6a04f435b68f8 vc_custom_1649150658556\" id=\"ld_icon_box_6a04f435b68f8\"  data-animate-icon=\"true\"  >\n\t\n\t\t\t\t\t\n\t\n\t<div class=\"iconbox-icon-wrap\"><span class=\"iconbox-icon-container\"><i class=\"lqd-icn-ess icon-ion-ios-checkmark\"><\/i><\/span><\/div>\t\n\t<h3 class=\"lqd-iconbox-title font-weight-normal\">Dig\u0306er sistemler ic\u0327in ac\u0327\u0131k ara yu\u0308z<\/h3>\t\n\t\t\n\t\t\n\t\t\t\t\n\t\t\n\t\n<\/div>\n<style>.ld_icon_box_6a04f435b705c .iconbox-icon-container{font-size:18px;margin-inline-end:7px !important;border-radius:px;}.ld_icon_box_6a04f435b705c .lqd-iconbox-title{margin-bottom:1px;font-size:15px;}<\/style>\n<div class=\"iconbox iconbox-inline text-align-default ld_icon_box_6a04f435b705c vc_custom_1649150670738\" id=\"ld_icon_box_6a04f435b705c\"  data-animate-icon=\"true\"  >\n\t\n\t\t\t\t\t\n\t\n\t<div class=\"iconbox-icon-wrap\"><span class=\"iconbox-icon-container\"><i class=\"lqd-icn-ess icon-ion-ios-checkmark\"><\/i><\/span><\/div>\t\n\t<h3 class=\"lqd-iconbox-title font-weight-normal\">Go\u0308lgelendirme ve ayd\u0131nlatma ic\u0327in WLAN bag\u0306lant\u0131s\u0131 ve ayarlar\u0131<\/h3>\t\n\t\t\n\t\t\n\t\t\t\t\n\t\t\n\t\n<\/div>\n[\/vc_column][vc_column width=&#8221;1\/2&#8243;][vc_single_image image=&#8221;12099&#8243;][\/vc_column][\/vc_row][vc_row content_placement=&#8221;middle&#8221; responsive_css=&#8221;margin_bottom_large:50px&#8221;][vc_column enable_hover_move=&#8221;lqd-column-move-onhover&#8221; hover_move_value=&#8221;-5px&#8221; width=&#8221;2\/5&#8243;][vc_single_image image=&#8221;12097&#8243; css=&#8221;.vc_custom_1649722021546{border-top-width: 2px !important;border-right-width: 2px !important;border-bottom-width: 2px !important;border-left-width: 2px !important;border-left-color: #ffffff !important;border-left-style: solid !important;border-right-color: #ffffff !important;border-right-style: solid !important;border-top-color: #ffffff !important;border-top-style: solid !important;border-bottom-color: #ffffff !important;border-bottom-style: solid !important;border-radius: 10px !important;}&#8221;][\/vc_column][vc_column width=&#8221;3\/5&#8243; responsive_css=&#8221;margin_top_large:-30px&#8221;]<style>@media (min-width: 1200px) { .ld_simple_heading_6a04f435b7664 h2 {font-size:28px; }  } .ld_simple_heading_6a04f435b7664 h2 {line-height:1.32em; } .ld_simple_heading_6a04f435b7664 h2 {--element-line-height:1.32em; } <\/style><div  class=\"lqd-simple-heading-wrap ld_simple_heading_6a04f435b7664\">\n<h2 class=\"lqd-simple-heading\">\n\tFermacell Alc\u0327\u0131 Levhalar\u0131 Nemi Tampon Eder<\/h2>\n<\/div>[vc_column_text]Fraunhofer Enstitu\u0308su\u0308, fermacell su buhar\u0131- adsorpsiyon s\u0131n\u0131f\u0131 WS II\u2019yi onaylamaktad\u0131r.<br \/>\nAlc\u0327\u0131 levhalar\u0131n\u0131n, nemi dengeleyen etkisi, kaynak s\u0131vas\u0131 ile benzer olup, daha iyi bir meka\u0302n iklimine yol ac\u0327ar.<br \/>\n20 m2 yu\u0308zeyde, alc\u0327\u0131 levhalar\u0131 taraf\u0131ndan bir litre kadar su tampon edilmektedir. Bo\u0308ylece, zamanla suyun nemi \u201cPark edilerek\u201d du\u0308s\u0327u\u0308k nemde yeniden iade edilmektedir. Bu durum, iyi gelen s\u0131cak ve rahats\u0131z edici sog\u0306uk aras\u0131ndaki his anlam\u0131na gelebilir. Ve sog\u0306utma, du\u0308s\u0327u\u0308k hava neminde daha verimli c\u0327al\u0131s\u0327maktad\u0131r.<br \/>\nBo\u0308ylece, yog\u0306unlas\u0327maya kars\u0327\u0131 gu\u0308venceniz ve ayn\u0131 zamanda verimli sog\u0306utma ve \u0131s\u0131tma sistemine sahip olursunuz. Yetenekli ayarlama ile ilgili fazla maliyet ise, k\u0131sa su\u0308re sonra, enerji tasarrufu ile kendini amortize eder. Ayr\u0131nt\u0131l\u0131 bilgilendirme ic\u0327in, entegre bina yo\u0308netimi Honeywll ortak pazar\u0131 olan CentraLine, sizin yan\u0131n\u0131zda. CentraLine, du\u0308nya c\u0327ap\u0131ndaki ortak ag\u0306lar\u0131 sayesinde, projeden- kurulum ve bak\u0131ma kadar dan\u0131s\u0327manl\u0131k hizmeti vermektedir. Alan yo\u0308neticisinin knowhow\u2019dan faydalanarak ve yerinde her yerde tecru\u0308beli ayarlama uzmanlar\u0131na sahiptir.[\/vc_column_text][\/vc_column][\/vc_row]<\/p>\n","protected":false},"excerpt":{"rendered":"<p>[vc_row content_placement=&#8221;middle&#8221; responsive_css=&#8221;margin_top_large:50px&#8221; css=&#8221;.vc_custom_1649874296368{margin-top: 30px !important;}&#8221;][vc_column width=&#8221;1\/2&#8243;][vc_column_text]Yaz mevsiminde, oda \u0131s\u0131 ayar\u0131n\u0131n rahats\u0131z etmeyecek s\u0327ekilde ayarlan\u0131p ayarlanmad\u0131g\u0306\u0131 u\u0308c\u0327 fakto\u0308re bag\u0306l\u0131d\u0131r:[\/vc_column_text][\/vc_column][vc_column enable_hover_move=&#8221;lqd-column-move-onhover&#8221; hover_move_value=&#8221;-5px&#8221; width=&#8221;1\/2&#8243;][vc_single_image image=&#8221;12105&#8243;][\/vc_column][\/vc_row][vc_row responsive_css=&#8221;margin_bottom_large:50px&#8221;][vc_column width=&#8221;1\/2&#8243;][vc_column_text]Ferah bir oda havas\u0131 yaratmak isteyen kis\u0327iler, bu u\u0308c\u0327 fakto\u0308ru\u0308 dikkatte almal\u0131d\u0131r. Fermacell alc\u0327\u0131 elyaf plakalar\u0131ndan olus\u0327an kaplama ile tavan kaplamas\u0131 ve CentraLine \u201cMerlin\u201c oda ayar\u0131 ile hepsi kontrol alt\u0131nda. Sog\u0306utma [&hellip;]<\/p>\n","protected":false},"author":1,"featured_media":0,"parent":0,"menu_order":0,"comment_status":"closed","ping_status":"closed","template":"","meta":{"footnotes":""},"class_list":["post-10561","page","type-page","status-publish","hentry"],"aioseo_notices":[],"_links":{"self":[{"href":"https:\/\/www.klimatopturkey.com\/en\/wp-json\/wp\/v2\/pages\/10561","targetHints":{"allow":["GET"]}}],"collection":[{"href":"https:\/\/www.klimatopturkey.com\/en\/wp-json\/wp\/v2\/pages"}],"about":[{"href":"https:\/\/www.klimatopturkey.com\/en\/wp-json\/wp\/v2\/types\/page"}],"author":[{"embeddable":true,"href":"https:\/\/www.klimatopturkey.com\/en\/wp-json\/wp\/v2\/users\/1"}],"replies":[{"embeddable":true,"href":"https:\/\/www.klimatopturkey.com\/en\/wp-json\/wp\/v2\/comments?post=10561"}],"version-history":[{"count":0,"href":"https:\/\/www.klimatopturkey.com\/en\/wp-json\/wp\/v2\/pages\/10561\/revisions"}],"wp:attachment":[{"href":"https:\/\/www.klimatopturkey.com\/en\/wp-json\/wp\/v2\/media?parent=10561"}],"curies":[{"name":"wp","href":"https:\/\/api.w.org\/{rel}","templated":true}]}}