{"id":10559,"date":"2022-03-25T21:09:50","date_gmt":"2022-03-25T18:09:50","guid":{"rendered":"https:\/\/www.prografik.club\/demo\/pro-firma-v1\/?page_id=10559"},"modified":"2022-07-21T20:20:38","modified_gmt":"2022-07-21T17:20:38","slug":"isitma-sistemleri","status":"publish","type":"page","link":"https:\/\/www.klimatopturkey.com\/en\/isitma-sistemleri\/","title":{"rendered":"Is\u0131tma Sistemleri"},"content":{"rendered":"<p>[vc_row responsive_css=&#8221;margin_top_large:50px&#8221; css=&#8221;.vc_custom_1649874373425{margin-top: 30px !important;}&#8221;][vc_column width=&#8221;1\/2&#8243;]<style>@media (min-width: 1200px) { .ld_simple_heading_6a04de6be5139 h2 {font-size:28px; }  } .ld_simple_heading_6a04de6be5139 h2 {line-height:1.32em; } .ld_simple_heading_6a04de6be5139 h2 {--element-line-height:1.32em; } <\/style><div  class=\"lqd-simple-heading-wrap ld_simple_heading_6a04de6be5139\">\n<h2 class=\"lqd-simple-heading\">\n\tTavan Is\u0131tman\u0131n Hava Ak\u0131\u015f\u0131<\/h2>\n<\/div>[vc_column_text]I\u0307klim tavan\u0131, \u0131s\u0131 radyasyonunun %98 u\u0308zerine kadar \u0131s\u0131t\u0131r. Ancak yu\u0308zeyler \u0131s\u0131nd\u0131g\u0306\u0131nda, bu \u0131s\u0131y\u0131 yavas\u0327c\u0327a havaya iletirler. Bu durum, \u0131s\u0131tma kaynag\u0306\u0131ndan daha yumus\u0327ak s\u0327ekilde gerc\u0327ekles\u0327ir ve buna uygun olarak, hava da yu\u0308kselir. Yukar\u0131ya ulas\u0327an hava, s\u0131cak duvarlarda ve tavan yu\u0308zeylerinde yeniden sog\u0306uyamaz. Bu durum, hareketi ayr\u0131ca frenlemekte ve hava dolas\u0327\u0131m\u0131 ag\u0306\u0131r c\u0327ekim h\u0131z\u0131nda gerc\u0327ekles\u0327ir. Bo\u0308ylece, hava ak\u0131s\u0327lar\u0131 olmadan, genel meka\u0302n ic\u0327erisinde es\u0327it \u0131s\u0131 dag\u0306\u0131l\u0131m\u0131 gerc\u0327ekles\u0327ir. Bu durum konforu hissettirmektedir.[\/vc_column_text][\/vc_column][vc_column width=&#8221;1\/2&#8243;][vc_single_image image=&#8221;13401&#8243; alignment=&#8221;center&#8221;][\/vc_column][\/vc_row][vc_row responsive_css=&#8221;margin_bottom_large:50px&#8221;][vc_column width=&#8221;1\/2&#8243;]<style>@media (min-width: 1200px) { .ld_simple_heading_6a04de6be5723 h2 {font-size:28px; }  } .ld_simple_heading_6a04de6be5723 h2 {line-height:1.32em; } .ld_simple_heading_6a04de6be5723 h2 {--element-line-height:1.32em; } <\/style><div  class=\"lqd-simple-heading-wrap ld_simple_heading_6a04de6be5723\">\n<h2 class=\"lqd-simple-heading\">\n\tZemin Is\u0131tman\u0131n Hava Ak\u0131\u015f\u0131<\/h2>\n<\/div>[vc_column_text]Zemin \u0131s\u0131tmas\u0131, ortalama olarak, \u0131s\u0131 radyasyonun yaklas\u0327\u0131k %50 u\u0308zerinde \u0131s\u0131tmaktad\u0131r (Is\u0131tma esnas\u0131nda ve havaland\u0131rd\u0131ktan sonra daha az- \u0131s\u0131t\u0131lan mekan ic\u0327erisinde daha fazla). Bu ise, havadan ziyade, tavan, mobilya ve duvarlar\u0131 daha s\u0131cak tutmak ic\u0327in yeterli deg\u0306ildir. C\u0327u\u0308nku\u0308 \u0131s\u0131tma gu\u0308cu\u0308nu\u0308n geriye kalan %50\u2019si, konveksiyonlar u\u0308zerinden, meka\u0302na iletilir- yani, zemindeki hava \u0131s\u0131t\u0131l\u0131r. S\u0131cak hava h\u0131zl\u0131 s\u0327ekilde yu\u0308kselir ve yukar\u0131da sog\u0306uk duvar ve tavan yu\u0308zeylerinde yeniden sog\u0306ur. Sog\u0306uk hava duvar ve pencere zemine akar ve orada yeniden \u0131s\u0131t\u0131l\u0131r.<br \/>\nZemin (Yer) \u0131s\u0131tmas\u0131 c\u0327ok fazla hava dolas\u0327\u0131m\u0131 gerc\u0327ekles\u0327tirir ve dolas\u0327\u0131m sayesinde, mekan ic\u0327erisinde es\u0327it \u0131s\u0131 dag\u0306\u0131l\u0131m\u0131n\u0131 sag\u0306lar. Ancak yu\u0308ksek olan hava ak\u0131m\u0131 c\u0327ok fazla toz kald\u0131r\u0131r ve duvar ve pencere alanlar\u0131na du\u0308s\u0327en sog\u0306uk hava, rahats\u0131z edici buharlas\u0327ma go\u0308ru\u0308ntu\u0308lerine sebep verir.[\/vc_column_text][\/vc_column][vc_column width=&#8221;1\/2&#8243;][vc_single_image image=&#8221;13403&#8243; alignment=&#8221;center&#8221;][\/vc_column][\/vc_row][vc_row responsive_css=&#8221;margin_bottom_large:50px&#8221;][vc_column width=&#8221;1\/2&#8243;]<style>@media (min-width: 1200px) { .ld_simple_heading_6a04de6be5b2b h2 {font-size:28px; }  } .ld_simple_heading_6a04de6be5b2b h2 {line-height:1.32em; } .ld_simple_heading_6a04de6be5b2b h2 {--element-line-height:1.32em; } <\/style><div  class=\"lqd-simple-heading-wrap ld_simple_heading_6a04de6be5b2b\">\n<h2 class=\"lqd-simple-heading\">\n\tRadyat\u00f6r Is\u0131tman\u0131n Hava Ak\u0131\u015f\u0131<\/h2>\n<\/div>[vc_column_text]Radyat\u00f6r \u0131s\u0131tma veya petekli Is\u0131tma odan\u0131n bir noktas\u0131nda t\u00fcm oday\u0131 \u0131s\u0131tmaya \u00e7al\u0131\u015f\u0131r. O y\u00fczden odan\u0131n i\u00e7erisinde Oda s\u0131cakl\u0131\u011f\u0131n\u0131n \u00e7ok dengesiz olmas\u0131n\u0131 sa\u011flar.[\/vc_column_text][\/vc_column][vc_column width=&#8221;1\/2&#8243;][vc_single_image image=&#8221;13404&#8243; alignment=&#8221;center&#8221;][\/vc_column][\/vc_row]<\/p>\n","protected":false},"excerpt":{"rendered":"<p>[vc_row responsive_css=&#8221;margin_top_large:50px&#8221; css=&#8221;.vc_custom_1649874373425{margin-top: 30px !important;}&#8221;][vc_column width=&#8221;1\/2&#8243;][vc_column_text]I\u0307klim tavan\u0131, \u0131s\u0131 radyasyonunun %98 u\u0308zerine kadar \u0131s\u0131t\u0131r. Ancak yu\u0308zeyler \u0131s\u0131nd\u0131g\u0306\u0131nda, bu \u0131s\u0131y\u0131 yavas\u0327c\u0327a havaya iletirler. Bu durum, \u0131s\u0131tma kaynag\u0306\u0131ndan daha yumus\u0327ak s\u0327ekilde gerc\u0327ekles\u0327ir ve buna uygun olarak, hava da yu\u0308kselir. Yukar\u0131ya ulas\u0327an hava, s\u0131cak duvarlarda ve tavan yu\u0308zeylerinde yeniden sog\u0306uyamaz. Bu durum, hareketi ayr\u0131ca frenlemekte ve hava dolas\u0327\u0131m\u0131 ag\u0306\u0131r [&hellip;]<\/p>\n","protected":false},"author":1,"featured_media":0,"parent":0,"menu_order":0,"comment_status":"closed","ping_status":"closed","template":"","meta":{"footnotes":""},"class_list":["post-10559","page","type-page","status-publish","hentry"],"aioseo_notices":[],"_links":{"self":[{"href":"https:\/\/www.klimatopturkey.com\/en\/wp-json\/wp\/v2\/pages\/10559","targetHints":{"allow":["GET"]}}],"collection":[{"href":"https:\/\/www.klimatopturkey.com\/en\/wp-json\/wp\/v2\/pages"}],"about":[{"href":"https:\/\/www.klimatopturkey.com\/en\/wp-json\/wp\/v2\/types\/page"}],"author":[{"embeddable":true,"href":"https:\/\/www.klimatopturkey.com\/en\/wp-json\/wp\/v2\/users\/1"}],"replies":[{"embeddable":true,"href":"https:\/\/www.klimatopturkey.com\/en\/wp-json\/wp\/v2\/comments?post=10559"}],"version-history":[{"count":0,"href":"https:\/\/www.klimatopturkey.com\/en\/wp-json\/wp\/v2\/pages\/10559\/revisions"}],"wp:attachment":[{"href":"https:\/\/www.klimatopturkey.com\/en\/wp-json\/wp\/v2\/media?parent=10559"}],"curies":[{"name":"wp","href":"https:\/\/api.w.org\/{rel}","templated":true}]}}