{"id":10557,"date":"2022-03-25T21:09:22","date_gmt":"2022-03-25T18:09:22","guid":{"rendered":"https:\/\/www.prografik.club\/demo\/pro-firma-v1\/?page_id=10557"},"modified":"2022-03-25T21:09:22","modified_gmt":"2022-03-25T18:09:22","slug":"kurulum-asamalari","status":"publish","type":"page","link":"https:\/\/www.klimatopturkey.com\/en\/kurulum-asamalari\/","title":{"rendered":"Kurulum A\u015famalar\u0131"},"content":{"rendered":"<p>[vc_row responsive_css=&#8221;margin_top_large:50px|margin_bottom_large:50px&#8221; css=&#8221;.vc_custom_1649874408697{margin-top: 30px !important;}&#8221;][vc_column]<style>.ld_simple_heading_6a04de637f808 h2 {font-size:20px; } @media (min-width: 1200px) { .ld_simple_heading_6a04de637f808 h2 {font-size:28px; }  } .ld_simple_heading_6a04de637f808 h2 {line-height:1.32em; } .ld_simple_heading_6a04de637f808 h2 {--element-line-height:1.32em; } <\/style><div  class=\"lqd-simple-heading-wrap ld_simple_heading_6a04de637f808\">\n<h2 class=\"lqd-simple-heading\">\n\tKlimaTop Turkey Profili<\/h2>\n<\/div>[vc_column_text]KlimaTop Turkey profili, tavana veya tavan kiris\u0327ine dog\u0306rudan monte edilebilir. Bununla, yap\u0131lacak olan kurulum ic\u0327in her s\u0327ey haz\u0131rlanm\u0131s\u0327 olacakt\u0131r: Boru sayac\u0327lar\u0131 sadece profil somunlar\u0131n\u0131n ic\u0327ine bast\u0131r\u0131larak, mevcut olan \u0131s\u0131tma sistemine bag\u0306lan\u0131r. Daha sonra, kartonpiyer veya alc\u0327\u0131 levhalar profiller u\u0308zerine monte edilir.<br \/>\nKaz\u0131ma, boyama veya s\u0131va is\u0327leminden sonra, kullan\u0131ma haz\u0131r olup, 30 mm toplam yu\u0308kseklik ile uygulamaya konulabilir. Montaj zemini talep edildig\u0306i takdirde, KlimaTop Turkey profilleri, kontrplak veya destek profilleri u\u0308zerine monte edilir. Bu destek profilleri, daha fazla yas\u0327am alan\u0131 sag\u0306lamak ic\u0327in, tavana da as\u0131labilir. O\u0308rneg\u0306in, ev teknolojisine, havaland\u0131rma, elektrik ve bas\u0327ka elemanlar\u0131 yerles\u0327tirmek ic\u0327in.[\/vc_column_text][\/vc_column][\/vc_row][vc_row content_placement=&#8221;middle&#8221; responsive_css=&#8221;margin_bottom_large:50px&#8221;][vc_column width=&#8221;1\/2&#8243; responsive_css=&#8221;margin_top_large:-30px&#8221;]<style>@media (min-width: 1200px) { .ld_simple_heading_6a04de637fc0e h2 {font-size:28px; }  } .ld_simple_heading_6a04de637fc0e h2 {line-height:1.32em; } .ld_simple_heading_6a04de637fc0e h2 {--element-line-height:1.32em; } <\/style><div  class=\"lqd-simple-heading-wrap ld_simple_heading_6a04de637fc0e\">\n<h2 class=\"lqd-simple-heading\">\n\tDog\u0306rudan Montaj<\/h2>\n<\/div>[vc_column_text]Montaj is\u0327lemi, daha az delik ac\u0327mak amac\u0131yla, normal olarak, bir kontrplak veya ek destek profili u\u0308zerine yap\u0131lmaktad\u0131r. Her bir milimetre o\u0308nemli ise, profiller, dog\u0306rudan tavana da monte edilebilir. Kurulum yu\u0308kseklig\u0306i sadece 30 mm dir.<br \/>\nKurulum<br \/>\n1. Tavan (Ahs\u0327ap, beton&#8230;)<br \/>\n2. Destek profili veya kontrplak<br \/>\n3. Entegre \u0131s\u0131tma\/ sog\u0306utma borusu ile Klimasen Profili<br \/>\n4. Alt do\u0308s\u0327eme- Kartonpiyer veya alc\u0327\u0131 levhalar\u0131<br \/>\n5. Fermacell ile tek bas\u0327\u0131na etkili, c\u0327ift tara \u0131 do\u0308s\u0327enmis\u0327 yang\u0131m emniyeti ile alt do\u0308s\u0327eme:<br \/>\n10 mm + 10 mm= F30 | 18 mm + 15 mm= F60[\/vc_column_text][\/vc_column][vc_column enable_hover_move=&#8221;lqd-column-move-onhover&#8221; hover_move_value=&#8221;-5px&#8221; width=&#8221;1\/2&#8243;][vc_single_image image=&#8221;12115&#8243; css=&#8221;.vc_custom_1649723118816{border-top-width: 2px !important;border-right-width: 2px !important;border-bottom-width: 2px !important;border-left-width: 2px !important;border-left-color: #ffffff !important;border-left-style: solid !important;border-right-color: #ffffff !important;border-right-style: solid !important;border-top-color: #ffffff !important;border-top-style: solid !important;border-bottom-color: #ffffff !important;border-bottom-style: solid !important;border-radius: 10px !important;}&#8221;][\/vc_column][\/vc_row][vc_row content_placement=&#8221;middle&#8221; css=&#8221;.vc_custom_1649722998158{margin-bottom: 50px !important;}&#8221;][vc_column enable_hover_move=&#8221;lqd-column-move-onhover&#8221; hover_move_value=&#8221;-5px&#8221; width=&#8221;1\/2&#8243;][vc_single_image image=&#8221;12113&#8243; css=&#8221;.vc_custom_1649722990680{border-top-width: 2px !important;border-right-width: 2px !important;border-bottom-width: 2px !important;border-left-width: 2px !important;border-left-color: #ffffff !important;border-left-style: solid !important;border-right-color: #ffffff !important;border-right-style: solid !important;border-top-color: #ffffff !important;border-top-style: solid !important;border-bottom-color: #ffffff !important;border-bottom-style: solid !important;border-radius: 10px !important;}&#8221;][\/vc_column][vc_column width=&#8221;1\/2&#8243; responsive_css=&#8221;margin_top_large:-30px&#8221;]<style>@media (min-width: 1200px) { .ld_simple_heading_6a04de637fef8 h2 {font-size:28px; }  } .ld_simple_heading_6a04de637fef8 h2 {line-height:1.32em; } .ld_simple_heading_6a04de637fef8 h2 {--element-line-height:1.32em; } <\/style><div  class=\"lqd-simple-heading-wrap ld_simple_heading_6a04de637fef8\">\n<h2 class=\"lqd-simple-heading\">\n\tAsma Montaj<\/h2>\n<\/div>[vc_column_text]Kurulum<br \/>\n1. Tavan (Ahs\u0327ap, beton&#8230;)<br \/>\n2. Destek profili veya kontrplak<br \/>\n3. Entegre \u0131s\u0131tma\/ sog\u0306utma borusu ile Klimasen Profili<br \/>\n4. Alt do\u0308s\u0327eme- Kartonpiyer veya alc\u0327\u0131 levhalar\u0131<br \/>\n5. Fermacell ile tek bas\u0327\u0131na etkili, c\u0327ift taraf\u0131 do\u0308s\u0327enmis\u0327 yang\u0131m emniyeti ile alt do\u0308s\u0327eme: 10 mm + 10 mm= F30 |18 mm + 15 mm= F60[\/vc_column_text][\/vc_column][\/vc_row][vc_row content_placement=&#8221;middle&#8221; responsive_css=&#8221;margin_bottom_large:50px&#8221;][vc_column width=&#8221;1\/2&#8243; responsive_css=&#8221;margin_top_large:-30px&#8221;]<style>@media (min-width: 1200px) { .ld_simple_heading_6a04de63801d0 h2 {font-size:28px; }  } .ld_simple_heading_6a04de63801d0 h2 {line-height:1.32em; } .ld_simple_heading_6a04de63801d0 h2 {--element-line-height:1.32em; } <\/style><div  class=\"lqd-simple-heading-wrap ld_simple_heading_6a04de63801d0\">\n<h2 class=\"lqd-simple-heading\">\n\tIs\u0131 Radyasyonu Enerji Tasarruf Eder<\/h2>\n<\/div>[vc_column_text]I\u0307klim tavan\u0131, havay\u0131 \u0131s\u0131tmadan, s\u0131cakl\u0131g\u0306\u0131n\u0131n %98\u2019ne kadar olan\u0131 dog\u0306rudan mobilya, duvar ve zemin yu\u0308zeylerine go\u0308nderir. Bo\u0308ylece hissedilen oda s\u0131cakl\u0131g\u0306\u0131, oda ic\u0327erisinde hava \u0131s\u0131s\u0131ndan daha yu\u0308ksektir.<br \/>\nBu o\u0308zellikle konforlu hissettirerek, enerji harcamaz. C\u0327u\u0308nku\u0308 \u0131s\u0131, havada deg\u0306il, kat\u0131 cisimlerin ic\u0327erisinde saklan\u0131r. Bo\u0308ylece, sog\u0306utma esnas\u0131nda %18\u2019e kadar daha az \u0131s\u0131tma enerjisi kayb\u0131 yas\u0327an\u0131r.<br \/>\nBunun d\u0131s\u0327\u0131nda, ak\u0131s\u0327 \u0131s\u0131n\u0131n\u0131 muhafaza edebilmek ic\u0327in, daha az enerjiye ihtiyac\u0327 duyulmaktad\u0131r.[\/vc_column_text][\/vc_column][vc_column enable_hover_move=&#8221;lqd-column-move-onhover&#8221; hover_move_value=&#8221;-5px&#8221; width=&#8221;1\/2&#8243;][vc_single_image image=&#8221;12129&#8243; css=&#8221;.vc_custom_1649724057026{border-top-width: 2px !important;border-right-width: 2px !important;border-bottom-width: 2px !important;border-left-width: 2px !important;border-left-color: #ffffff !important;border-left-style: solid !important;border-right-color: #ffffff !important;border-right-style: solid !important;border-top-color: #ffffff !important;border-top-style: solid !important;border-bottom-color: #ffffff !important;border-bottom-style: solid !important;border-radius: 10px !important;}&#8221;][\/vc_column][\/vc_row][vc_row enable_overlay=&#8221;yes&#8221; css=&#8221;.vc_custom_1649149270232{padding-top: 80px !important;padding-bottom: 80px !important;background-image: url(https:\/\/www.klimatopturkey.com\/en\/wp-content\/uploads\/2022\/04\/teknik-bg.jpg?id=11431) !important;background-position: center !important;background-repeat: no-repeat !important;background-size: cover !important;}&#8221; overlay_bg=&#8221;rgba(255, 255, 255, 0.88)&#8221; responsive_css=&#8221;margin_bottom_large:50px&#8221;][vc_column responsive_align=&#8221;text-lg-center&#8221;][vc_separator]<style>@media (min-width: 1200px) { .ld_simple_heading_6a04de63804b3 h2 {font-size:36px; }  } .ld_simple_heading_6a04de63804b3 h2 {line-height:1.32em; } .ld_simple_heading_6a04de63804b3 h2 {--element-line-height:1.32em; } <\/style><div  class=\"lqd-simple-heading-wrap ld_simple_heading_6a04de63804b3\">\n<h2 class=\"lqd-simple-heading\">\n\tAkustik Ayarlama<\/h2>\n<\/div>[vc_separator][\/vc_column][\/vc_row][vc_row content_placement=&#8221;middle&#8221; responsive_css=&#8221;margin_bottom_large:50px&#8221;][vc_column enable_hover_move=&#8221;lqd-column-move-onhover&#8221; hover_move_value=&#8221;-5px&#8221; width=&#8221;1\/2&#8243;][vc_single_image image=&#8221;12120&#8243; css=&#8221;.vc_custom_1649723388833{border-top-width: 2px !important;border-right-width: 2px !important;border-bottom-width: 2px !important;border-left-width: 2px !important;border-left-color: #ffffff !important;border-left-style: solid !important;border-right-color: #ffffff !important;border-right-style: solid !important;border-top-color: #ffffff !important;border-top-style: solid !important;border-bottom-color: #ffffff !important;border-bottom-style: solid !important;border-radius: 10px !important;}&#8221;][\/vc_column][vc_column width=&#8221;1\/2&#8243; responsive_css=&#8221;margin_top_large:-30px&#8221;]<style>@media (min-width: 1200px) { .ld_simple_heading_6a04de638076d h2 {font-size:28px; }  } .ld_simple_heading_6a04de638076d h2 {line-height:1.32em; } .ld_simple_heading_6a04de638076d h2 {--element-line-height:1.32em; } <\/style><div  class=\"lqd-simple-heading-wrap ld_simple_heading_6a04de638076d\">\n<h2 class=\"lqd-simple-heading\">\n\tAyarlanan Akustig\u0306in, Mekan I\u0307klimine Sag\u0306lad\u0131klar\u0131<\/h2>\n<\/div>[vc_column_text]I\u0307s\u0327yerinde ve evde uygun olamayan akustik su\u0308rekli bir rahats\u0131zl\u0131g\u0306a sebep verebilir. Yap\u0131 Fizig\u0306i Fraunhofer Enstitu\u0308su\u0308, akustik uyar\u0131 ak\u0131s\u0327\u0131n\u0131, is\u0327 yerinde o\u0308nemli bir stres fakto\u0308ru\u0308 olarak tespit etmis\u0327tir. Daha c\u0327ok hataya, memnuniyetsizlik ve c\u0327ok fazla hastal\u0131k durumuna sebep vermektedir. Akustik olarak ayarlanan meka\u0302nlar, u\u0308retkenlig\u0306i ve insanlar\u0131n rahatl\u0131g\u0306\u0131n\u0131 artt\u0131r\u0131yor.<br \/>\nAlan kullan\u0131m\u0131na go\u0308re, bas\u0327ka bir is\u0327itme durumu amac\u0327lanmaktad\u0131r: Lisan\u0131 anlama, o\u0308rneg\u0306in, dinleyiciye meka\u0302nsal ses o\u0308rneg\u0306i sunmak isteyen mu\u0308zig\u0306e kars\u0327\u0131n, daha k\u0131sa eko su\u0308releri gerektirmektedir. Bir odan\u0131n nas\u0131l bir ses c\u0327\u0131kartt\u0131g\u0306\u0131 ise, mimarisi ve ic\u0327 donan\u0131m\u0131 ile tespit edilmektedir. Akustig\u0306i, kullan\u0131m\u0131na uygun olmad\u0131g\u0306\u0131 takdirde, deg\u0306is\u0327tirilebilir. \u00d6rneg\u0306in hedefi s\u0327ekilde yerles\u0327tirilen ses emicileri yard\u0131m\u0131yla.[\/vc_column_text][\/vc_column][\/vc_row][vc_row content_placement=&#8221;middle&#8221; responsive_css=&#8221;margin_bottom_large:50px&#8221;][vc_column width=&#8221;1\/2&#8243; responsive_css=&#8221;margin_top_large:-30px&#8221;]<style>@media (min-width: 1200px) { .ld_simple_heading_6a04de6380a3d h2 {font-size:28px; }  } .ld_simple_heading_6a04de6380a3d h2 {line-height:1.32em; } .ld_simple_heading_6a04de6380a3d h2 {--element-line-height:1.32em; } <\/style><div  class=\"lqd-simple-heading-wrap ld_simple_heading_6a04de6380a3d\">\n<h2 class=\"lqd-simple-heading\">\n\tHalka Emiciler:<br \/>\nAkustik ve Yang\u0131n Emniyeti<\/h2>\n<\/div>[vc_column_text]Bugu\u0308ne kadar alc\u0327\u0131pandaki akustik o\u0308nlemler, yang\u0131n emniyeti, \u0131s\u0131tma veya sog\u0306utma ile kombine edilemiyordu. Halka emici bu ac\u0327\u0131y\u0131 ele al\u0131yor: Yanmaz ve rahats\u0131z etmedig\u0306i, tavan kenar\u0131nda en etkili haldedir.<br \/>\nKontrol edilmeyen ses re eksleri, o\u0308zellikle, tavan ve duvarlar\u0131n birles\u0327tig\u0306i, kenar ve ko\u0308s\u0327elerde olus\u0327maktad\u0131r. Bu sebeple, ses emiciler bu alanda en bu\u0308yu\u0308k etkiyi yaratmaktad\u0131r. En uygun yerles\u0327tirme ile daha az emiciler gerekli olup, en dar c\u0327izgiler bile, ekoyu o\u0308nemli s\u0327ekilde azaltabilir. Bunun yan\u0131nda, tabi ki maliyeti de du\u0308s\u0327u\u0308rmektedir.<br \/>\nHalka emiciler, u\u0308fleme cam granu\u0308lu\u0308nden olus\u0327ur. Masif beklentisine rag\u0306men, Reaporc\u0327izimleri c\u0327ok hafif olup, c\u0327ok kolay kesilmektedir. Yanmaz ve nemli mekanlarda sorunsuz s\u0327ekilde kullan\u0131l\u0131r.[\/vc_column_text][\/vc_column][vc_column enable_hover_move=&#8221;lqd-column-move-onhover&#8221; hover_move_value=&#8221;-5px&#8221; width=&#8221;1\/2&#8243;][vc_single_image image=&#8221;12122&#8243; alignment=&#8221;center&#8221; css=&#8221;.vc_custom_1649723626919{border-top-width: 2px !important;border-right-width: 2px !important;border-bottom-width: 2px !important;border-left-width: 2px !important;border-left-color: #ffffff !important;border-left-style: solid !important;border-right-color: #ffffff !important;border-right-style: solid !important;border-top-color: #ffffff !important;border-top-style: solid !important;border-bottom-color: #ffffff !important;border-bottom-style: solid !important;border-radius: 10px !important;}&#8221;][\/vc_column][\/vc_row][vc_row content_placement=&#8221;middle&#8221; responsive_css=&#8221;margin_bottom_large:50px&#8221;][vc_column enable_hover_move=&#8221;lqd-column-move-onhover&#8221; hover_move_value=&#8221;-5px&#8221; width=&#8221;1\/2&#8243;][vc_single_image image=&#8221;12090&#8243; css=&#8221;.vc_custom_1649720857676{border-top-width: 2px !important;border-right-width: 2px !important;border-bottom-width: 2px !important;border-left-width: 2px !important;border-left-color: #ffffff !important;border-left-style: solid !important;border-right-color: #ffffff !important;border-right-style: solid !important;border-top-color: #ffffff !important;border-top-style: solid !important;border-bottom-color: #ffffff !important;border-bottom-style: solid !important;border-radius: 10px !important;}&#8221;][\/vc_column][vc_column width=&#8221;1\/2&#8243; responsive_css=&#8221;margin_top_large:-30px&#8221;]<style>@media (min-width: 1200px) { .ld_simple_heading_6a04de6380cd2 h2 {font-size:28px; }  } .ld_simple_heading_6a04de6380cd2 h2 {line-height:1.32em; } .ld_simple_heading_6a04de6380cd2 h2 {--element-line-height:1.32em; } <\/style><div  class=\"lqd-simple-heading-wrap ld_simple_heading_6a04de6380cd2\">\n<h2 class=\"lqd-simple-heading\">\n\tHalka Emici ile \u0130klim Tavan<\/h2>\n<\/div>[vc_column_text]I\u0307lgili montaj is\u0327lemi, mevcut olan tavan u\u0308zerinde yap\u0131labilir. Ancak, yeni alc\u0327\u0131pan tavanlar\u0131nda, halka emicilerini, istenilen renkte- tavana yu\u0308zey bag\u0306lant\u0131lar\u0131 ile monte edilmesi o\u0308nerilmektedir.[\/vc_column_text]<style>@media (min-width: 1200px) { .ld_simple_heading_6a04de6380fc1 h2 {font-size:18px; }  } .ld_simple_heading_6a04de6380fc1 h2 {line-height:1.32em; } .ld_simple_heading_6a04de6380fc1 h2 {--element-line-height:1.32em; } .ld_simple_heading_6a04de6380fc1 h2 {margin-top:20px !important;  } <\/style><div  class=\"lqd-simple-heading-wrap ld_simple_heading_6a04de6380fc1\">\n<h2 class=\"lqd-simple-heading\">\n\tKurulum \u00d6\u011feleri<\/h2>\n<\/div><style>.ld_icon_box_6a04de63813b3 .iconbox-icon-container{font-size:18px;margin-inline-end:7px !important;border-radius:px;}.ld_icon_box_6a04de63813b3 .lqd-iconbox-title{margin-bottom:1px;font-size:15px;}<\/style>\n<div class=\"iconbox iconbox-inline text-align-default ld_icon_box_6a04de63813b3 vc_custom_1649720933970\" id=\"ld_icon_box_6a04de63813b3\"  data-animate-icon=\"true\"  >\n\t\n\t\t\t\t\t\n\t\n\t<div class=\"iconbox-icon-wrap\"><span class=\"iconbox-icon-container\"><i class=\"lqd-icn-ess icon-ion-ios-checkmark\"><\/i><\/span><\/div>\t\n\t<h3 class=\"lqd-iconbox-title font-weight-normal\">Duvar<\/h3>\t\n\t\t\n\t\t\n\t\t\t\t\n\t\t\n\t\n<\/div>\n<style>.ld_icon_box_6a04de6382267 .iconbox-icon-container{font-size:18px;margin-inline-end:7px !important;border-radius:px;}.ld_icon_box_6a04de6382267 .lqd-iconbox-title{margin-bottom:1px;font-size:15px;}<\/style>\n<div class=\"iconbox iconbox-inline text-align-default ld_icon_box_6a04de6382267 vc_custom_1649720943621\" id=\"ld_icon_box_6a04de6382267\"  data-animate-icon=\"true\"  >\n\t\n\t\t\t\t\t\n\t\n\t<div class=\"iconbox-icon-wrap\"><span class=\"iconbox-icon-container\"><i class=\"lqd-icn-ess icon-ion-ios-checkmark\"><\/i><\/span><\/div>\t\n\t<h3 class=\"lqd-iconbox-title font-weight-normal\">Halka emici<\/h3>\t\n\t\t\n\t\t\n\t\t\t\t\n\t\t\n\t\n<\/div>\n<style>.ld_icon_box_6a04de6382e62 .iconbox-icon-container{font-size:18px;margin-inline-end:7px !important;border-radius:px;}.ld_icon_box_6a04de6382e62 .lqd-iconbox-title{margin-bottom:1px;font-size:15px;}<\/style>\n<div class=\"iconbox iconbox-inline text-align-default ld_icon_box_6a04de6382e62 vc_custom_1649720953543\" id=\"ld_icon_box_6a04de6382e62\"  data-animate-icon=\"true\"  >\n\t\n\t\t\t\t\t\n\t\n\t<div class=\"iconbox-icon-wrap\"><span class=\"iconbox-icon-container\"><i class=\"lqd-icn-ess icon-ion-ios-checkmark\"><\/i><\/span><\/div>\t\n\t<h3 class=\"lqd-iconbox-title font-weight-normal\">Tavan (Ahs\u0327ap, beton\u2026)<\/h3>\t\n\t\t\n\t\t\n\t\t\t\t\n\t\t\n\t\n<\/div>\n<style>.ld_icon_box_6a04de63834ef .iconbox-icon-container{font-size:18px;margin-inline-end:7px !important;border-radius:px;}.ld_icon_box_6a04de63834ef .lqd-iconbox-title{margin-bottom:1px;font-size:15px;}<\/style>\n<div class=\"iconbox iconbox-inline text-align-default ld_icon_box_6a04de63834ef vc_custom_1649720965754\" id=\"ld_icon_box_6a04de63834ef\"  data-animate-icon=\"true\"  >\n\t\n\t\t\t\t\t\n\t\n\t<div class=\"iconbox-icon-wrap\"><span class=\"iconbox-icon-container\"><i class=\"lqd-icn-ess icon-ion-ios-checkmark\"><\/i><\/span><\/div>\t\n\t<h3 class=\"lqd-iconbox-title font-weight-normal\">Destek profili veya kontrplak<\/h3>\t\n\t\t\n\t\t\n\t\t\t\t\n\t\t\n\t\n<\/div>\n<style>.ld_icon_box_6a04de638395a .iconbox-icon-container{font-size:18px;margin-inline-end:7px !important;border-radius:px;}.ld_icon_box_6a04de638395a .lqd-iconbox-title{margin-bottom:1px;font-size:15px;}<\/style>\n<div class=\"iconbox iconbox-inline text-align-default ld_icon_box_6a04de638395a vc_custom_1649720978874\" id=\"ld_icon_box_6a04de638395a\"  data-animate-icon=\"true\"  >\n\t\n\t\t\t\t\t\n\t\n\t<div class=\"iconbox-icon-wrap\"><span class=\"iconbox-icon-container\"><i class=\"lqd-icn-ess icon-ion-ios-checkmark\"><\/i><\/span><\/div>\t\n\t<h3 class=\"lqd-iconbox-title font-weight-normal\">Entegre edilen \u0131s\u0131tma\/ sog\u0306utma borusu ile Klimasen Profili<\/h3>\t\n\t\t\n\t\t\n\t\t\t\t\n\t\t\n\t\n<\/div>\n<style>.ld_icon_box_6a04de6383dc1 .iconbox-icon-container{font-size:18px;margin-inline-end:7px !important;border-radius:px;}.ld_icon_box_6a04de6383dc1 .lqd-iconbox-title{margin-bottom:1px;font-size:15px;}<\/style>\n<div class=\"iconbox iconbox-inline text-align-default ld_icon_box_6a04de6383dc1 vc_custom_1649720992987\" id=\"ld_icon_box_6a04de6383dc1\"  data-animate-icon=\"true\"  >\n\t\n\t\t\t\t\t\n\t\n\t<div class=\"iconbox-icon-wrap\"><span class=\"iconbox-icon-container\"><i class=\"lqd-icn-ess icon-ion-ios-checkmark\"><\/i><\/span><\/div>\t\n\t<h3 class=\"lqd-iconbox-title font-weight-normal\">Fermacell ile tek bas\u0327\u0131na etkili, c\u0327ift taraf\u0131 do\u0308s\u0327enmis\u0327 yang\u0131n emniyeti ile alt do\u0308s\u0327eme: 10 mm + 10 mm= F30 | 18 mm + 15 mm= F60<\/h3>\t\n\t\t\n\t\t\n\t\t\t\t\n\t\t\n\t\n<\/div>\n[\/vc_column][\/vc_row]<\/p>\n","protected":false},"excerpt":{"rendered":"<p>[vc_row responsive_css=&#8221;margin_top_large:50px|margin_bottom_large:50px&#8221; css=&#8221;.vc_custom_1649874408697{margin-top: 30px !important;}&#8221;][vc_column][vc_column_text]KlimaTop Turkey profili, tavana veya tavan kiris\u0327ine dog\u0306rudan monte edilebilir. Bununla, yap\u0131lacak olan kurulum ic\u0327in her s\u0327ey haz\u0131rlanm\u0131s\u0327 olacakt\u0131r: Boru sayac\u0327lar\u0131 sadece profil somunlar\u0131n\u0131n ic\u0327ine bast\u0131r\u0131larak, mevcut olan \u0131s\u0131tma sistemine bag\u0306lan\u0131r. Daha sonra, kartonpiyer veya alc\u0327\u0131 levhalar profiller u\u0308zerine monte edilir. Kaz\u0131ma, boyama veya s\u0131va is\u0327leminden sonra, kullan\u0131ma haz\u0131r olup, 30 [&hellip;]<\/p>\n","protected":false},"author":1,"featured_media":0,"parent":0,"menu_order":0,"comment_status":"closed","ping_status":"closed","template":"","meta":{"footnotes":""},"class_list":["post-10557","page","type-page","status-publish","hentry"],"aioseo_notices":[],"_links":{"self":[{"href":"https:\/\/www.klimatopturkey.com\/en\/wp-json\/wp\/v2\/pages\/10557","targetHints":{"allow":["GET"]}}],"collection":[{"href":"https:\/\/www.klimatopturkey.com\/en\/wp-json\/wp\/v2\/pages"}],"about":[{"href":"https:\/\/www.klimatopturkey.com\/en\/wp-json\/wp\/v2\/types\/page"}],"author":[{"embeddable":true,"href":"https:\/\/www.klimatopturkey.com\/en\/wp-json\/wp\/v2\/users\/1"}],"replies":[{"embeddable":true,"href":"https:\/\/www.klimatopturkey.com\/en\/wp-json\/wp\/v2\/comments?post=10557"}],"version-history":[{"count":0,"href":"https:\/\/www.klimatopturkey.com\/en\/wp-json\/wp\/v2\/pages\/10557\/revisions"}],"wp:attachment":[{"href":"https:\/\/www.klimatopturkey.com\/en\/wp-json\/wp\/v2\/media?parent=10557"}],"curies":[{"name":"wp","href":"https:\/\/api.w.org\/{rel}","templated":true}]}}