{"id":10555,"date":"2022-03-25T21:08:49","date_gmt":"2022-03-25T18:08:49","guid":{"rendered":"https:\/\/www.prografik.club\/demo\/pro-firma-v1\/?page_id=10555"},"modified":"2022-03-25T21:08:49","modified_gmt":"2022-03-25T18:08:49","slug":"eski-yapida-istihdam","status":"publish","type":"page","link":"https:\/\/www.klimatopturkey.com\/en\/eski-yapida-istihdam\/","title":{"rendered":"Eski Yap\u0131da \u0130stihdam"},"content":{"rendered":"<p>[vc_row content_placement=&#8221;middle&#8221; responsive_css=&#8221;margin_top_large:50px|margin_bottom_large:50px&#8221; css=&#8221;.vc_custom_1649874304630{margin-top: 30px !important;}&#8221;][vc_column width=&#8221;1\/2&#8243; responsive_css=&#8221;margin_top_large:-30px&#8221;]<style>@media (min-width: 1200px) { .ld_simple_heading_6a04f44f59ed2 h2 {font-size:28px; }  } .ld_simple_heading_6a04f44f59ed2 h2 {line-height:1.32em; } .ld_simple_heading_6a04f44f59ed2 h2 {--element-line-height:1.32em; } <\/style><div  class=\"lqd-simple-heading-wrap ld_simple_heading_6a04f44f59ed2\">\n<h2 class=\"lqd-simple-heading\">\n\tKiris\u0327 Aras\u0131 Montaj<\/h2>\n<\/div>[vc_column_text]\u0130klim tavan\u0131, Restorasyon is\u0327lemi esnas\u0131nda, esneklig\u0306i ve du\u0308s\u0327u\u0308k kurulum yu\u0308kseklig\u0306i ile duruma nokta koymaktad\u0131r. Profiller, her bir ac\u0327\u0131l\u0131 ana c\u0327izgiye uyumlu hale getirilip, yu\u0308ksek do\u0308s\u0327eme s\u0131kl\u0131g\u0306\u0131 imka\u0302n\u0131 sag\u0306lamaktad\u0131r. Kiris\u0327 c\u0327at\u0131lar\u0131nda, c\u0327at\u0131 eg\u0306imi ile ve olmadan, KlimaTop Turkey profilleri, ic\u0327 meka\u0302n yu\u0308kseklig\u0306inde kayba yol ac\u0327mamak ve orijinal tavan\u0131n alt go\u0308ru\u0308ntu\u0308su\u0308 muhafaza edebilmek ic\u0327in, kiris\u0327 aras\u0131na monte edilebilir. Bu durum, o\u0308zellikle an\u0131tlar\u0131n korunmas\u0131nda o\u0308zel bir fakto\u0308r tes\u0327kil etmektedir. Yang\u0131 emniyeti (F30), ahs\u0327ap kiris\u0327 aras\u0131 yap\u0131lan montaj is\u0327lemin de mu\u0308mku\u0308ndu\u0308r.[\/vc_column_text][\/vc_column][vc_column enable_hover_move=&#8221;lqd-column-move-onhover&#8221; hover_move_value=&#8221;-5px&#8221; width=&#8221;1\/2&#8243; column_top_onmobile=&#8221;yes&#8221;][vc_single_image image=&#8221;12042&#8243; css=&#8221;.vc_custom_1649716426781{border-top-width: 2px !important;border-right-width: 2px !important;border-bottom-width: 2px !important;border-left-width: 2px !important;border-left-color: #ffffff !important;border-left-style: solid !important;border-right-color: #ffffff !important;border-right-style: solid !important;border-top-color: #ffffff !important;border-top-style: solid !important;border-bottom-color: #ffffff !important;border-bottom-style: solid !important;border-radius: 10px !important;}&#8221;][\/vc_column][\/vc_row][vc_row content_placement=&#8221;middle&#8221; responsive_css=&#8221;margin_bottom_large:50px&#8221;][vc_column enable_hover_move=&#8221;lqd-column-move-onhover&#8221; hover_move_value=&#8221;-5px&#8221; width=&#8221;1\/2&#8243;][vc_single_image image=&#8221;12043&#8243; css=&#8221;.vc_custom_1649716440815{border-top-width: 2px !important;border-right-width: 2px !important;border-bottom-width: 2px !important;border-left-width: 2px !important;border-left-color: #ffffff !important;border-left-style: solid !important;border-right-color: #ffffff !important;border-right-style: solid !important;border-top-color: #ffffff !important;border-top-style: solid !important;border-bottom-color: #ffffff !important;border-bottom-style: solid !important;border-radius: 10px !important;}&#8221;][\/vc_column][vc_column width=&#8221;1\/2&#8243; responsive_css=&#8221;margin_top_large:-30px&#8221;]<style>@media (min-width: 1200px) { .ld_simple_heading_6a04f44f5a56c h2 {font-size:28px; }  } .ld_simple_heading_6a04f44f5a56c h2 {line-height:1.32em; } .ld_simple_heading_6a04f44f5a56c h2 {--element-line-height:1.32em; } <\/style><div  class=\"lqd-simple-heading-wrap ld_simple_heading_6a04f44f5a56c\">\n<h2 class=\"lqd-simple-heading\">\n\tTam \u0131s\u0131 yal\u0131t\u0131m\u0131 olmadan enerji verimlilig\u0306i<\/h2>\n<\/div>[vc_column_text]Tu\u0308m eski yap\u0131lar\u0131n hepsinde, \u0131s\u0131 haznesi bag\u0306lant\u0131 sistemi yerles\u0327tirilmesi ekonomik, teknik veya yasal olarak mu\u0308mku\u0308n deg\u0306ildir. An\u0131tlar\u0131n korunmas\u0131nda, s\u0131k olarak uygun tedbirler al\u0131nam\u0131yor. I\u0307klim tavan\u0131, tam \u0131s\u0131 yal\u0131t\u0131m\u0131 olmadan da, yu\u0308ksek enerji verimlilig\u0306e ulas\u0327abilir.[\/vc_column_text][\/vc_column][\/vc_row][vc_row content_placement=&#8221;middle&#8221; responsive_css=&#8221;margin_bottom_large:50px&#8221;][vc_column width=&#8221;1\/2&#8243; responsive_css=&#8221;margin_top_large:-30px&#8221;]<style>@media (min-width: 1200px) { .ld_simple_heading_6a04f44f5a9d5 h2 {font-size:28px; }  } .ld_simple_heading_6a04f44f5a9d5 h2 {line-height:1.32em; } .ld_simple_heading_6a04f44f5a9d5 h2 {--element-line-height:1.32em; } <\/style><div  class=\"lqd-simple-heading-wrap ld_simple_heading_6a04f44f5a9d5\">\n<h2 class=\"lqd-simple-heading\">\n\tRestorasyon is\u0327lemi esnas\u0131nda avantajlar<\/h2>\n<\/div>[vc_column_text]Her dolas\u0327\u0131m kis\u0327isel olarak uyumlu hale getirilmektdir. Yu\u0308ksek do\u0308s\u0327eme s\u0131kl\u0131g\u0306\u0131, 30 mm\u2019den itibaren do\u0308s\u0327enen tavan yu\u0308kseklig\u0306i, Daha fazla ic\u0327 mekan tavan yu\u0308kseklig\u0306i ic\u0327in kiris\u0327 aras\u0131 kurulum,Kaliteli tavan alt go\u0308ru\u0308ntu\u0308su\u0308, orijinal tavana yak\u0131n (An\u0131tlar\u0131n korunmas\u0131nda o\u0308nemli), F30 sisteme bag\u0306l\u0131 olarak, ahs\u0327ap kiris\u0327ler ile de mu\u0308mku\u0308n, S\u0131k olarak \u0131s\u0131 yal\u0131t\u0131m\u0131 olmadan da, yu\u0308ksek enerji verimlilig\u0306i, Is\u0131, kuru duvarlar sayesinde kiris\u0327 bas\u0327lar\u0131n\u0131n korunmas\u0131.[\/vc_column_text][\/vc_column][vc_column enable_hover_move=&#8221;lqd-column-move-onhover&#8221; hover_move_value=&#8221;-5px&#8221; width=&#8221;1\/2&#8243; column_top_onmobile=&#8221;yes&#8221;][vc_single_image image=&#8221;12047&#8243; css=&#8221;.vc_custom_1649716611515{border-top-width: 2px !important;border-right-width: 2px !important;border-bottom-width: 2px !important;border-left-width: 2px !important;border-left-color: #ffffff !important;border-left-style: solid !important;border-right-color: #ffffff !important;border-right-style: solid !important;border-top-color: #ffffff !important;border-top-style: solid !important;border-bottom-color: #ffffff !important;border-bottom-style: solid !important;border-radius: 10px !important;}&#8221;][\/vc_column][\/vc_row]<\/p>\n","protected":false},"excerpt":{"rendered":"<p>[vc_row content_placement=&#8221;middle&#8221; responsive_css=&#8221;margin_top_large:50px|margin_bottom_large:50px&#8221; css=&#8221;.vc_custom_1649874304630{margin-top: 30px !important;}&#8221;][vc_column width=&#8221;1\/2&#8243; responsive_css=&#8221;margin_top_large:-30px&#8221;][vc_column_text]\u0130klim tavan\u0131, Restorasyon is\u0327lemi esnas\u0131nda, esneklig\u0306i ve du\u0308s\u0327u\u0308k kurulum yu\u0308kseklig\u0306i ile duruma nokta koymaktad\u0131r. Profiller, her bir ac\u0327\u0131l\u0131 ana c\u0327izgiye uyumlu hale getirilip, yu\u0308ksek do\u0308s\u0327eme s\u0131kl\u0131g\u0306\u0131 imka\u0302n\u0131 sag\u0306lamaktad\u0131r. Kiris\u0327 c\u0327at\u0131lar\u0131nda, c\u0327at\u0131 eg\u0306imi ile ve olmadan, KlimaTop Turkey profilleri, ic\u0327 meka\u0302n yu\u0308kseklig\u0306inde kayba yol ac\u0327mamak ve orijinal tavan\u0131n alt [&hellip;]<\/p>\n","protected":false},"author":1,"featured_media":0,"parent":0,"menu_order":0,"comment_status":"closed","ping_status":"closed","template":"","meta":{"footnotes":""},"class_list":["post-10555","page","type-page","status-publish","hentry"],"aioseo_notices":[],"_links":{"self":[{"href":"https:\/\/www.klimatopturkey.com\/en\/wp-json\/wp\/v2\/pages\/10555","targetHints":{"allow":["GET"]}}],"collection":[{"href":"https:\/\/www.klimatopturkey.com\/en\/wp-json\/wp\/v2\/pages"}],"about":[{"href":"https:\/\/www.klimatopturkey.com\/en\/wp-json\/wp\/v2\/types\/page"}],"author":[{"embeddable":true,"href":"https:\/\/www.klimatopturkey.com\/en\/wp-json\/wp\/v2\/users\/1"}],"replies":[{"embeddable":true,"href":"https:\/\/www.klimatopturkey.com\/en\/wp-json\/wp\/v2\/comments?post=10555"}],"version-history":[{"count":0,"href":"https:\/\/www.klimatopturkey.com\/en\/wp-json\/wp\/v2\/pages\/10555\/revisions"}],"wp:attachment":[{"href":"https:\/\/www.klimatopturkey.com\/en\/wp-json\/wp\/v2\/media?parent=10555"}],"curies":[{"name":"wp","href":"https:\/\/api.w.org\/{rel}","templated":true}]}}