{"id":10548,"date":"2022-03-25T21:06:28","date_gmt":"2022-03-25T18:06:28","guid":{"rendered":"https:\/\/www.prografik.club\/demo\/pro-firma-v1\/?page_id=10548"},"modified":"2022-04-25T19:04:55","modified_gmt":"2022-04-25T16:04:55","slug":"sirket-vizyonu","status":"publish","type":"page","link":"https:\/\/www.klimatopturkey.com\/en\/sirket-vizyonu\/","title":{"rendered":"\u015eirket Vizyonu"},"content":{"rendered":"<p>[vc_row content_placement=&#8221;middle&#8221; responsive_css=&#8221;margin_top_large:50px|margin_bottom_large:50px&#8221; css=&#8221;.vc_custom_1649941986424{margin-top: 30px !important;}&#8221;][vc_column width=&#8221;1\/2&#8243;]<div  class=\"lqd-simple-heading-wrap ld_simple_heading_6a05bfa698979\">\n<h2 class=\"lqd-simple-heading\">\n\tVizyonumuz<\/h2>\n<\/div>[vc_column_text]\u0130klimlendirme ve Havaland\u0131rma sistemlerimizde; enerji verimlili\u011fi y\u00fcksek, \u00e7evreye duyarl\u0131, Alman standartlar\u0131nda y\u00fcksek kaliteli ve rekabet\u00e7i \u00fcr\u00fcnlerle projelerinize hayat vermekteyiz. [\/vc_column_text]<style>.ld_spacer_6a05bfa699155{height:32px;}<\/style>\n<div class=\"ld-empty-space ld_spacer_6a05bfa699155\"><\/div><div  class=\"lqd-simple-heading-wrap ld_simple_heading_6a05bfa699629\">\n<h2 class=\"lqd-simple-heading\">\n\tMisyonumuz<\/h2>\n<\/div>[vc_column_text]S\u00fcrd\u00fcr\u00fclebilir enerji sistemleri ile kullan\u0131labilen yenilik\u00e7i \u00fcr\u00fcnlerimiz ve y\u00fckselen marka bilinirli\u011fimizle yurt i\u00e7inde ve yurt d\u0131\u015f\u0131nda lider firma olmak.[\/vc_column_text][\/vc_column][vc_column width=&#8221;1\/2&#8243;]<div id=\"ld_images_group_container_6a05bfa699a39\" class=\"lqd-imggrp-container ld_images_group_container_6a05bfa699a39\"   >\n\t<div class=\"lqd-imggrp-inner\">\n\t\t<div id=\"ld_images_group_element_6a05bfa69a0a9\" class=\"lqd-imggrp-single ld_images_group_element_6a05bfa69a0a9\" data-shadow-style=\"3\" data-roundness=\"8\" data-inview=\"true\" data-animate-shadow=\"true\"  >\n\t\n\t<div class=\"lqd-imggrp-img-container\"    data-parallax=\"true\" data-parallax-from='{\"y\":35}' data-parallax-to='{\"y\":-45}' data-parallax-options='{\"overflowHidden\":false,\"ease\":\"linear\",\"start\":\"top bottom\"}'>\n\t\t\n\t\t\t\t\n\t\t\t\t<figure ><img loading=\"lazy\" decoding=\"async\" width=\"360\" height=\"244\" src=\"https:\/\/www.klimatopturkey.com\/en\/wp-content\/uploads\/2022\/03\/about-1-img.jpg\" srcset=\"https:\/\/www.klimatopturkey.com\/en\/wp-content\/uploads\/2022\/03\/about-1-img-300x203.jpg 300w, https:\/\/www.klimatopturkey.com\/en\/wp-content\/uploads\/2022\/03\/about-1-img.jpg 720w\" class=\"\" alt=\"\" \/><\/figure>\t\t\t\t\t\t\t\t\n\t<\/div><!-- \/.lqd-imggrp-content -->\n<\/div><!-- \/.lqd-imggrp-single --><style>.ld_images_group_element_6a05bfa69bbba {margin-top:-10% !important; margin-left:20% !important;  } .ld_images_group_element_6a05bfa69bbba {margin-top:-10% !important; margin-left:20% !important;  } <\/style><div id=\"ld_images_group_element_6a05bfa69bbba\" class=\"lqd-imggrp-single ld_images_group_element_6a05bfa69bbba\" data-shadow-style=\"3\" data-roundness=\"8\" data-inview=\"true\" data-animate-shadow=\"true\"  >\n\t\n\t<div class=\"lqd-imggrp-img-container\"    data-parallax=\"true\" data-parallax-from='{\"y\":90}' data-parallax-to='{\"y\":-70}' data-parallax-options='{\"overflowHidden\":false,\"ease\":\"linear\",\"start\":\"top bottom\"}'>\n\t\t\n\t\t\t\t\n\t\t\t\t<figure ><img loading=\"lazy\" decoding=\"async\" width=\"230\" height=\"274\" src=\"https:\/\/www.klimatopturkey.com\/en\/wp-content\/uploads\/2022\/03\/about-3-img.jpg\" srcset=\"https:\/\/www.klimatopturkey.com\/en\/wp-content\/uploads\/2022\/03\/about-3-img-252x300.jpg 252w, https:\/\/www.klimatopturkey.com\/en\/wp-content\/uploads\/2022\/03\/about-3-img.jpg 460w\" class=\"\" alt=\"\" \/><\/figure>\t\t\t\t\t\t\t\t\n\t<\/div><!-- \/.lqd-imggrp-content -->\n<\/div><!-- \/.lqd-imggrp-single --><style>.ld_images_group_element_6a05bfa69d120 {margin-top:-70% !important; margin-right:-20% !important; margin-left:50% !important;  } .ld_images_group_element_6a05bfa69d120 {margin-top:-70% !important; margin-right:-20% !important; margin-left:50% !important;  } <\/style><div id=\"ld_images_group_element_6a05bfa69d120\" class=\"lqd-imggrp-single ld_images_group_element_6a05bfa69d120\" data-shadow-style=\"3\" data-roundness=\"8\" data-inview=\"true\" data-animate-shadow=\"true\"  >\n\t\n\t<div class=\"lqd-imggrp-img-container\"    data-parallax=\"true\" data-parallax-from='{\"y\":135}' data-parallax-to='{\"y\":-91}' data-parallax-options='{\"overflowHidden\":false,\"ease\":\"linear\",\"start\":\"top bottom\"}'>\n\t\t\n\t\t\t\t\n\t\t\t\t<figure ><img loading=\"lazy\" decoding=\"async\" width=\"278\" height=\"273\" src=\"https:\/\/www.klimatopturkey.com\/en\/wp-content\/uploads\/2022\/03\/about-2-img.jpg\" srcset=\"https:\/\/www.klimatopturkey.com\/en\/wp-content\/uploads\/2022\/03\/about-2-img-300x295.jpg 300w, https:\/\/www.klimatopturkey.com\/en\/wp-content\/uploads\/2022\/03\/about-2-img.jpg 556w\" class=\"\" alt=\"\" \/><\/figure>\t\t\t\t\t\t\t\t\n\t<\/div><!-- \/.lqd-imggrp-content -->\n<\/div><!-- \/.lqd-imggrp-single --><\/p>\n\t\n\t<\/div><!-- \/.lqd-imggrp-inner -->\n<\/div><!-- \/.lqd-imggrp-container -->[\/vc_column][\/vc_row]<\/p>\n","protected":false},"excerpt":{"rendered":"<p>[vc_row content_placement=&#8221;middle&#8221; responsive_css=&#8221;margin_top_large:50px|margin_bottom_large:50px&#8221; css=&#8221;.vc_custom_1649941986424{margin-top: 30px !important;}&#8221;][vc_column width=&#8221;1\/2&#8243;][vc_column_text]\u0130klimlendirme ve Havaland\u0131rma sistemlerimizde; enerji verimlili\u011fi y\u00fcksek, \u00e7evreye duyarl\u0131, Alman standartlar\u0131nda y\u00fcksek kaliteli ve rekabet\u00e7i \u00fcr\u00fcnlerle projelerinize hayat vermekteyiz. [\/vc_column_text][vc_column_text]S\u00fcrd\u00fcr\u00fclebilir enerji sistemleri ile kullan\u0131labilen yenilik\u00e7i \u00fcr\u00fcnlerimiz ve y\u00fckselen marka bilinirli\u011fimizle yurt i\u00e7inde ve yurt d\u0131\u015f\u0131nda lider firma olmak.[\/vc_column_text][\/vc_column][vc_column width=&#8221;1\/2&#8243;][\/vc_column][\/vc_row]<\/p>\n","protected":false},"author":1,"featured_media":0,"parent":0,"menu_order":0,"comment_status":"closed","ping_status":"closed","template":"","meta":{"footnotes":""},"class_list":["post-10548","page","type-page","status-publish","hentry"],"aioseo_notices":[],"_links":{"self":[{"href":"https:\/\/www.klimatopturkey.com\/en\/wp-json\/wp\/v2\/pages\/10548","targetHints":{"allow":["GET"]}}],"collection":[{"href":"https:\/\/www.klimatopturkey.com\/en\/wp-json\/wp\/v2\/pages"}],"about":[{"href":"https:\/\/www.klimatopturkey.com\/en\/wp-json\/wp\/v2\/types\/page"}],"author":[{"embeddable":true,"href":"https:\/\/www.klimatopturkey.com\/en\/wp-json\/wp\/v2\/users\/1"}],"replies":[{"embeddable":true,"href":"https:\/\/www.klimatopturkey.com\/en\/wp-json\/wp\/v2\/comments?post=10548"}],"version-history":[{"count":0,"href":"https:\/\/www.klimatopturkey.com\/en\/wp-json\/wp\/v2\/pages\/10548\/revisions"}],"wp:attachment":[{"href":"https:\/\/www.klimatopturkey.com\/en\/wp-json\/wp\/v2\/media?parent=10548"}],"curies":[{"name":"wp","href":"https:\/\/api.w.org\/{rel}","templated":true}]}}