{"id":10520,"date":"2022-03-25T20:44:15","date_gmt":"2022-03-25T17:44:15","guid":{"rendered":"https:\/\/www.prografik.club\/demo\/pro-firma-v1\/?page_id=10520"},"modified":"2022-04-25T15:00:24","modified_gmt":"2022-04-25T12:00:24","slug":"hakkimizda","status":"publish","type":"page","link":"https:\/\/www.klimatopturkey.com\/en\/venbreeze\/hakkimizda\/","title":{"rendered":"Hakk\u0131m\u0131zda"},"content":{"rendered":"<p>[vc_row gap=&#8221;25&#8243; content_placement=&#8221;middle&#8221; responsive_css=&#8221;margin_top_large:50px|margin_bottom_large:80px&#8221;][vc_column width=&#8221;3\/5&#8243;]<style>.ld_spacer_6a04f0f8ab366{height:32px;}<\/style>\n<div class=\"ld-empty-space ld_spacer_6a04f0f8ab366\"><\/div><style>.ld_fancy_heading_6a04f0f8ab996 .lqd-highlight-inner{height:0.275em!important;bottom:0px!important;}<\/style><div class=\"ld-fancy-heading ld_fancy_heading_6a04f0f8ab996\">\n\t<h2 class=\"ld-fh-element lqd-highlight-underline lqd-highlight-grow-left text-decoration-default\"   >  Biz Kimiz<\/h2><\/div>[vc_column_text]KlimaTop 2010 senesinden itibaren Almanya merkezli olarak Almanya\u2019da ve Avrupa\u2019n\u0131n muhtelif \u00fclkelerinde iklimlendirme sistemleri \u00fczerine \u00e7al\u0131\u015fmakta olup geli\u015ftirdi\u011fi sistem ile Avrupa Birli\u011fi \u00fclkelerinde standart hale gelmi\u015ftir.<\/p>\n<p>Firmam\u0131z iklimlendirme sistemleri \u00fczerine kendi patenti ile \u00e7al\u0131\u015fmakta olup benzer i\u015f konular\u0131nda iddial\u0131 firmalar aras\u0131nda zirvede yerini korumaktad\u0131r.<\/p>\n<p>Almanya merkezli patent \u015fu anda d\u00fcnyan\u0131n 33 \u00fclkesinde patent ofislerinde tescillidir.[\/vc_column_text][vc_row_inner gap=&#8221;5&#8243; css=&#8221;.vc_custom_1649083662518{margin-top: 20px !important;}&#8221;][vc_column_inner enable_hover_move=&#8221;lqd-column-move-onhover&#8221; hover_move_value=&#8221;5px&#8221; width=&#8221;1\/3&#8243;]<style>.ld_icon_box_6a04f0f8ac26f .iconbox-icon-container{color:rgb(241, 153, 33);margin-bottom:10px !important;border-radius:px;}.ld_icon_box_6a04f0f8ac26f:hover .iconbox-icon-container{color:rgb(5, 5, 5);}.ld_icon_box_6a04f0f8ac26f .lqd-iconbox-title{margin-bottom:1px;font-size:16px;}.ld_icon_box_6a04f0f8ac26f{background:rgb(255, 255, 255);}.ld_icon_box_6a04f0f8ac26f .iconbox-icon-container img,.ld_icon_box_6a04f0f8ac26f .iconbox-icon-container > svg{width:50px !important;}<\/style>\n<div class=\"iconbox text-align-default iconbox-round iconbox-shadow iconbox-xl iconbox-filled iconbox-contents-show-onhover ld_icon_box_6a04f0f8ac26f vc_custom_1649087477836\" id=\"ld_icon_box_6a04f0f8ac26f\"  data-animated-svg=\"true\" data-animate-icon=\"true\" data-plugin-options='{\"file\":\"https:\\\/\\\/www.klimatopturkey.com\\\/en\\\/wp-content\\\/plugins\\\/hub-core\\\/assets\\\/vendors\\\/animated-icons\\\/svg\\\/arrows_fit_vertical.svg\",\"color\":\"rgb(241, 153, 33)\",\"hoverColor\":\"rgb(5, 5, 5)\"}'  data-slideelement-onhover=\"true\" data-slideelement-options='{ \"visibleElement\": \".iconbox-icon-wrap, p, h3\", \"hiddenElement\": \".btn\", \"alignMid\": true }'>\n\t\n\t\t\t\t\t\n\t\n\t<div class=\"iconbox-icon-wrap\"><span class=\"iconbox-icon-container\"><\/span><\/div>\t\n\t<h3 class=\"lqd-iconbox-title \">%100<\/h3>\t\n\t<div class=\"contents\">\t\n\t\t\n\t\t<p>Aktif Yas\u0327am Alan\u0131<\/p>\n\t\t\n\t<\/div>\t\n\t\n<\/div>\n[\/vc_column_inner][vc_column_inner enable_hover_move=&#8221;lqd-column-move-onhover&#8221; hover_move_value=&#8221;5px&#8221; width=&#8221;1\/3&#8243;]<style>.ld_icon_box_6a04f0f8bf47c .iconbox-icon-container{color:rgb(241, 153, 33);margin-bottom:10px !important;border-radius:px;}.ld_icon_box_6a04f0f8bf47c:hover .iconbox-icon-container{color:rgb(5, 5, 5);}.ld_icon_box_6a04f0f8bf47c .lqd-iconbox-title{margin-bottom:1px;font-size:16px;}.ld_icon_box_6a04f0f8bf47c{background:rgb(255, 255, 255);}.ld_icon_box_6a04f0f8bf47c .iconbox-icon-container img,.ld_icon_box_6a04f0f8bf47c .iconbox-icon-container > svg{width:50px !important;}<\/style>\n<div class=\"iconbox text-align-default iconbox-round iconbox-shadow iconbox-xl iconbox-filled iconbox-contents-show-onhover ld_icon_box_6a04f0f8bf47c vc_custom_1649087465473\" id=\"ld_icon_box_6a04f0f8bf47c\"  data-animated-svg=\"true\" data-animate-icon=\"true\" data-plugin-options='{\"file\":\"https:\\\/\\\/www.klimatopturkey.com\\\/en\\\/wp-content\\\/plugins\\\/hub-core\\\/assets\\\/vendors\\\/animated-icons\\\/svg\\\/basic_lock.svg\",\"color\":\"rgb(241, 153, 33)\",\"hoverColor\":\"rgb(5, 5, 5)\"}'  data-slideelement-onhover=\"true\" data-slideelement-options='{ \"visibleElement\": \".iconbox-icon-wrap, p, h3\", \"hiddenElement\": \".btn\", \"alignMid\": true }'>\n\t\n\t\t\t\t\t\n\t\n\t<div class=\"iconbox-icon-wrap\"><span class=\"iconbox-icon-container\"><\/span><\/div>\t\n\t<h3 class=\"lqd-iconbox-title \">F90<\/h3>\t\n\t<div class=\"contents\">\t\n\t\t\n\t\t<p>Seviyesi Yang\u0131n Emniyeti<\/p>\n\t\t\n\t<\/div>\t\n\t\n<\/div>\n[\/vc_column_inner][vc_column_inner enable_hover_move=&#8221;lqd-column-move-onhover&#8221; hover_move_value=&#8221;5px&#8221; width=&#8221;1\/3&#8243;]<style>.ld_icon_box_6a04f0f8cb1c4 .iconbox-icon-container{color:rgb(241, 153, 33);margin-bottom:10px !important;border-radius:px;}.ld_icon_box_6a04f0f8cb1c4:hover .iconbox-icon-container{color:rgb(5, 5, 5);}.ld_icon_box_6a04f0f8cb1c4 .lqd-iconbox-title{margin-bottom:1px;font-size:16px;}.ld_icon_box_6a04f0f8cb1c4{background:rgb(255, 255, 255);}.ld_icon_box_6a04f0f8cb1c4 .iconbox-icon-container img,.ld_icon_box_6a04f0f8cb1c4 .iconbox-icon-container > svg{width:50px !important;}<\/style>\n<div class=\"iconbox text-align-default iconbox-round iconbox-shadow iconbox-xl iconbox-filled iconbox-contents-show-onhover ld_icon_box_6a04f0f8cb1c4 vc_custom_1649087530617\" id=\"ld_icon_box_6a04f0f8cb1c4\"  data-animated-svg=\"true\" data-animate-icon=\"true\" data-plugin-options='{\"file\":\"https:\\\/\\\/www.klimatopturkey.com\\\/en\\\/wp-content\\\/plugins\\\/hub-core\\\/assets\\\/vendors\\\/animated-icons\\\/svg\\\/arrows_fit_horizontal.svg\",\"color\":\"rgb(241, 153, 33)\",\"hoverColor\":\"rgb(5, 5, 5)\"}'  data-slideelement-onhover=\"true\" data-slideelement-options='{ \"visibleElement\": \".iconbox-icon-wrap, p, h3\", \"hiddenElement\": \".btn\", \"alignMid\": true }'>\n\t\n\t\t\t\t\t\n\t\n\t<div class=\"iconbox-icon-wrap\"><span class=\"iconbox-icon-container\"><\/span><\/div>\t\n\t<h3 class=\"lqd-iconbox-title \">%100<\/h3>\t\n\t<div class=\"contents\">\t\n\t\t\n\t\t<p>Tesis Edilen Yas\u0327am Alan\u0131<\/p>\n\t\t\n\t<\/div>\t\n\t\n<\/div>\n[\/vc_column_inner][\/vc_row_inner][\/vc_column][vc_column width=&#8221;2\/5&#8243;]<div id=\"ld_images_group_container_6a04f0f8d50ef\" class=\"lqd-imggrp-container ld_images_group_container_6a04f0f8d50ef\"   >\n\t<div class=\"lqd-imggrp-inner\">\n\t\t<p><style>.ld_images_group_element_6a04f0f8d5844 {left:21% !important;  } .ld_images_group_element_6a04f0f8d5844 {left:21% !important;  } <\/style><div id=\"ld_images_group_element_6a04f0f8d5844\" class=\"lqd-imggrp-single ld_images_group_element_6a04f0f8d5844\" data-shadow-style=\"4\" data-roundness=\"8\" data-inview=\"true\" data-animate-shadow=\"true\" data-hover3d=\"true\"  >\n\t\n\t<div class=\"lqd-imggrp-img-container\" data-stacking-factor=\"1\"   >\n\t\t\n\t\t\t\t\n\t\t\t\t<figure ><img loading=\"lazy\" decoding=\"async\" width=\"368\" height=\"438\" src=\"https:\/\/www.klimatopturkey.com\/en\/wp-content\/uploads\/2022\/04\/hakkimizda-1-img.jpg\" srcset=\"https:\/\/www.klimatopturkey.com\/en\/wp-content\/uploads\/2022\/04\/hakkimizda-1-img-252x300.jpg 252w, https:\/\/www.klimatopturkey.com\/en\/wp-content\/uploads\/2022\/04\/hakkimizda-1-img.jpg 460w\" class=\"\" alt=\"\" \/><\/figure>\t\t\t\t\t\t\t\t\n\t<\/div><!-- \/.lqd-imggrp-content -->\n<\/div><!-- \/.lqd-imggrp-single --><style>.ld_images_group_element_6a04f0f8d6cc0{position:absolute;}.ld_images_group_element_6a04f0f8d6cc0 {top:35% !important; right:35% !important;  } .ld_images_group_element_6a04f0f8d6cc0 {top:35% !important; right:35% !important;  } <\/style><div id=\"ld_images_group_element_6a04f0f8d6cc0\" class=\"lqd-imggrp-single ld_images_group_element_6a04f0f8d6cc0\" data-shadow-style=\"4\" data-roundness=\"8\" data-inview=\"true\" data-inview-options='{\"delayTime\":250}' data-animate-shadow=\"true\" data-hover3d=\"true\"  >\n\t\n\t<div class=\"lqd-imggrp-img-container\" data-stacking-factor=\"1\"   >\n\t\t\n\t\t\t\t\n\t\t\t\t<figure ><img loading=\"lazy\" decoding=\"async\" width=\"299\" height=\"356\" src=\"https:\/\/www.klimatopturkey.com\/en\/wp-content\/uploads\/2022\/04\/hakkimizda-3-img.jpg\" srcset=\"https:\/\/www.klimatopturkey.com\/en\/wp-content\/uploads\/2022\/04\/hakkimizda-3-img-252x300.jpg 252w, https:\/\/www.klimatopturkey.com\/en\/wp-content\/uploads\/2022\/04\/hakkimizda-3-img.jpg 460w\" class=\"\" alt=\"\" \/><\/figure>\t\t\t\t\t\t\t\t\n\t<\/div><!-- \/.lqd-imggrp-content -->\n<\/div><!-- \/.lqd-imggrp-single --><\/p>\n\t\n\t<\/div><!-- \/.lqd-imggrp-inner -->\n<\/div><!-- \/.lqd-imggrp-container -->[\/vc_column][\/vc_row][vc_row parallax=&#8221;enable_parallax&#8221; enable_content_animation=&#8221;yes&#8221; ca_init_scale_x=&#8221;1.2&#8243; ca_init_scale_y=&#8221;1.2&#8243; ca_init_opacity=&#8221;0&#8243; ca_an_scale_x=&#8221;1&#8243; ca_an_scale_y=&#8221;1&#8243; ca_an_opacity=&#8221;1&#8243; enable_overlay=&#8221;yes&#8221; css=&#8221;.vc_custom_1649111144603{padding-top: 70px !important;padding-bottom: 70px !important;background-image: url(https:\/\/www.klimatopturkey.com\/en\/wp-content\/uploads\/2022\/03\/yorum-bg.jpg?id=10825) !important;background-position: center;background-repeat: no-repeat !important;background-size: cover !important;}&#8221; responsive_css=&#8221;margin_top_large:100px|margin_bottom_large:100px&#8221; ca_duration=&#8221;1800&#8243; ca_delay=&#8221;180&#8243; ca_init_translate_x=&#8221;100&#8243; ca_init_rotate_y=&#8221;60&#8243; overlay_bg=&#8221;rgba(0, 0, 0, 0.44)&#8221;][vc_column width=&#8221;3\/5&#8243;][\/vc_column][vc_column row_scale_bg_onhover=&#8221;yes&#8221; enable_backdrop_filter=&#8221;yes&#8221; width=&#8221;2\/5&#8243; enable_column_shadowbox=&#8221;yes&#8221; enable_content_animation=&#8221;yes&#8221; ca_init_scale_x=&#8221;1&#8243; ca_init_scale_y=&#8221;1&#8243; ca_init_opacity=&#8221;0&#8243; ca_an_scale_x=&#8221;1&#8243; ca_an_scale_y=&#8221;1&#8243; ca_an_opacity=&#8221;1&#8243; backfilter_blur=&#8221;0&#8243; backfilter_saturation=&#8221;1&#8243; backfilter_brightness=&#8221;1&#8243; backfilter_contrast=&#8221;1&#8243; backfilter_grayscale=&#8221;0&#8243; backfilter_hue=&#8221;0&#8243; backfilter_sepia=&#8221;1&#8243; backfilter_opacity=&#8221;1&#8243; css=&#8221;.vc_custom_1649077197089{padding-top: 55px !important;padding-right: 30px !important;padding-bottom: 55px !important;padding-left: 30px !important;background-color: #ffffff !important;border-radius: 10px !important;}&#8221; responsive_css=&#8221;padding_right_medium:50px|padding_left_medium:50px|padding_right_small:30px|padding_left_small:30px&#8221; column_box_shadow=&#8221;%5B%7B%22x_offset%22%3A%220px%22%2C%22y_offset%22%3A%2220px%22%2C%22blur_radius%22%3A%2260px%22%2C%22shadow_color%22%3A%22rgba(0%2C%200%2C%200%2C%200.01)%22%7D%5D&#8221; ca_duration=&#8221;1800&#8243; ca_delay=&#8221;180&#8243; ca_start_delay=&#8221;500&#8243; ca_init_translate_y=&#8221;35&#8243;][vc_row_inner css=&#8221;.vc_custom_1649074332672{margin-bottom: -30px !important;}&#8221;][vc_column_inner responsive_align=&#8221;text-lg-left&#8221;]<style>.ld_icon_box_6a04f0f8d80d1 .iconbox-icon-container{color:rgb(241, 153, 33);margin-inline-end:10px !important;border-radius:px;}.ld_icon_box_6a04f0f8d80d1 .lqd-iconbox-title{margin-bottom:px;font-size:36px;}.ld_icon_box_6a04f0f8d80d1 .iconbox-icon-container img,.ld_icon_box_6a04f0f8d80d1 .iconbox-icon-container > svg{width:44px !important;}<\/style>\n<div class=\"iconbox iconbox-inline text-left align-items-center ld_icon_box_6a04f0f8d80d1\" id=\"ld_icon_box_6a04f0f8d80d1\"  data-animated-svg=\"true\" data-animate-icon=\"true\" data-plugin-options='{\"file\":\"https:\\\/\\\/www.klimatopturkey.com\\\/en\\\/wp-content\\\/plugins\\\/hub-core\\\/assets\\\/vendors\\\/animated-icons\\\/svg\\\/ecommerce_diamond.svg\",\"color\":\"rgb(241, 153, 33)\"}'  >\n\t\n\t\t\t\t\t\n\t\n\t<div class=\"iconbox-icon-wrap\"><span class=\"iconbox-icon-container\"><\/span><\/div>\t\n\t<h3 class=\"lqd-iconbox-title font-weight-semibold\">Uzman Ekip<\/h3>\t\n\t\t\n\t\t\n\t\t\t\t\n\t\t\n\t\n<\/div>\n[\/vc_column_inner][\/vc_row_inner][vc_column_text css=&#8221;.vc_custom_1649103628007{margin-top: 10px !important;}&#8221;]Is\u0131tma ve so\u011futma y\u00fck hesab\u0131 uzman m\u00fchendislerimiz taraf\u0131ndan projenize uygun olarak hesaplanmakta ve sistemin garantisi uzman ekibimiz taraf\u0131ndan taraf\u0131n\u0131za verilmektedir.[\/vc_column_text][\/vc_column][\/vc_row][vc_row content_placement=&#8221;middle&#8221; responsive_css=&#8221;margin_bottom_large:50px&#8221;][vc_column width=&#8221;3\/5&#8243;][vc_row_inner css=&#8221;.vc_custom_1649081597008{margin-top: -16px !important;}&#8221;][vc_column_inner]<style>.ld_fancy_heading_6a04f0f8e7e5b .lqd-highlight-inner{height:0.275em!important;bottom:0px!important;}<\/style><div class=\"ld-fancy-heading ld_fancy_heading_6a04f0f8e7e5b\">\n\t<h2 class=\"ld-fh-element lqd-highlight-underline lqd-highlight-grow-left text-decoration-default\"   >  Hi\u00e7 Bir \u015eeyden Vazge\u00e7meden Yenilemek ve Kaplamak<\/h2><\/div>[\/vc_column_inner][\/vc_row_inner][vc_column_text]Tavan \u0131s\u0131tma, tu\u0308m \u0131s\u0131tma sistemleri alt\u0131nda, radyant \u0131s\u0131da en yu\u0308ksek paya sahiptir. En konforlu oda iklimi yarat\u0131r, en du\u0308s\u0327u\u0308k enerjiyi harcar ve ayr\u0131ca sog\u0306utma ic\u0327in de kullan\u0131labilir. Ancak, \u0131s\u0131tma sog\u0306utma tavanlar\u0131, bugu\u0308ne kadar sadece s\u0131n\u0131rl\u0131 s\u0327ekilde mu\u0308mku\u0308ndu\u0308. Sisteme go\u0308re, yu\u0308zey optimal olarak kullan\u0131lm\u0131yor veya akustik elemanlar ve yang\u0131n o\u0308nleme sistemleri ile kombine edilemiyordu. KlimaTop Turkey, alc\u0327\u0131pan ic\u0327in ilk kez, tam fonksiyon kapsam\u0131 ile yu\u0308ksek verimli iklim tavan\u0131 sunmaktad\u0131r.<\/p>\n<p>I\u0307klim tavan, yu\u0308zeye yak\u0131n sayac\u0327lar ile tu\u0308m tavan alan\u0131n\u0131 aktif s\u0327ekilde kullanmaktad\u0131r. Bu durumda, \u0131s\u0131tma ve sog\u0306utma ic\u0327in, oda \u0131s\u0131n\u0131n\u0131n yaklas\u0327\u0131k u\u0308stu\u0308nde veya alt\u0131nda olan ak\u0131s\u0327 s\u0131cakl\u0131g\u0306\u0131 yeterli gelmektedir. Oday\u0131 h\u0131zl\u0131 s\u0327ekilde, ayn\u0131 zamanda es\u0327it makul ve enerji verimlilig\u0306inde s\u0131cak ayar\u0131n\u0131 gerc\u0327ekles\u0327tirmektedir Yang\u0131n o\u0308nleme ve akustik, k\u0131s\u0131tlama olmaks\u0131z\u0131n, ayn\u0131 tavanda kombine edebilmektedir.[\/vc_column_text][\/vc_column][vc_column width=&#8221;2\/5&#8243;]<style>.ld_images_group_element_6a04f0f8e93ab {margin-bottom:15px !important;  } @media (min-width: 768px) { .ld_images_group_element_6a04f0f8e93ab {margin-left:45px !important;  }  } .ld_images_group_element_6a04f0f8e93ab {margin-bottom:15px !important;  } @media (min-width: 768px) { .ld_images_group_element_6a04f0f8e93ab {margin-left:45px !important;  }  } <\/style><div id=\"ld_images_group_element_6a04f0f8e93ab\" class=\"lqd-imggrp-single ld_images_group_element_6a04f0f8e93ab\"   >\n\t\n\t<div class=\"lqd-imggrp-img-container\"    >\n\t\t\n\t\t\t\t\n\t\t<div class=\"lqd-imggrp-content lqd-imggrp-content-fixed-right \"><p>KlimaTop Turkey \u0130klim Tavan Teknolojisi \u0130le Tan\u0131\u015f\u0131n<\/p><\/div>\t\t<figure ><img loading=\"lazy\" decoding=\"async\" width=\"580\" height=\"546\" src=\"https:\/\/www.klimatopturkey.com\/en\/wp-content\/uploads\/2022\/04\/hak-img-alt.jpg\" srcset=\"https:\/\/www.klimatopturkey.com\/en\/wp-content\/uploads\/2022\/04\/hak-img-alt-300x282.jpg 300w, https:\/\/www.klimatopturkey.com\/en\/wp-content\/uploads\/2022\/04\/hak-img-alt.jpg 580w\" class=\"\" alt=\"\" \/><\/figure>\t\t\t\t\t\t\t\t\n\t<\/div><!-- \/.lqd-imggrp-content -->\n<\/div><!-- \/.lqd-imggrp-single -->[\/vc_column][\/vc_row]<\/p>\n","protected":false},"excerpt":{"rendered":"<p>[vc_row gap=&#8221;25&#8243; content_placement=&#8221;middle&#8221; responsive_css=&#8221;margin_top_large:50px|margin_bottom_large:80px&#8221;][vc_column width=&#8221;3\/5&#8243;][vc_column_text]KlimaTop 2010 senesinden itibaren Almanya merkezli olarak Almanya\u2019da ve Avrupa\u2019n\u0131n muhtelif \u00fclkelerinde iklimlendirme sistemleri \u00fczerine \u00e7al\u0131\u015fmakta olup geli\u015ftirdi\u011fi sistem ile Avrupa Birli\u011fi \u00fclkelerinde standart hale gelmi\u015ftir. Firmam\u0131z iklimlendirme sistemleri \u00fczerine kendi patenti ile \u00e7al\u0131\u015fmakta olup benzer i\u015f konular\u0131nda iddial\u0131 firmalar aras\u0131nda zirvede yerini korumaktad\u0131r. Almanya merkezli patent \u015fu anda d\u00fcnyan\u0131n 33 [&hellip;]<\/p>\n","protected":false},"author":1,"featured_media":0,"parent":9725,"menu_order":0,"comment_status":"closed","ping_status":"closed","template":"","meta":{"footnotes":""},"class_list":["post-10520","page","type-page","status-publish","hentry"],"aioseo_notices":[],"_links":{"self":[{"href":"https:\/\/www.klimatopturkey.com\/en\/wp-json\/wp\/v2\/pages\/10520","targetHints":{"allow":["GET"]}}],"collection":[{"href":"https:\/\/www.klimatopturkey.com\/en\/wp-json\/wp\/v2\/pages"}],"about":[{"href":"https:\/\/www.klimatopturkey.com\/en\/wp-json\/wp\/v2\/types\/page"}],"author":[{"embeddable":true,"href":"https:\/\/www.klimatopturkey.com\/en\/wp-json\/wp\/v2\/users\/1"}],"replies":[{"embeddable":true,"href":"https:\/\/www.klimatopturkey.com\/en\/wp-json\/wp\/v2\/comments?post=10520"}],"version-history":[{"count":0,"href":"https:\/\/www.klimatopturkey.com\/en\/wp-json\/wp\/v2\/pages\/10520\/revisions"}],"up":[{"embeddable":true,"href":"https:\/\/www.klimatopturkey.com\/en\/wp-json\/wp\/v2\/pages\/9725"}],"wp:attachment":[{"href":"https:\/\/www.klimatopturkey.com\/en\/wp-json\/wp\/v2\/media?parent=10520"}],"curies":[{"name":"wp","href":"https:\/\/api.w.org\/{rel}","templated":true}]}}